{"id":36,"date":"2022-08-23T14:23:17","date_gmt":"2022-08-23T14:23:17","guid":{"rendered":"https:\/\/sprayify.me\/privacy\/"},"modified":"2023-03-22T15:37:59","modified_gmt":"2023-03-22T15:37:59","slug":"privacy","status":"publish","type":"page","link":"https:\/\/sprayify.me\/en\/privacy\/","title":{"rendered":"Privacy"},"content":{"rendered":"\t\t<div data-elementor-type=\"wp-page\" data-elementor-id=\"36\" class=\"elementor elementor-36\" data-elementor-post-type=\"page\">\n\t\t\t\t\t\t<section class=\"elementor-section elementor-top-section elementor-element elementor-element-2ecfd3f7 elementor-section-boxed elementor-section-height-default elementor-section-height-default rael-particle-no\" data-id=\"2ecfd3f7\" data-element_type=\"section\" data-settings=\"{&quot;background_background&quot;:&quot;classic&quot;}\">\n\t\t\t\t\t\t<div class=\"elementor-container elementor-column-gap-default\">\n\t\t\t\t\t<div class=\"elementor-column elementor-col-100 elementor-top-column elementor-element elementor-element-2fa72d30 rael-particle-no\" data-id=\"2fa72d30\" data-element_type=\"column\">\n\t\t\t<div class=\"elementor-widget-wrap elementor-element-populated\">\n\t\t\t\t\t\t<div class=\"elementor-element elementor-element-a133133 elementor-widget elementor-widget-heading\" data-id=\"a133133\" data-element_type=\"widget\" data-widget_type=\"heading.default\">\n\t\t\t\t<div class=\"elementor-widget-container\">\n\t\t\t\t\t<h1 class=\"elementor-heading-title elementor-size-default\"><h2 data-elementor-setting-key=\"title\" data-pen-placeholder=\"Type Here...\" style=\"font-family: var( --e-global-typography-392b9e0-font-family ), Sans-serif;font-weight: var( --e-global-typography-392b9e0-font-weight );line-height: var( --e-global-typography-392b9e0-line-height );font-size: var( --e-global-typography-392b9e0-font-size );text-transform: var( --e-global-typography-392b9e0-text-transform );font-style: normal;letter-spacing: normal\">Terms &amp; Privacy<\/h2><\/h1>\t\t\t\t<\/div>\n\t\t\t\t<\/div>\n\t\t\t\t<div class=\"elementor-element elementor-element-37d9e984 elementor-widget elementor-widget-heading\" data-id=\"37d9e984\" data-element_type=\"widget\" data-widget_type=\"heading.default\">\n\t\t\t\t<div class=\"elementor-widget-container\">\n\t\t\t\t\t<h2 class=\"elementor-heading-title elementor-size-default\">Privacy &amp; Cookies<\/h2>\t\t\t\t<\/div>\n\t\t\t\t<\/div>\n\t\t\t\t<div class=\"elementor-element elementor-element-1fe4656c elementor-widget elementor-widget-text-editor\" data-id=\"1fe4656c\" data-element_type=\"widget\" data-widget_type=\"text-editor.default\">\n\t\t\t\t<div class=\"elementor-widget-container\">\n\t\t\t\t\t\t\t\t\t<p>Privacy Policy <br \/>Last Updated On 10-Feb-2023 <br \/>Effective Date 10-Feb-2023<\/p><p>This Privacy Policy describes the policies of Sprayify SIA, Br\u0101\u013cu Kaudz\u012b\u0161u iela 9 &#8211; 1, R\u012bga LV-1082, Latvia, email: info@sprayify.me, phone: +37125438966 on the collection, use and disclosure of your information that we collect when you use our website ( https:\/\/sprayify.me\/ ). (the \u201cService\u201d). By accessing or using the Service, you are consenting to the collection, use and disclosure of your information in accordance with this Privacy Policy. If you do not consent to the same, please do not access or use the Service. <br \/>We may modify this Privacy Policy at any time without any prior notice to you and will post the revised Privacy Policy on the Service. The revised Policy will be effective 180 days from when the revised Policy is posted in the Service and your continued access or use of the Service after such time will constitute your acceptance of the revised Privacy Policy. We therefore recommend that you periodically review this page.<\/p><p>How We Use Your Information: <br \/>We will use the information that we collect about you for the following purposes:<\/p><p>Marketing\/ Promotional<br \/>Testimonals<br \/>Processing payment<br \/>Targeted advertising<br \/>Manage customer order<br \/>Site protection<br \/>If we want to use your information for any other purpose, we will ask you for consent and will use your information only on receiving your consent and then, only for the purpose(s) for which grant consent unless we are required to do otherwise by law.<\/p><p>How We Share Your Information: <br \/>We will not transfer your personal information to any third party without seeking your consent, except in limited circumstances as described below:<\/p><p>Ad service<br \/>Analytics<br \/>We require such third party\u2019s to use the personal information we transfer to them only for the purpose for which it was transferred and not to retain it for longer than is required for fulfilling the said purpose. <br \/>We may also disclose your personal information for the following: (1) to comply with applicable law, regulation, court order or other legal process; (2) to enforce your agreements with us, including this Privacy Policy; or (3) to respond to claims that your use of the Service violates any third-party rights. If the Service or our company is merged or acquired with another company, your information will be one of the assets that is transferred to the new owner.<\/p><p>Your Rights: <br \/>Depending on the law that applies, you may have a right to access and rectify or erase your personal data or receive a copy of your personal data, restrict or object to the active processing of your data, ask us to share (port) your personal information to another entity, withdraw any consent you provided to us to process your data, a right to lodge a complaint with a statutory authority and such other rights as may be relevant under applicable laws. To exercise these rights, you can write to us at info@sprayify.me. We will respond to your request in accordance with applicable law. <br \/>Do note that if you do not allow us to collect or process the required personal information or withdraw the consent to process the same for the required purposes, you may not be able to access or use the services for which your information was sought.<\/p><p>Cookies Etc. <br \/>To learn more about how we use these and your choices in relation to these tracking technologies, please refer to our Cookie Policy.<\/p><p>Security: <br \/>The security of your information is important to us and we will use reasonable security measures to prevent the loss, misuse or unauthorized alteration of your information under our control. However, given the inherent risks, we cannot guarantee absolute security and consequently, we cannot ensure or warrant the security of any information you transmit to us and you do so at your own risk.<\/p><p>Grievance \/ Data Protection Officer: <br \/>If you have any queries or concerns about the processing of your information that is available with us, you may email our Grievance Officer at Sprayify SIA, Br\u0101\u013cu Kaudz\u012b\u0161u iela 9 &#8211; 1, email: info@sprayify.me. We will address your concerns in accordance with applicable law.<\/p>\t\t\t\t\t\t\t\t<\/div>\n\t\t\t\t<\/div>\n\t\t\t\t\t<\/div>\n\t\t<\/div>\n\t\t\t\t\t<\/div>\n\t\t<\/section>\n\t\t\t\t<section class=\"elementor-section elementor-top-section elementor-element elementor-element-4f64a475 elementor-section-boxed elementor-section-height-default elementor-section-height-default rael-particle-no\" data-id=\"4f64a475\" data-element_type=\"section\" data-settings=\"{&quot;background_background&quot;:&quot;classic&quot;}\">\n\t\t\t\t\t\t<div class=\"elementor-container elementor-column-gap-default\">\n\t\t\t\t\t<div class=\"elementor-column elementor-col-100 elementor-top-column elementor-element elementor-element-7b3793ca rael-particle-no\" data-id=\"7b3793ca\" data-element_type=\"column\">\n\t\t\t<div class=\"elementor-widget-wrap elementor-element-populated\">\n\t\t\t\t\t\t<div class=\"elementor-element elementor-element-28fe44f7 elementor-widget elementor-widget-heading\" data-id=\"28fe44f7\" data-element_type=\"widget\" data-widget_type=\"heading.default\">\n\t\t\t\t<div class=\"elementor-widget-container\">\n\t\t\t\t\t<h2 class=\"elementor-heading-title elementor-size-default\">Terms of Use<\/h2>\t\t\t\t<\/div>\n\t\t\t\t<\/div>\n\t\t\t\t<div class=\"elementor-element elementor-element-11c1ff44 elementor-align-start elementor-widget__width-initial elementor-icon-list--layout-traditional elementor-list-item-link-full_width elementor-widget elementor-widget-icon-list\" data-id=\"11c1ff44\" data-element_type=\"widget\" data-widget_type=\"icon-list.default\">\n\t\t\t\t<div class=\"elementor-widget-container\">\n\t\t\t\t\t\t\t<ul class=\"elementor-icon-list-items\">\n\t\t\t\t\t\t\t<li class=\"elementor-icon-list-item\">\n\t\t\t\t\t\t\t\t\t\t\t<span class=\"elementor-icon-list-icon\">\n\t\t\t\t\t\t\t<svg aria-hidden=\"true\" class=\"e-font-icon-svg e-fas-stop\" viewBox=\"0 0 448 512\" xmlns=\"http:\/\/www.w3.org\/2000\/svg\"><path d=\"M400 32H48C21.5 32 0 53.5 0 80v352c0 26.5 21.5 48 48 48h352c26.5 0 48-21.5 48-48V80c0-26.5-21.5-48-48-48z\"><\/path><\/svg>\t\t\t\t\t\t<\/span>\n\t\t\t\t\t\t\t\t\t\t<span class=\"elementor-icon-list-text\"><span style=\"white-space: normal\">This section is in a development phase. For now, please use our site responsibly :).<\/span><\/span>\n\t\t\t\t\t\t\t\t\t<\/li>\n\t\t\t\t\t\t<\/ul>\n\t\t\t\t\t\t<\/div>\n\t\t\t\t<\/div>\n\t\t\t\t\t<\/div>\n\t\t<\/div>\n\t\t\t\t\t<\/div>\n\t\t<\/section>\n\t\t\t\t<\/div>\n\t\t","protected":false},"excerpt":{"rendered":"<p>Terms &amp; Privacy Privacy &#038; Cookies Privacy Policy Last Updated On 10-Feb-2023 Effective Date 10-Feb-2023 This Privacy Policy describes the policies of Sprayify SIA, Br\u0101\u013cu Kaudz\u012b\u0161u iela 9 &#8211; 1, R\u012bga LV-1082, Latvia, email: info@sprayify.me, phone: +37125438966 on the collection, use and disclosure of your information that we collect when you use our website ( [&hellip;]<\/p>\n","protected":false},"author":2143,"featured_media":39,"parent":0,"menu_order":0,"comment_status":"closed","ping_status":"closed","template":"elementor_header_footer","meta":{"om_disable_all_campaigns":false,"footnotes":""},"class_list":["post-36","page","type-page","status-publish","has-post-thumbnail","hentry"],"yoast_head":"<!-- This site is optimized with the Yoast SEO plugin v26.2 - https:\/\/yoast.com\/wordpress\/plugins\/seo\/ -->\n<title>Privacy - Sprayify<\/title>\n<meta name=\"robots\" content=\"index, follow, max-snippet:-1, max-image-preview:large, max-video-preview:-1\" \/>\n<link rel=\"canonical\" href=\"https:\/\/sprayify.me\/en\/privacy\/\" \/>\n<meta property=\"og:locale\" content=\"en_US\" \/>\n<meta property=\"og:type\" content=\"article\" \/>\n<meta property=\"og:title\" content=\"Privacy - Sprayify\" \/>\n<meta property=\"og:description\" content=\"Terms &amp; Privacy Privacy &#038; Cookies Privacy Policy Last Updated On 10-Feb-2023 Effective Date 10-Feb-2023 This Privacy Policy describes the policies of Sprayify SIA, Br\u0101\u013cu Kaudz\u012b\u0161u iela 9 &#8211; 1, R\u012bga LV-1082, Latvia, email: info@sprayify.me, phone: +37125438966 on the collection, use and disclosure of your information that we collect when you use our website ( [&hellip;]\" \/>\n<meta property=\"og:url\" content=\"https:\/\/sprayify.me\/en\/privacy\/\" \/>\n<meta property=\"og:site_name\" content=\"Sprayify\" \/>\n<meta property=\"article:publisher\" content=\"https:\/\/www.facebook.com\/Sprayify.me\" \/>\n<meta property=\"article:modified_time\" content=\"2023-03-22T15:37:59+00:00\" \/>\n<meta property=\"og:image\" content=\"https:\/\/sprayify.me\/wp-content\/uploads\/2022\/08\/Term-of-USe.jpg\" \/>\n\t<meta property=\"og:image:width\" content=\"400\" \/>\n\t<meta property=\"og:image:height\" content=\"380\" \/>\n\t<meta property=\"og:image:type\" content=\"image\/jpeg\" \/>\n<meta name=\"twitter:card\" content=\"summary_large_image\" \/>\n<meta name=\"twitter:label1\" content=\"Est. reading time\" \/>\n\t<meta name=\"twitter:data1\" content=\"3 minutes\" \/>\n<script type=\"application\/ld+json\" class=\"yoast-schema-graph\">{\"@context\":\"https:\/\/schema.org\",\"@graph\":[{\"@type\":\"WebPage\",\"@id\":\"https:\/\/sprayify.me\/lv\/privacy\/\",\"url\":\"https:\/\/sprayify.me\/lv\/privacy\/\",\"name\":\"Privacy - Sprayify\",\"isPartOf\":{\"@id\":\"https:\/\/sprayify.me\/en\/#website\"},\"primaryImageOfPage\":{\"@id\":\"https:\/\/sprayify.me\/lv\/privacy\/#primaryimage\"},\"image\":{\"@id\":\"https:\/\/sprayify.me\/lv\/privacy\/#primaryimage\"},\"thumbnailUrl\":\"https:\/\/sprayify.me\/wp-content\/uploads\/2022\/08\/Term-of-USe.jpg\",\"datePublished\":\"2022-08-23T14:23:17+00:00\",\"dateModified\":\"2023-03-22T15:37:59+00:00\",\"breadcrumb\":{\"@id\":\"https:\/\/sprayify.me\/lv\/privacy\/#breadcrumb\"},\"inLanguage\":\"en-US\",\"potentialAction\":[{\"@type\":\"ReadAction\",\"target\":[\"https:\/\/sprayify.me\/lv\/privacy\/\"]}]},{\"@type\":\"ImageObject\",\"inLanguage\":\"en-US\",\"@id\":\"https:\/\/sprayify.me\/lv\/privacy\/#primaryimage\",\"url\":\"https:\/\/sprayify.me\/wp-content\/uploads\/2022\/08\/Term-of-USe.jpg\",\"contentUrl\":\"https:\/\/sprayify.me\/wp-content\/uploads\/2022\/08\/Term-of-USe.jpg\",\"width\":400,\"height\":380},{\"@type\":\"BreadcrumbList\",\"@id\":\"https:\/\/sprayify.me\/lv\/privacy\/#breadcrumb\",\"itemListElement\":[{\"@type\":\"ListItem\",\"position\":1,\"name\":\"Home\",\"item\":\"https:\/\/sprayify.me\/en\/\"},{\"@type\":\"ListItem\",\"position\":2,\"name\":\"Privacy\"}]},{\"@type\":\"WebSite\",\"@id\":\"https:\/\/sprayify.me\/en\/#website\",\"url\":\"https:\/\/sprayify.me\/en\/\",\"name\":\"Sprayify\",\"description\":\"Antimicrobial Coatings\",\"publisher\":{\"@id\":\"https:\/\/sprayify.me\/en\/#organization\"},\"potentialAction\":[{\"@type\":\"SearchAction\",\"target\":{\"@type\":\"EntryPoint\",\"urlTemplate\":\"https:\/\/sprayify.me\/en\/?s={search_term_string}\"},\"query-input\":{\"@type\":\"PropertyValueSpecification\",\"valueRequired\":true,\"valueName\":\"search_term_string\"}}],\"inLanguage\":\"en-US\"},{\"@type\":\"Organization\",\"@id\":\"https:\/\/sprayify.me\/en\/#organization\",\"name\":\"Sprayify SIA\",\"url\":\"https:\/\/sprayify.me\/en\/\",\"logo\":{\"@type\":\"ImageObject\",\"inLanguage\":\"en-US\",\"@id\":\"https:\/\/sprayify.me\/en\/#\/schema\/logo\/image\/\",\"url\":\"https:\/\/sprayify.me\/wp-content\/uploads\/2022\/11\/cropped-cropped-Sprayify-Logo-Dark.png\",\"contentUrl\":\"https:\/\/sprayify.me\/wp-content\/uploads\/2022\/11\/cropped-cropped-Sprayify-Logo-Dark.png\",\"width\":722,\"height\":390,\"caption\":\"Sprayify SIA\"},\"image\":{\"@id\":\"https:\/\/sprayify.me\/en\/#\/schema\/logo\/image\/\"},\"sameAs\":[\"https:\/\/www.facebook.com\/Sprayify.me\",\"https:\/\/www.instagram.com\/sprayify_me\/\",\"https:\/\/www.linkedin.com\/company\/sprayify\/\",\"https:\/\/www.tiktok.com\/@sprayify_me\"]}]}<\/script>\n<!-- \/ Yoast SEO plugin. -->","yoast_head_json":{"title":"Privacy - Sprayify","robots":{"index":"index","follow":"follow","max-snippet":"max-snippet:-1","max-image-preview":"max-image-preview:large","max-video-preview":"max-video-preview:-1"},"canonical":"https:\/\/sprayify.me\/en\/privacy\/","og_locale":"en_US","og_type":"article","og_title":"Privacy - Sprayify","og_description":"Terms &amp; Privacy Privacy &#038; Cookies Privacy Policy Last Updated On 10-Feb-2023 Effective Date 10-Feb-2023 This Privacy Policy describes the policies of Sprayify SIA, Br\u0101\u013cu Kaudz\u012b\u0161u iela 9 &#8211; 1, R\u012bga LV-1082, Latvia, email: info@sprayify.me, phone: +37125438966 on the collection, use and disclosure of your information that we collect when you use our website ( [&hellip;]","og_url":"https:\/\/sprayify.me\/en\/privacy\/","og_site_name":"Sprayify","article_publisher":"https:\/\/www.facebook.com\/Sprayify.me","article_modified_time":"2023-03-22T15:37:59+00:00","og_image":[{"width":400,"height":380,"url":"https:\/\/sprayify.me\/wp-content\/uploads\/2022\/08\/Term-of-USe.jpg","type":"image\/jpeg"}],"twitter_card":"summary_large_image","twitter_misc":{"Est. reading time":"3 minutes"},"schema":{"@context":"https:\/\/schema.org","@graph":[{"@type":"WebPage","@id":"https:\/\/sprayify.me\/lv\/privacy\/","url":"https:\/\/sprayify.me\/lv\/privacy\/","name":"Privacy - Sprayify","isPartOf":{"@id":"https:\/\/sprayify.me\/en\/#website"},"primaryImageOfPage":{"@id":"https:\/\/sprayify.me\/lv\/privacy\/#primaryimage"},"image":{"@id":"https:\/\/sprayify.me\/lv\/privacy\/#primaryimage"},"thumbnailUrl":"https:\/\/sprayify.me\/wp-content\/uploads\/2022\/08\/Term-of-USe.jpg","datePublished":"2022-08-23T14:23:17+00:00","dateModified":"2023-03-22T15:37:59+00:00","breadcrumb":{"@id":"https:\/\/sprayify.me\/lv\/privacy\/#breadcrumb"},"inLanguage":"en-US","potentialAction":[{"@type":"ReadAction","target":["https:\/\/sprayify.me\/lv\/privacy\/"]}]},{"@type":"ImageObject","inLanguage":"en-US","@id":"https:\/\/sprayify.me\/lv\/privacy\/#primaryimage","url":"https:\/\/sprayify.me\/wp-content\/uploads\/2022\/08\/Term-of-USe.jpg","contentUrl":"https:\/\/sprayify.me\/wp-content\/uploads\/2022\/08\/Term-of-USe.jpg","width":400,"height":380},{"@type":"BreadcrumbList","@id":"https:\/\/sprayify.me\/lv\/privacy\/#breadcrumb","itemListElement":[{"@type":"ListItem","position":1,"name":"Home","item":"https:\/\/sprayify.me\/en\/"},{"@type":"ListItem","position":2,"name":"Privacy"}]},{"@type":"WebSite","@id":"https:\/\/sprayify.me\/en\/#website","url":"https:\/\/sprayify.me\/en\/","name":"Sprayify","description":"Antimicrobial Coatings","publisher":{"@id":"https:\/\/sprayify.me\/en\/#organization"},"potentialAction":[{"@type":"SearchAction","target":{"@type":"EntryPoint","urlTemplate":"https:\/\/sprayify.me\/en\/?s={search_term_string}"},"query-input":{"@type":"PropertyValueSpecification","valueRequired":true,"valueName":"search_term_string"}}],"inLanguage":"en-US"},{"@type":"Organization","@id":"https:\/\/sprayify.me\/en\/#organization","name":"Sprayify SIA","url":"https:\/\/sprayify.me\/en\/","logo":{"@type":"ImageObject","inLanguage":"en-US","@id":"https:\/\/sprayify.me\/en\/#\/schema\/logo\/image\/","url":"https:\/\/sprayify.me\/wp-content\/uploads\/2022\/11\/cropped-cropped-Sprayify-Logo-Dark.png","contentUrl":"https:\/\/sprayify.me\/wp-content\/uploads\/2022\/11\/cropped-cropped-Sprayify-Logo-Dark.png","width":722,"height":390,"caption":"Sprayify SIA"},"image":{"@id":"https:\/\/sprayify.me\/en\/#\/schema\/logo\/image\/"},"sameAs":["https:\/\/www.facebook.com\/Sprayify.me","https:\/\/www.instagram.com\/sprayify_me\/","https:\/\/www.linkedin.com\/company\/sprayify\/","https:\/\/www.tiktok.com\/@sprayify_me"]}]}},"jetpack_sharing_enabled":true,"_links":{"self":[{"href":"https:\/\/sprayify.me\/en\/wp-json\/wp\/v2\/pages\/36","targetHints":{"allow":["GET"]}}],"collection":[{"href":"https:\/\/sprayify.me\/en\/wp-json\/wp\/v2\/pages"}],"about":[{"href":"https:\/\/sprayify.me\/en\/wp-json\/wp\/v2\/types\/page"}],"author":[{"embeddable":true,"href":"https:\/\/sprayify.me\/en\/wp-json\/wp\/v2\/users\/2143"}],"replies":[{"embeddable":true,"href":"https:\/\/sprayify.me\/en\/wp-json\/wp\/v2\/comments?post=36"}],"version-history":[{"count":21,"href":"https:\/\/sprayify.me\/en\/wp-json\/wp\/v2\/pages\/36\/revisions"}],"predecessor-version":[{"id":543,"href":"https:\/\/sprayify.me\/en\/wp-json\/wp\/v2\/pages\/36\/revisions\/543"}],"wp:featuredmedia":[{"embeddable":true,"href":"https:\/\/sprayify.me\/en\/wp-json\/wp\/v2\/media\/39"}],"wp:attachment":[{"href":"https:\/\/sprayify.me\/en\/wp-json\/wp\/v2\/media?parent=36"}],"curies":[{"name":"wp","href":"https:\/\/api.w.org\/{rel}","templated":true}]}}