{"id":165,"date":"2022-10-11T16:42:28","date_gmt":"2022-10-11T16:42:28","guid":{"rendered":"https:\/\/sprayify.me\/?page_id=165"},"modified":"2022-10-11T16:52:39","modified_gmt":"2022-10-11T16:52:39","slug":"faq","status":"publish","type":"page","link":"https:\/\/sprayify.me\/lv\/faq\/","title":{"rendered":"Bie\u017e\u0101k uzdotie jaut\u0101jumi"},"content":{"rendered":"<div data-elementor-type=\"wp-page\" data-elementor-id=\"165\" class=\"elementor elementor-165\" data-elementor-post-type=\"page\">\n\t\t\t\t\t\t<section class=\"elementor-section elementor-top-section elementor-element elementor-element-eef32f1 elementor-section-boxed elementor-section-height-default elementor-section-height-default rael-particle-no\" data-id=\"eef32f1\" data-element_type=\"section\">\n\t\t\t\t\t\t<div class=\"elementor-container elementor-column-gap-default\">\n\t\t\t\t\t<div class=\"elementor-column elementor-col-100 elementor-top-column elementor-element elementor-element-688fce4 rael-particle-no\" data-id=\"688fce4\" data-element_type=\"column\">\n\t\t\t<div class=\"elementor-widget-wrap elementor-element-populated\">\n\t\t\t\t\t\t<div class=\"elementor-element elementor-element-54d1671 elementor-widget elementor-widget-toggle\" data-id=\"54d1671\" data-element_type=\"widget\" data-widget_type=\"toggle.default\">\n\t\t\t\t<div class=\"elementor-widget-container\">\n\t\t\t\t\t\t\t<div class=\"elementor-toggle\">\n\t\t\t\t\t\t\t<div class=\"elementor-toggle-item\">\n\t\t\t\t\t<div id=\"elementor-tab-title-8891\" class=\"elementor-tab-title\" data-tab=\"1\" role=\"button\" aria-controls=\"elementor-tab-content-8891\" aria-expanded=\"false\">\n\t\t\t\t\t\t\t\t\t\t\t\t<span class=\"elementor-toggle-icon elementor-toggle-icon-left\" aria-hidden=\"true\">\n\t\t\t\t\t\t\t\t\t\t\t\t\t\t\t<span class=\"elementor-toggle-icon-closed\"><svg class=\"e-font-icon-svg e-fas-caret-right\" viewbox=\"0 0 192 512\" xmlns=\"http:\/\/www.w3.org\/2000\/svg\"><path d=\"M0 384.662V127.338c0-17.818 21.543-26.741 34.142-14.142l128.662 128.662c7.81 7.81 7.81 20.474 0 28.284L34.142 398.804C21.543 411.404 0 402.48 0 384.662z\"><\/path><\/svg><\/span>\n\t\t\t\t\t\t\t\t<span class=\"elementor-toggle-icon-opened\"><svg class=\"elementor-toggle-icon-opened e-font-icon-svg e-fas-caret-up\" viewbox=\"0 0 320 512\" xmlns=\"http:\/\/www.w3.org\/2000\/svg\"><path d=\"M288.662 352H31.338c-17.818 0-26.741-21.543-14.142-34.142l128.662-128.662c7.81-7.81 20.474-7.81 28.284 0l128.662 128.662c12.6 12.599 3.676 34.142-14.142 34.142z\"><\/path><\/svg><\/span>\n\t\t\t\t\t\t\t\t\t\t\t\t\t<\/span>\n\t\t\t\t\t\t\t\t\t\t\t\t<a class=\"elementor-toggle-title\" tabindex=\"0\">Cik ilgi virsmas ir pasarg\u0101tas no v\u012brusiem un bakt\u0113rij\u0101m?<\/a>\n\t\t\t\t\t<\/div>\n\n\t\t\t\t\t<div id=\"elementor-tab-content-8891\" class=\"elementor-tab-content elementor-clearfix\" data-tab=\"1\" role=\"region\" aria-labelledby=\"elementor-tab-title-8891\"><p>P\u0113c 1 apstr\u0101des Dezosil aizsarg\u0101s virsmu 150 lieto\u0161anas reizes. Atkar\u012bb\u0101 no izmanto\u0161anas bie\u017euma publiskie durvju rokturi, galdi un pogas ir j\u0101att\u012bra reizi ned\u0113\u013c\u0101, bet reti lietojam\u0101s virsmas nevajadz\u0113tu apstr\u0101d\u0101t bie\u017e\u0101k k\u0101 reizi p\u0101ris m\u0113ne\u0161os.<\/p><\/div>\n\t\t\t\t<\/div>\n\t\t\t\t\t\t\t<div class=\"elementor-toggle-item\">\n\t\t\t\t\t<div id=\"elementor-tab-title-8892\" class=\"elementor-tab-title\" data-tab=\"2\" role=\"button\" aria-controls=\"elementor-tab-content-8892\" aria-expanded=\"false\">\n\t\t\t\t\t\t\t\t\t\t\t\t<span class=\"elementor-toggle-icon elementor-toggle-icon-left\" aria-hidden=\"true\">\n\t\t\t\t\t\t\t\t\t\t\t\t\t\t\t<span class=\"elementor-toggle-icon-closed\"><svg class=\"e-font-icon-svg e-fas-caret-right\" viewbox=\"0 0 192 512\" xmlns=\"http:\/\/www.w3.org\/2000\/svg\"><path d=\"M0 384.662V127.338c0-17.818 21.543-26.741 34.142-14.142l128.662 128.662c7.81 7.81 7.81 20.474 0 28.284L34.142 398.804C21.543 411.404 0 402.48 0 384.662z\"><\/path><\/svg><\/span>\n\t\t\t\t\t\t\t\t<span class=\"elementor-toggle-icon-opened\"><svg class=\"elementor-toggle-icon-opened e-font-icon-svg e-fas-caret-up\" viewbox=\"0 0 320 512\" xmlns=\"http:\/\/www.w3.org\/2000\/svg\"><path d=\"M288.662 352H31.338c-17.818 0-26.741-21.543-14.142-34.142l128.662-128.662c7.81-7.81 20.474-7.81 28.284 0l128.662 128.662c12.6 12.599 3.676 34.142-14.142 34.142z\"><\/path><\/svg><\/span>\n\t\t\t\t\t\t\t\t\t\t\t\t\t<\/span>\n\t\t\t\t\t\t\t\t\t\t\t\t<a class=\"elementor-toggle-title\" tabindex=\"0\">\tK\u0101 m\u0113s zin\u0101m, ka Dezosil darbojas?<\/a>\n\t\t\t\t\t<\/div>\n\n\t\t\t\t\t<div id=\"elementor-tab-content-8892\" class=\"elementor-tab-content elementor-clearfix\" data-tab=\"2\" role=\"region\" aria-labelledby=\"elementor-tab-title-8892\"><p>M\u0113s sprie\u017eam par produkta efektivit\u0101ti, pamatojoties uz zin\u0101tnisko literat\u016bru. Turkl\u0101t m\u0113s esam veiku\u0161i biolo\u0123isko test\u0113\u0161anu. Tas par\u0101d\u012bja, ka m\u016bsu p\u0101rkl\u0101jums vien\u0101 stund\u0101 samazina alfav\u012brusu skaitu uz apstr\u0101d\u0101taj\u0101m virsm\u0101m par 99,9%.<br \/><br \/>Zin\u0101tniskie raksti:<br \/><a href=\"https:\/\/www.nature.com\/articles\/s43246-021-00153-y\">https:\/\/www.nature.com\/articles\/s43246-021-00153-y<\/a><br \/><a href=\"https:\/\/www.ncbi.nlm.nih.gov\/pmc\/articles\/PMC7558532\/\">https:\/\/www.ncbi.nlm.nih.gov\/pmc\/articles\/PMC75585&#8230;<br \/><\/a><a href=\"https:\/\/www.nature.com\/articles\/nrmicro3028\">https:\/\/www.nature.com\/articles\/nrmicro3028<\/a><\/p><\/div>\n\t\t\t\t<\/div>\n\t\t\t\t\t\t\t<div class=\"elementor-toggle-item\">\n\t\t\t\t\t<div id=\"elementor-tab-title-8893\" class=\"elementor-tab-title\" data-tab=\"3\" role=\"button\" aria-controls=\"elementor-tab-content-8893\" aria-expanded=\"false\">\n\t\t\t\t\t\t\t\t\t\t\t\t<span class=\"elementor-toggle-icon elementor-toggle-icon-left\" aria-hidden=\"true\">\n\t\t\t\t\t\t\t\t\t\t\t\t\t\t\t<span class=\"elementor-toggle-icon-closed\"><svg class=\"e-font-icon-svg e-fas-caret-right\" viewbox=\"0 0 192 512\" xmlns=\"http:\/\/www.w3.org\/2000\/svg\"><path d=\"M0 384.662V127.338c0-17.818 21.543-26.741 34.142-14.142l128.662 128.662c7.81 7.81 7.81 20.474 0 28.284L34.142 398.804C21.543 411.404 0 402.48 0 384.662z\"><\/path><\/svg><\/span>\n\t\t\t\t\t\t\t\t<span class=\"elementor-toggle-icon-opened\"><svg class=\"elementor-toggle-icon-opened e-font-icon-svg e-fas-caret-up\" viewbox=\"0 0 320 512\" xmlns=\"http:\/\/www.w3.org\/2000\/svg\"><path d=\"M288.662 352H31.338c-17.818 0-26.741-21.543-14.142-34.142l128.662-128.662c7.81-7.81 20.474-7.81 28.284 0l128.662 128.662c12.6 12.599 3.676 34.142-14.142 34.142z\"><\/path><\/svg><\/span>\n\t\t\t\t\t\t\t\t\t\t\t\t\t<\/span>\n\t\t\t\t\t\t\t\t\t\t\t\t<a class=\"elementor-toggle-title\" tabindex=\"0\">Kas notiek ar virsmu apstr\u0101des laik\u0101?<\/a>\n\t\t\t\t\t<\/div>\n\n\t\t\t\t\t<div id=\"elementor-tab-content-8893\" class=\"elementor-tab-content elementor-clearfix\" data-tab=\"3\" role=\"region\" aria-labelledby=\"elementor-tab-title-8893\"><p>Apstr\u0101des proces\u0101 uz virsmas veidojas pl\u0101ns aizsargsl\u0101nis. Tas ir bezkr\u0101sains un caursp\u012bd\u012bgs, bet m\u0113dz b\u016bt ar\u012b nedaudz balt\u0101, mat\u0113t\u0101 kr\u0101s\u0101 (atkar\u012bb\u0101 no virsmas un apstr\u0101des veida).<br \/>Tikl\u012bdz produkts ir no\u017euvis, apstr\u0101de ir pabeigta un virsma ir gatava lieto\u0161anai!<\/p><\/div>\n\t\t\t\t<\/div>\n\t\t\t\t\t\t\t<div class=\"elementor-toggle-item\">\n\t\t\t\t\t<div id=\"elementor-tab-title-8894\" class=\"elementor-tab-title\" data-tab=\"4\" role=\"button\" aria-controls=\"elementor-tab-content-8894\" aria-expanded=\"false\">\n\t\t\t\t\t\t\t\t\t\t\t\t<span class=\"elementor-toggle-icon elementor-toggle-icon-left\" aria-hidden=\"true\">\n\t\t\t\t\t\t\t\t\t\t\t\t\t\t\t<span class=\"elementor-toggle-icon-closed\"><svg class=\"e-font-icon-svg e-fas-caret-right\" viewbox=\"0 0 192 512\" xmlns=\"http:\/\/www.w3.org\/2000\/svg\"><path d=\"M0 384.662V127.338c0-17.818 21.543-26.741 34.142-14.142l128.662 128.662c7.81 7.81 7.81 20.474 0 28.284L34.142 398.804C21.543 411.404 0 402.48 0 384.662z\"><\/path><\/svg><\/span>\n\t\t\t\t\t\t\t\t<span class=\"elementor-toggle-icon-opened\"><svg class=\"elementor-toggle-icon-opened e-font-icon-svg e-fas-caret-up\" viewbox=\"0 0 320 512\" xmlns=\"http:\/\/www.w3.org\/2000\/svg\"><path d=\"M288.662 352H31.338c-17.818 0-26.741-21.543-14.142-34.142l128.662-128.662c7.81-7.81 20.474-7.81 28.284 0l128.662 128.662c12.6 12.599 3.676 34.142-14.142 34.142z\"><\/path><\/svg><\/span>\n\t\t\t\t\t\t\t\t\t\t\t\t\t<\/span>\n\t\t\t\t\t\t\t\t\t\t\t\t<a class=\"elementor-toggle-title\" tabindex=\"0\">K\u0101dus materi\u0101lus var apstr\u0101d\u0101t ar Dezosil?<\/a>\n\t\t\t\t\t<\/div>\n\n\t\t\t\t\t<div id=\"elementor-tab-content-8894\" class=\"elementor-tab-content elementor-clearfix\" data-tab=\"4\" role=\"region\" aria-labelledby=\"elementor-tab-title-8894\"><p>Ar Dezosil var apstr\u0101d\u0101t koka, met\u0101la, stikla, plastmasas un citas virsmas. Pirms lieto\u0161anas vienm\u0113r p\u0101rliecinieties, vai virsma netiks boj\u0101ta, uzkl\u0101jot p\u0101rkl\u0101jumu uz neliela t\u0101s laukuma.<\/p><\/div>\n\t\t\t\t<\/div>\n\t\t\t\t\t\t\t<div class=\"elementor-toggle-item\">\n\t\t\t\t\t<div id=\"elementor-tab-title-8895\" class=\"elementor-tab-title\" data-tab=\"5\" role=\"button\" aria-controls=\"elementor-tab-content-8895\" aria-expanded=\"false\">\n\t\t\t\t\t\t\t\t\t\t\t\t<span class=\"elementor-toggle-icon elementor-toggle-icon-left\" aria-hidden=\"true\">\n\t\t\t\t\t\t\t\t\t\t\t\t\t\t\t<span class=\"elementor-toggle-icon-closed\"><svg class=\"e-font-icon-svg e-fas-caret-right\" viewbox=\"0 0 192 512\" xmlns=\"http:\/\/www.w3.org\/2000\/svg\"><path d=\"M0 384.662V127.338c0-17.818 21.543-26.741 34.142-14.142l128.662 128.662c7.81 7.81 7.81 20.474 0 28.284L34.142 398.804C21.543 411.404 0 402.48 0 384.662z\"><\/path><\/svg><\/span>\n\t\t\t\t\t\t\t\t<span class=\"elementor-toggle-icon-opened\"><svg class=\"elementor-toggle-icon-opened e-font-icon-svg e-fas-caret-up\" viewbox=\"0 0 320 512\" xmlns=\"http:\/\/www.w3.org\/2000\/svg\"><path d=\"M288.662 352H31.338c-17.818 0-26.741-21.543-14.142-34.142l128.662-128.662c7.81-7.81 20.474-7.81 28.284 0l128.662 128.662c12.6 12.599 3.676 34.142-14.142 34.142z\"><\/path><\/svg><\/span>\n\t\t\t\t\t\t\t\t\t\t\t\t\t<\/span>\n\t\t\t\t\t\t\t\t\t\t\t\t<a class=\"elementor-toggle-title\" tabindex=\"0\">K\u0101d\u0101 temperat\u016bras diapazon\u0101 var lietot Dezosil?<\/a>\n\t\t\t\t\t<\/div>\n\n\t\t\t\t\t<div id=\"elementor-tab-content-8895\" class=\"elementor-tab-content elementor-clearfix\" data-tab=\"5\" role=\"region\" aria-labelledby=\"elementor-tab-title-8895\"><p>Dezosil var iztur\u0113t temperat\u016bru no -50\u2070C l\u012bdz +40\u2070C.<\/p><\/div>\n\t\t\t\t<\/div>\n\t\t\t\t\t\t\t<div class=\"elementor-toggle-item\">\n\t\t\t\t\t<div id=\"elementor-tab-title-8896\" class=\"elementor-tab-title\" data-tab=\"6\" role=\"button\" aria-controls=\"elementor-tab-content-8896\" aria-expanded=\"false\">\n\t\t\t\t\t\t\t\t\t\t\t\t<span class=\"elementor-toggle-icon elementor-toggle-icon-left\" aria-hidden=\"true\">\n\t\t\t\t\t\t\t\t\t\t\t\t\t\t\t<span class=\"elementor-toggle-icon-closed\"><svg class=\"e-font-icon-svg e-fas-caret-right\" viewbox=\"0 0 192 512\" xmlns=\"http:\/\/www.w3.org\/2000\/svg\"><path d=\"M0 384.662V127.338c0-17.818 21.543-26.741 34.142-14.142l128.662 128.662c7.81 7.81 7.81 20.474 0 28.284L34.142 398.804C21.543 411.404 0 402.48 0 384.662z\"><\/path><\/svg><\/span>\n\t\t\t\t\t\t\t\t<span class=\"elementor-toggle-icon-opened\"><svg class=\"elementor-toggle-icon-opened e-font-icon-svg e-fas-caret-up\" viewbox=\"0 0 320 512\" xmlns=\"http:\/\/www.w3.org\/2000\/svg\"><path d=\"M288.662 352H31.338c-17.818 0-26.741-21.543-14.142-34.142l128.662-128.662c7.81-7.81 20.474-7.81 28.284 0l128.662 128.662c12.6 12.599 3.676 34.142-14.142 34.142z\"><\/path><\/svg><\/span>\n\t\t\t\t\t\t\t\t\t\t\t\t\t<\/span>\n\t\t\t\t\t\t\t\t\t\t\t\t<a class=\"elementor-toggle-title\" tabindex=\"0\">Cik lielu plat\u012bbu es varu apstr\u0101d\u0101t ar Dezosil?<\/a>\n\t\t\t\t\t<\/div>\n\n\t\t\t\t\t<div id=\"elementor-tab-content-8896\" class=\"elementor-tab-content elementor-clearfix\" data-tab=\"6\" role=\"region\" aria-labelledby=\"elementor-tab-title-8896\"><p>Ar vienu pudeli (500 ml) varat apstr\u0101d\u0101t l\u012bdz pat 13 kvadr\u0101tmetrus gludas virsmas. Citiem v\u0101rdiem sakot:<\/p><ol><li>700 durvju rokturus<\/li><li>10 vid\u0113ja izm\u0113ra galdus<\/li><\/ol><\/div>\n\t\t\t\t<\/div>\n\t\t\t\t\t\t\t<div class=\"elementor-toggle-item\">\n\t\t\t\t\t<div id=\"elementor-tab-title-8897\" class=\"elementor-tab-title\" data-tab=\"7\" role=\"button\" aria-controls=\"elementor-tab-content-8897\" aria-expanded=\"false\">\n\t\t\t\t\t\t\t\t\t\t\t\t<span class=\"elementor-toggle-icon elementor-toggle-icon-left\" aria-hidden=\"true\">\n\t\t\t\t\t\t\t\t\t\t\t\t\t\t\t<span class=\"elementor-toggle-icon-closed\"><svg class=\"e-font-icon-svg e-fas-caret-right\" viewbox=\"0 0 192 512\" xmlns=\"http:\/\/www.w3.org\/2000\/svg\"><path d=\"M0 384.662V127.338c0-17.818 21.543-26.741 34.142-14.142l128.662 128.662c7.81 7.81 7.81 20.474 0 28.284L34.142 398.804C21.543 411.404 0 402.48 0 384.662z\"><\/path><\/svg><\/span>\n\t\t\t\t\t\t\t\t<span class=\"elementor-toggle-icon-opened\"><svg class=\"elementor-toggle-icon-opened e-font-icon-svg e-fas-caret-up\" viewbox=\"0 0 320 512\" xmlns=\"http:\/\/www.w3.org\/2000\/svg\"><path d=\"M288.662 352H31.338c-17.818 0-26.741-21.543-14.142-34.142l128.662-128.662c7.81-7.81 20.474-7.81 28.284 0l128.662 128.662c12.6 12.599 3.676 34.142-14.142 34.142z\"><\/path><\/svg><\/span>\n\t\t\t\t\t\t\t\t\t\t\t\t\t<\/span>\n\t\t\t\t\t\t\t\t\t\t\t\t<a class=\"elementor-toggle-title\" tabindex=\"0\">Vai, mazg\u0101jot apstr\u0101d\u0101t\u0101s virsmas ar \u016bdeni\/etanolu, p\u0101rkl\u0101jums tiek no\u0146emts?<\/a>\n\t\t\t\t\t<\/div>\n\n\t\t\t\t\t<div id=\"elementor-tab-content-8897\" class=\"elementor-tab-content elementor-clearfix\" data-tab=\"7\" role=\"region\" aria-labelledby=\"elementor-tab-title-8897\"><p>N\u0113. Ne \u016bdens, ne etanols neietekm\u0113 Dezosil \u012bpa\u0161\u012bbas uz apstr\u0101d\u0101tas virsmas.<\/p><\/div>\n\t\t\t\t<\/div>\n\t\t\t\t\t\t\t<div class=\"elementor-toggle-item\">\n\t\t\t\t\t<div id=\"elementor-tab-title-8898\" class=\"elementor-tab-title\" data-tab=\"8\" role=\"button\" aria-controls=\"elementor-tab-content-8898\" aria-expanded=\"false\">\n\t\t\t\t\t\t\t\t\t\t\t\t<span class=\"elementor-toggle-icon elementor-toggle-icon-left\" aria-hidden=\"true\">\n\t\t\t\t\t\t\t\t\t\t\t\t\t\t\t<span class=\"elementor-toggle-icon-closed\"><svg class=\"e-font-icon-svg e-fas-caret-right\" viewbox=\"0 0 192 512\" xmlns=\"http:\/\/www.w3.org\/2000\/svg\"><path d=\"M0 384.662V127.338c0-17.818 21.543-26.741 34.142-14.142l128.662 128.662c7.81 7.81 7.81 20.474 0 28.284L34.142 398.804C21.543 411.404 0 402.48 0 384.662z\"><\/path><\/svg><\/span>\n\t\t\t\t\t\t\t\t<span class=\"elementor-toggle-icon-opened\"><svg class=\"elementor-toggle-icon-opened e-font-icon-svg e-fas-caret-up\" viewbox=\"0 0 320 512\" xmlns=\"http:\/\/www.w3.org\/2000\/svg\"><path d=\"M288.662 352H31.338c-17.818 0-26.741-21.543-14.142-34.142l128.662-128.662c7.81-7.81 20.474-7.81 28.284 0l128.662 128.662c12.6 12.599 3.676 34.142-14.142 34.142z\"><\/path><\/svg><\/span>\n\t\t\t\t\t\t\t\t\t\t\t\t\t<\/span>\n\t\t\t\t\t\t\t\t\t\t\t\t<a class=\"elementor-toggle-title\" tabindex=\"0\">K\u0101dus Dezosil iepakojuma izm\u0113rus es varu pas\u016bt\u012bt?<\/a>\n\t\t\t\t\t<\/div>\n\n\t\t\t\t\t<div id=\"elementor-tab-content-8898\" class=\"elementor-tab-content elementor-clearfix\" data-tab=\"8\" role=\"region\" aria-labelledby=\"elementor-tab-title-8898\"><p>Dezosil is sold in 500 ml spray bottles. But if you would like to order in bulk, we recommend you to contact us (<a href=\"mailto:info@sprayify.me\">info@sprayify.me<\/a>) un pal\u012bdziet samazin\u0101t plastmasas atkritumu daudzumu!<\/p><\/div>\n\t\t\t\t<\/div>\n\t\t\t\t\t\t\t\t<\/div>\n\t\t\t\t\t\t<\/div>\n\t\t\t\t<\/div>\n\t\t\t\t\t<\/div>\n\t\t<\/div>\n\t\t\t\t\t<\/div>\n\t\t<\/section>\n\t\t\t\t<\/div>","protected":false},"excerpt":{"rendered":"<p>How long are the surfaces protected from viruses and bacteria? After 1 treatment, Dezosil will protect the surface for 150 uses. Depending on use frequency, public doorknobs, tables and buttons should be retreated once a week, but rarely used surfaces shouldn\u2019t be retreated more than once in a couple months. How do we know that [&hellip;]<\/p>","protected":false},"author":2143,"featured_media":0,"parent":0,"menu_order":0,"comment_status":"closed","ping_status":"closed","template":"","meta":{"om_disable_all_campaigns":false,"footnotes":""},"class_list":["post-165","page","type-page","status-publish","hentry"],"yoast_head":"<!-- This site is optimized with the Yoast SEO plugin v26.2 - https:\/\/yoast.com\/wordpress\/plugins\/seo\/ -->\n<title>Frequently Asked Questions - Sprayify<\/title>\n<meta name=\"robots\" content=\"index, follow, max-snippet:-1, max-image-preview:large, max-video-preview:-1\" \/>\n<link rel=\"canonical\" href=\"https:\/\/sprayify.me\/lv\/faq\/\" \/>\n<meta property=\"og:locale\" content=\"lv_LV\" \/>\n<meta property=\"og:type\" content=\"article\" \/>\n<meta property=\"og:title\" content=\"Frequently Asked Questions - Sprayify\" \/>\n<meta property=\"og:description\" content=\"How long are the surfaces protected from viruses and bacteria? After 1 treatment, Dezosil will protect the surface for 150 uses. Depending on use frequency, public doorknobs, tables and buttons should be retreated once a week, but rarely used surfaces shouldn\u2019t be retreated more than once in a couple months. How do we know that [&hellip;]\" \/>\n<meta property=\"og:url\" content=\"https:\/\/sprayify.me\/lv\/faq\/\" \/>\n<meta property=\"og:site_name\" content=\"Sprayify\" \/>\n<meta property=\"article:publisher\" content=\"https:\/\/www.facebook.com\/Sprayify.me\" \/>\n<meta property=\"article:modified_time\" content=\"2022-10-11T16:52:39+00:00\" \/>\n<meta name=\"twitter:card\" content=\"summary_large_image\" \/>\n<meta name=\"twitter:label1\" content=\"Est. reading time\" \/>\n\t<meta name=\"twitter:data1\" content=\"2 min\u016btes\" \/>\n<script type=\"application\/ld+json\" class=\"yoast-schema-graph\">{\"@context\":\"https:\/\/schema.org\",\"@graph\":[{\"@type\":\"WebPage\",\"@id\":\"https:\/\/sprayify.me\/en\/faq\/\",\"url\":\"https:\/\/sprayify.me\/en\/faq\/\",\"name\":\"Frequently Asked Questions - Sprayify\",\"isPartOf\":{\"@id\":\"https:\/\/sprayify.me\/en\/#website\"},\"datePublished\":\"2022-10-11T16:42:28+00:00\",\"dateModified\":\"2022-10-11T16:52:39+00:00\",\"breadcrumb\":{\"@id\":\"https:\/\/sprayify.me\/en\/faq\/#breadcrumb\"},\"inLanguage\":\"lv-LV\",\"potentialAction\":[{\"@type\":\"ReadAction\",\"target\":[\"https:\/\/sprayify.me\/en\/faq\/\"]}]},{\"@type\":\"BreadcrumbList\",\"@id\":\"https:\/\/sprayify.me\/en\/faq\/#breadcrumb\",\"itemListElement\":[{\"@type\":\"ListItem\",\"position\":1,\"name\":\"Home\",\"item\":\"https:\/\/sprayify.me\/en\/\"},{\"@type\":\"ListItem\",\"position\":2,\"name\":\"Frequently Asked Questions\"}]},{\"@type\":\"WebSite\",\"@id\":\"https:\/\/sprayify.me\/en\/#website\",\"url\":\"https:\/\/sprayify.me\/en\/\",\"name\":\"Sprayify\",\"description\":\"Antimicrobial Coatings\",\"publisher\":{\"@id\":\"https:\/\/sprayify.me\/en\/#organization\"},\"potentialAction\":[{\"@type\":\"SearchAction\",\"target\":{\"@type\":\"EntryPoint\",\"urlTemplate\":\"https:\/\/sprayify.me\/en\/?s={search_term_string}\"},\"query-input\":{\"@type\":\"PropertyValueSpecification\",\"valueRequired\":true,\"valueName\":\"search_term_string\"}}],\"inLanguage\":\"lv-LV\"},{\"@type\":\"Organization\",\"@id\":\"https:\/\/sprayify.me\/en\/#organization\",\"name\":\"Sprayify SIA\",\"url\":\"https:\/\/sprayify.me\/en\/\",\"logo\":{\"@type\":\"ImageObject\",\"inLanguage\":\"lv-LV\",\"@id\":\"https:\/\/sprayify.me\/en\/#\/schema\/logo\/image\/\",\"url\":\"https:\/\/sprayify.me\/wp-content\/uploads\/2022\/11\/cropped-cropped-Sprayify-Logo-Dark.png\",\"contentUrl\":\"https:\/\/sprayify.me\/wp-content\/uploads\/2022\/11\/cropped-cropped-Sprayify-Logo-Dark.png\",\"width\":722,\"height\":390,\"caption\":\"Sprayify SIA\"},\"image\":{\"@id\":\"https:\/\/sprayify.me\/en\/#\/schema\/logo\/image\/\"},\"sameAs\":[\"https:\/\/www.facebook.com\/Sprayify.me\",\"https:\/\/www.instagram.com\/sprayify_me\/\",\"https:\/\/www.linkedin.com\/company\/sprayify\/\",\"https:\/\/www.tiktok.com\/@sprayify_me\"]}]}<\/script>\n<!-- \/ Yoast SEO plugin. -->","yoast_head_json":{"title":"Frequently Asked Questions - Sprayify","robots":{"index":"index","follow":"follow","max-snippet":"max-snippet:-1","max-image-preview":"max-image-preview:large","max-video-preview":"max-video-preview:-1"},"canonical":"https:\/\/sprayify.me\/lv\/faq\/","og_locale":"lv_LV","og_type":"article","og_title":"Frequently Asked Questions - Sprayify","og_description":"How long are the surfaces protected from viruses and bacteria? After 1 treatment, Dezosil will protect the surface for 150 uses. Depending on use frequency, public doorknobs, tables and buttons should be retreated once a week, but rarely used surfaces shouldn\u2019t be retreated more than once in a couple months. How do we know that [&hellip;]","og_url":"https:\/\/sprayify.me\/lv\/faq\/","og_site_name":"Sprayify","article_publisher":"https:\/\/www.facebook.com\/Sprayify.me","article_modified_time":"2022-10-11T16:52:39+00:00","twitter_card":"summary_large_image","twitter_misc":{"Est. reading time":"2 min\u016btes"},"schema":{"@context":"https:\/\/schema.org","@graph":[{"@type":"WebPage","@id":"https:\/\/sprayify.me\/en\/faq\/","url":"https:\/\/sprayify.me\/en\/faq\/","name":"Frequently Asked Questions - Sprayify","isPartOf":{"@id":"https:\/\/sprayify.me\/en\/#website"},"datePublished":"2022-10-11T16:42:28+00:00","dateModified":"2022-10-11T16:52:39+00:00","breadcrumb":{"@id":"https:\/\/sprayify.me\/en\/faq\/#breadcrumb"},"inLanguage":"lv-LV","potentialAction":[{"@type":"ReadAction","target":["https:\/\/sprayify.me\/en\/faq\/"]}]},{"@type":"BreadcrumbList","@id":"https:\/\/sprayify.me\/en\/faq\/#breadcrumb","itemListElement":[{"@type":"ListItem","position":1,"name":"Home","item":"https:\/\/sprayify.me\/en\/"},{"@type":"ListItem","position":2,"name":"Frequently Asked Questions"}]},{"@type":"WebSite","@id":"https:\/\/sprayify.me\/en\/#website","url":"https:\/\/sprayify.me\/en\/","name":"Sprayify","description":"Antimicrobial Coatings","publisher":{"@id":"https:\/\/sprayify.me\/en\/#organization"},"potentialAction":[{"@type":"SearchAction","target":{"@type":"EntryPoint","urlTemplate":"https:\/\/sprayify.me\/en\/?s={search_term_string}"},"query-input":{"@type":"PropertyValueSpecification","valueRequired":true,"valueName":"search_term_string"}}],"inLanguage":"lv-LV"},{"@type":"Organization","@id":"https:\/\/sprayify.me\/en\/#organization","name":"Sprayify SIA","url":"https:\/\/sprayify.me\/en\/","logo":{"@type":"ImageObject","inLanguage":"lv-LV","@id":"https:\/\/sprayify.me\/en\/#\/schema\/logo\/image\/","url":"https:\/\/sprayify.me\/wp-content\/uploads\/2022\/11\/cropped-cropped-Sprayify-Logo-Dark.png","contentUrl":"https:\/\/sprayify.me\/wp-content\/uploads\/2022\/11\/cropped-cropped-Sprayify-Logo-Dark.png","width":722,"height":390,"caption":"Sprayify SIA"},"image":{"@id":"https:\/\/sprayify.me\/en\/#\/schema\/logo\/image\/"},"sameAs":["https:\/\/www.facebook.com\/Sprayify.me","https:\/\/www.instagram.com\/sprayify_me\/","https:\/\/www.linkedin.com\/company\/sprayify\/","https:\/\/www.tiktok.com\/@sprayify_me"]}]}},"jetpack_sharing_enabled":true,"_links":{"self":[{"href":"https:\/\/sprayify.me\/lv\/wp-json\/wp\/v2\/pages\/165","targetHints":{"allow":["GET"]}}],"collection":[{"href":"https:\/\/sprayify.me\/lv\/wp-json\/wp\/v2\/pages"}],"about":[{"href":"https:\/\/sprayify.me\/lv\/wp-json\/wp\/v2\/types\/page"}],"author":[{"embeddable":true,"href":"https:\/\/sprayify.me\/lv\/wp-json\/wp\/v2\/users\/2143"}],"replies":[{"embeddable":true,"href":"https:\/\/sprayify.me\/lv\/wp-json\/wp\/v2\/comments?post=165"}],"version-history":[{"count":5,"href":"https:\/\/sprayify.me\/lv\/wp-json\/wp\/v2\/pages\/165\/revisions"}],"predecessor-version":[{"id":171,"href":"https:\/\/sprayify.me\/lv\/wp-json\/wp\/v2\/pages\/165\/revisions\/171"}],"wp:attachment":[{"href":"https:\/\/sprayify.me\/lv\/wp-json\/wp\/v2\/media?parent=165"}],"curies":[{"name":"wp","href":"https:\/\/api.w.org\/{rel}","templated":true}]}}