{"id":36,"date":"2022-08-23T14:23:17","date_gmt":"2022-08-23T14:23:17","guid":{"rendered":"https:\/\/sprayify.me\/privacy\/"},"modified":"2023-03-22T15:37:59","modified_gmt":"2023-03-22T15:37:59","slug":"privacy","status":"publish","type":"page","link":"https:\/\/sprayify.me\/lv\/privacy\/","title":{"rendered":"Privacy"},"content":{"rendered":"<div data-elementor-type=\"wp-page\" data-elementor-id=\"36\" class=\"elementor elementor-36\" data-elementor-post-type=\"page\">\n\t\t\t\t\t\t<section class=\"elementor-section elementor-top-section elementor-element elementor-element-2ecfd3f7 elementor-section-boxed elementor-section-height-default elementor-section-height-default rael-particle-no\" data-id=\"2ecfd3f7\" data-element_type=\"section\" data-settings=\"{&quot;background_background&quot;:&quot;classic&quot;}\">\n\t\t\t\t\t\t<div class=\"elementor-container elementor-column-gap-default\">\n\t\t\t\t\t<div class=\"elementor-column elementor-col-100 elementor-top-column elementor-element elementor-element-2fa72d30 rael-particle-no\" data-id=\"2fa72d30\" data-element_type=\"column\">\n\t\t\t<div class=\"elementor-widget-wrap elementor-element-populated\">\n\t\t\t\t\t\t<div class=\"elementor-element elementor-element-a133133 elementor-widget elementor-widget-heading\" data-id=\"a133133\" data-element_type=\"widget\" data-widget_type=\"heading.default\">\n\t\t\t\t<div class=\"elementor-widget-container\">\n\t\t\t\t\t<h1 class=\"elementor-heading-title elementor-size-default\"><h2 data-elementor-setting-key=\"title\" data-pen-placeholder=\"Type Here...\" style=\"font-family: var( --e-global-typography-392b9e0-font-family ), Sans-serif;font-weight: var( --e-global-typography-392b9e0-font-weight );line-height: var( --e-global-typography-392b9e0-line-height );font-size: var( --e-global-typography-392b9e0-font-size );text-transform: var( --e-global-typography-392b9e0-text-transform );font-style: normal;letter-spacing: normal\">Priv\u0101tums un noteikumi<\/h2><\/h1>\t\t\t\t<\/div>\n\t\t\t\t<\/div>\n\t\t\t\t<div class=\"elementor-element elementor-element-37d9e984 elementor-widget elementor-widget-heading\" data-id=\"37d9e984\" data-element_type=\"widget\" data-widget_type=\"heading.default\">\n\t\t\t\t<div class=\"elementor-widget-container\">\n\t\t\t\t\t<h2 class=\"elementor-heading-title elementor-size-default\">Privacy &amp; Cookies<\/h2>\t\t\t\t<\/div>\n\t\t\t\t<\/div>\n\t\t\t\t<div class=\"elementor-element elementor-element-1fe4656c elementor-widget elementor-widget-text-editor\" data-id=\"1fe4656c\" data-element_type=\"widget\" data-widget_type=\"text-editor.default\">\n\t\t\t\t<div class=\"elementor-widget-container\">\n\t\t\t\t\t\t\t\t\t<p>Priv\u0101tuma politika <br \/>P\u0113d\u0113jo reizi atjaunin\u0101ts 2023.\u00a0gada 10.\u00a0febru\u0101r\u012b <br \/>Sp\u0113k\u0101 st\u0101\u0161an\u0101s datums 2023.\u00a0gada 10.\u00a0febru\u0101ris<\/p><p>\u0160aj\u0101 Priv\u0101tuma politik\u0101 ir aprakst\u012btas Sprayify SIA, Br\u0101\u013cu Kaudz\u012b\u0161u iela 9 \u2013 1, R\u012bga LV-1082, Latvija, e-pasts: info@sprayify.me, t\u0101lrunis: +37125438966, politikas par j\u016bsu inform\u0101cijas v\u0101k\u0161anu, izmanto\u0161anu un izpau\u0161anu, ko m\u0113s apkopojam, kad j\u016bs izmantojat m\u016bsu vietni ( https:\/\/sprayify.me\/ ). (serviss\"). Piek\u013c\u016bstot Pakalpojumam vai izmantojot to, j\u016bs piekr\u012btat savas inform\u0101cijas v\u0101k\u0161anai, izmanto\u0161anai un izpau\u0161anai saska\u0146\u0101 ar \u0161o Priv\u0101tuma politiku. Ja nepiekr\u012btat tam, l\u016bdzu, nepiek\u013c\u016bstiet Pakalpojumam un neizmantojiet to. <br \/>M\u0113s varam main\u012bt \u0161o Priv\u0101tuma politiku jebkur\u0101 laik\u0101 bez iepriek\u0161\u0113ja br\u012bdin\u0101juma un Pakalpojum\u0101 public\u0113sim p\u0101rskat\u012bto Priv\u0101tuma politiku. P\u0101rskat\u012bt\u0101 politika st\u0101sies sp\u0113k\u0101 180\u00a0dienas no dienas, kad p\u0101rskat\u012bt\u0101 Politika ir ievietota Pakalpojum\u0101, un j\u016bsu turpm\u0101ka piek\u013cuve Pakalpojumam vai t\u0101 izmanto\u0161ana p\u0113c \u0161\u012b laika noz\u012bm\u0113, ka j\u016bs piekr\u012btat p\u0101rskat\u012btajai Priv\u0101tuma politikai. T\u0101p\u0113c m\u0113s iesak\u0101m periodiski p\u0101rskat\u012bt \u0161o lapu.<\/p><p>K\u0101 m\u0113s lietojam j\u016bsu inform\u0101ciju: <br \/>M\u0113s izmantosim inform\u0101ciju, ko apkopojam par jums, \u0161\u0101diem m\u0113r\u0137iem:<\/p><p>M\u0101rketings\/ Rekl\u0101ma<br \/>Atsauksmes<br \/>Maks\u0101jumu apstr\u0101de<br \/>M\u0113r\u0137\u0113ts m\u0101rketings<br \/>Pas\u016bt\u012bjuma apstr\u0101de<br \/>M\u0101jaslapas aizsardz\u012bba<br \/>Ja m\u0113s v\u0113lamies izmantot j\u016bsu inform\u0101ciju jebkuram citam m\u0113r\u0137im, m\u0113s l\u016bgsim jums piekri\u0161anu un izmantosim j\u016bsu inform\u0101ciju tikai p\u0113c j\u016bsu piekri\u0161anas sa\u0146em\u0161anas un p\u0113c tam tikai tiem nol\u016bkiem, kuriem ir j\u0101sniedz piekri\u0161ana, ja vien mums nav j\u0101r\u012bkojas cit\u0101di likumu.<\/p><p>K\u0101 m\u0113s kop\u012bgojam j\u016bsu inform\u0101ciju: <br \/>M\u0113s nenodosim j\u016bsu personisko inform\u0101ciju nevienai tre\u0161ajai pusei bez j\u016bsu piekri\u0161anas, iz\u0146emot ierobe\u017eotos gad\u012bjumos, k\u0101 aprakst\u012bts t\u0101l\u0101k:<\/p><p>Rekl\u0101mdev\u0113js<br \/>Anal\u012btika<br \/>M\u0113s pras\u0101m, lai \u0161\u0101das tre\u0161\u0101s personas izmantotu personas inform\u0101ciju, ko m\u0113s t\u0101m nododam, tikai tam m\u0113r\u0137im, k\u0101dam t\u0101 tika nodota, un neuzglab\u0101 to ilg\u0101k, nek\u0101 nepiecie\u0161ams min\u0113t\u0101 m\u0113r\u0137a sasnieg\u0161anai. <br \/>M\u0113s varam ar\u012b izpaust j\u016bsu personas inform\u0101ciju, lai: (1) iev\u0113rotu piem\u0113rojamos likumus, noteikumus, tiesas r\u012bkojumus vai citus juridiskus procesus; (2) lai \u012bstenotu j\u016bsu l\u012bgumus ar mums, tostarp \u0161o Priv\u0101tuma politiku; vai (3) atbild\u0113t uz apgalvojumiem, ka j\u016bsu Pakalpojuma izmanto\u0161ana p\u0101rk\u0101pj jebk\u0101das tre\u0161\u0101s puses ties\u012bbas. Ja Pakalpojums vai m\u016bsu uz\u0146\u0113mums tiek apvienots vai ieg\u016bts ar citu uz\u0146\u0113mumu, j\u016bsu inform\u0101cija b\u016bs viens no \u012bpa\u0161umiem, kas tiek nodoti jaunajam \u012bpa\u0161niekam.<\/p><p>J\u016bsu ties\u012bbas: <br \/>Atkar\u012bb\u0101 no piem\u0113rojamiem ties\u012bbu aktiem jums var b\u016bt ties\u012bbas piek\u013c\u016bt saviem personas datiem un tos labot vai dz\u0113st vai sa\u0146emt savu personas datu kopiju, ierobe\u017eot j\u016bsu datu akt\u012bvu apstr\u0101di vai iebilst pret to, l\u016bgt mums kop\u012bgot (port\u0113t) j\u016bsu personas datus. inform\u0101ciju citai personai, atsaukt jebk\u0101du piekri\u0161anu, ko mums sniedz\u0101t apstr\u0101d\u0101t j\u016bsu datus, ties\u012bbas iesniegt s\u016bdz\u012bbu likum\u0101 noteiktajai iest\u0101dei un citas ties\u012bbas, kas var b\u016bt svar\u012bgas saska\u0146\u0101 ar piem\u0113rojamiem ties\u012bbu aktiem. Lai izmantotu \u0161\u012bs ties\u012bbas, varat rakst\u012bt mums uz info@sprayify.me. M\u0113s atbild\u0113sim uz j\u016bsu piepras\u012bjumu saska\u0146\u0101 ar piem\u0113rojamiem ties\u012bbu aktiem. <br \/>\u0145emiet v\u0113r\u0101, ka, ja j\u016bs ne\u013caujat mums v\u0101kt vai apstr\u0101d\u0101t nepiecie\u0161amo personas inform\u0101ciju vai atsaukt piekri\u0161anu t\u0101s apstr\u0101dei nepiecie\u0161amajiem nol\u016bkiem, j\u016bs, iesp\u0113jams, nevar\u0113sit piek\u013c\u016bt pakalpojumiem, kuriem tika mekl\u0113ta j\u016bsu inform\u0101cija, vai tos izmantot.<\/p><p>S\u012bkfaili u.c. <br \/>Lai uzzin\u0101tu vair\u0101k par to, k\u0101 m\u0113s izmantojam \u0161\u012bs un j\u016bsu izv\u0113les saist\u012bb\u0101 ar \u0161\u012bm izseko\u0161anas tehnolo\u0123ij\u0101m, l\u016bdzu, skatiet m\u016bsu s\u012bkfailu politiku.<\/p><p>Dro\u0161\u012bba: <br \/>J\u016bsu inform\u0101cijas dro\u0161\u012bba mums ir svar\u012bga, un m\u0113s izmantosim sapr\u0101t\u012bgus dro\u0161\u012bbas pas\u0101kumus, lai nov\u0113rstu m\u016bsu kontrol\u0113 eso\u0161\u0101s j\u016bsu inform\u0101cijas nozaud\u0113\u0161anu, \u013caunpr\u0101t\u012bgu izmanto\u0161anu vai neat\u013cautu izmain\u012b\u0161anu. Tom\u0113r, \u0146emot v\u0113r\u0101 rakstur\u012bgos riskus, m\u0113s nevaram garant\u0113t absol\u016btu dro\u0161\u012bbu un l\u012bdz ar to m\u0113s nevaram nodro\u0161in\u0101t vai garant\u0113t jebkuras inform\u0101cijas dro\u0161\u012bbu, ko j\u016bs mums nos\u016bt\u0101t, un j\u016bs to dar\u0101t uz savu risku.<\/p><p>S\u016bdz\u012bba\/ datu aizsardz\u012bbas inspektors: <br \/>Ja jums ir k\u0101di jaut\u0101jumi vai neskaidr\u012bbas par pie mums pieejam\u0101s j\u016bsu inform\u0101cijas apstr\u0101di, varat rakst\u012bt e-pastu m\u016bsu s\u016bdz\u012bbu izskat\u012b\u0161anas speci\u0101listam Sprayify SIA, Br\u0101\u013cu Kaudz\u012b\u0161u iela 9\u20131, e-pasts: info@sprayify.me. M\u0113s risin\u0101sim j\u016bsu ba\u017eas saska\u0146\u0101 ar piem\u0113rojamiem ties\u012bbu aktiem.<\/p>\t\t\t\t\t\t\t\t<\/div>\n\t\t\t\t<\/div>\n\t\t\t\t\t<\/div>\n\t\t<\/div>\n\t\t\t\t\t<\/div>\n\t\t<\/section>\n\t\t\t\t<section class=\"elementor-section elementor-top-section elementor-element elementor-element-4f64a475 elementor-section-boxed elementor-section-height-default elementor-section-height-default rael-particle-no\" data-id=\"4f64a475\" data-element_type=\"section\" data-settings=\"{&quot;background_background&quot;:&quot;classic&quot;}\">\n\t\t\t\t\t\t<div class=\"elementor-container elementor-column-gap-default\">\n\t\t\t\t\t<div class=\"elementor-column elementor-col-100 elementor-top-column elementor-element elementor-element-7b3793ca rael-particle-no\" data-id=\"7b3793ca\" data-element_type=\"column\">\n\t\t\t<div class=\"elementor-widget-wrap elementor-element-populated\">\n\t\t\t\t\t\t<div class=\"elementor-element elementor-element-28fe44f7 elementor-widget elementor-widget-heading\" data-id=\"28fe44f7\" data-element_type=\"widget\" data-widget_type=\"heading.default\">\n\t\t\t\t<div class=\"elementor-widget-container\">\n\t\t\t\t\t<h2 class=\"elementor-heading-title elementor-size-default\">Lieto\u0161anas noteikumi<\/h2>\t\t\t\t<\/div>\n\t\t\t\t<\/div>\n\t\t\t\t<div class=\"elementor-element elementor-element-11c1ff44 elementor-align-start elementor-widget__width-initial elementor-icon-list--layout-traditional elementor-list-item-link-full_width elementor-widget elementor-widget-icon-list\" data-id=\"11c1ff44\" data-element_type=\"widget\" data-widget_type=\"icon-list.default\">\n\t\t\t\t<div class=\"elementor-widget-container\">\n\t\t\t\t\t\t\t<ul class=\"elementor-icon-list-items\">\n\t\t\t\t\t\t\t<li class=\"elementor-icon-list-item\">\n\t\t\t\t\t\t\t\t\t\t\t<span class=\"elementor-icon-list-icon\">\n\t\t\t\t\t\t\t<svg aria-hidden=\"true\" class=\"e-font-icon-svg e-fas-stop\" viewbox=\"0 0 448 512\" xmlns=\"http:\/\/www.w3.org\/2000\/svg\"><path d=\"M400 32H48C21.5 32 0 53.5 0 80v352c0 26.5 21.5 48 48 48h352c26.5 0 48-21.5 48-48V80c0-26.5-21.5-48-48-48z\"><\/path><\/svg>\t\t\t\t\t\t<\/span>\n\t\t\t\t\t\t\t\t\t\t<span class=\"elementor-icon-list-text\"><span style=\"white-space: normal\">\u0160\u012b sada\u013ca atrodas izstr\u0101des f\u0101z\u0113. Pagaid\u0101m, l\u016bdzu, izmantojiet m\u016bsu vietni atbild\u012bgi :).<\/span><\/span>\n\t\t\t\t\t\t\t\t\t<\/li>\n\t\t\t\t\t\t<\/ul>\n\t\t\t\t\t\t<\/div>\n\t\t\t\t<\/div>\n\t\t\t\t\t<\/div>\n\t\t<\/div>\n\t\t\t\t\t<\/div>\n\t\t<\/section>\n\t\t\t\t<\/div>","protected":false},"excerpt":{"rendered":"<p>Terms &amp; Privacy Privacy &#038; Cookies Privacy Policy Last Updated On 10-Feb-2023 Effective Date 10-Feb-2023 This Privacy Policy describes the policies of Sprayify SIA, Br\u0101\u013cu Kaudz\u012b\u0161u iela 9 &#8211; 1, R\u012bga LV-1082, Latvia, email: info@sprayify.me, phone: +37125438966 on the collection, use and disclosure of your information that we collect when you use our website ( [&hellip;]<\/p>","protected":false},"author":2143,"featured_media":39,"parent":0,"menu_order":0,"comment_status":"closed","ping_status":"closed","template":"elementor_header_footer","meta":{"om_disable_all_campaigns":false,"footnotes":""},"class_list":["post-36","page","type-page","status-publish","has-post-thumbnail","hentry"],"yoast_head":"<!-- This site is optimized with the Yoast SEO plugin v26.2 - https:\/\/yoast.com\/wordpress\/plugins\/seo\/ -->\n<title>Privacy - Sprayify<\/title>\n<meta name=\"robots\" content=\"index, follow, max-snippet:-1, max-image-preview:large, max-video-preview:-1\" \/>\n<link rel=\"canonical\" href=\"https:\/\/sprayify.me\/lv\/privacy\/\" \/>\n<meta property=\"og:locale\" content=\"lv_LV\" \/>\n<meta property=\"og:type\" content=\"article\" \/>\n<meta property=\"og:title\" content=\"Privacy - Sprayify\" \/>\n<meta property=\"og:description\" content=\"Terms &amp; Privacy Privacy &#038; Cookies Privacy Policy Last Updated On 10-Feb-2023 Effective Date 10-Feb-2023 This Privacy Policy describes the policies of Sprayify SIA, Br\u0101\u013cu Kaudz\u012b\u0161u iela 9 &#8211; 1, R\u012bga LV-1082, Latvia, email: info@sprayify.me, phone: +37125438966 on the collection, use and disclosure of your information that we collect when you use our website ( [&hellip;]\" \/>\n<meta property=\"og:url\" content=\"https:\/\/sprayify.me\/lv\/privacy\/\" \/>\n<meta property=\"og:site_name\" content=\"Sprayify\" \/>\n<meta property=\"article:publisher\" content=\"https:\/\/www.facebook.com\/Sprayify.me\" \/>\n<meta property=\"article:modified_time\" content=\"2023-03-22T15:37:59+00:00\" \/>\n<meta property=\"og:image\" content=\"https:\/\/sprayify.me\/wp-content\/uploads\/2022\/08\/Term-of-USe.jpg\" \/>\n\t<meta property=\"og:image:width\" content=\"400\" \/>\n\t<meta property=\"og:image:height\" content=\"380\" \/>\n\t<meta property=\"og:image:type\" content=\"image\/jpeg\" \/>\n<meta name=\"twitter:card\" content=\"summary_large_image\" \/>\n<meta name=\"twitter:label1\" content=\"Est. reading time\" \/>\n\t<meta name=\"twitter:data1\" content=\"3 min\u016btes\" \/>\n<script type=\"application\/ld+json\" class=\"yoast-schema-graph\">{\"@context\":\"https:\/\/schema.org\",\"@graph\":[{\"@type\":\"WebPage\",\"@id\":\"https:\/\/sprayify.me\/lv\/privacy\/\",\"url\":\"https:\/\/sprayify.me\/lv\/privacy\/\",\"name\":\"Privacy - Sprayify\",\"isPartOf\":{\"@id\":\"https:\/\/sprayify.me\/en\/#website\"},\"primaryImageOfPage\":{\"@id\":\"https:\/\/sprayify.me\/lv\/privacy\/#primaryimage\"},\"image\":{\"@id\":\"https:\/\/sprayify.me\/lv\/privacy\/#primaryimage\"},\"thumbnailUrl\":\"https:\/\/sprayify.me\/wp-content\/uploads\/2022\/08\/Term-of-USe.jpg\",\"datePublished\":\"2022-08-23T14:23:17+00:00\",\"dateModified\":\"2023-03-22T15:37:59+00:00\",\"breadcrumb\":{\"@id\":\"https:\/\/sprayify.me\/lv\/privacy\/#breadcrumb\"},\"inLanguage\":\"lv-LV\",\"potentialAction\":[{\"@type\":\"ReadAction\",\"target\":[\"https:\/\/sprayify.me\/lv\/privacy\/\"]}]},{\"@type\":\"ImageObject\",\"inLanguage\":\"lv-LV\",\"@id\":\"https:\/\/sprayify.me\/lv\/privacy\/#primaryimage\",\"url\":\"https:\/\/sprayify.me\/wp-content\/uploads\/2022\/08\/Term-of-USe.jpg\",\"contentUrl\":\"https:\/\/sprayify.me\/wp-content\/uploads\/2022\/08\/Term-of-USe.jpg\",\"width\":400,\"height\":380},{\"@type\":\"BreadcrumbList\",\"@id\":\"https:\/\/sprayify.me\/lv\/privacy\/#breadcrumb\",\"itemListElement\":[{\"@type\":\"ListItem\",\"position\":1,\"name\":\"Home\",\"item\":\"https:\/\/sprayify.me\/en\/\"},{\"@type\":\"ListItem\",\"position\":2,\"name\":\"Privacy\"}]},{\"@type\":\"WebSite\",\"@id\":\"https:\/\/sprayify.me\/en\/#website\",\"url\":\"https:\/\/sprayify.me\/en\/\",\"name\":\"Sprayify\",\"description\":\"Antimicrobial Coatings\",\"publisher\":{\"@id\":\"https:\/\/sprayify.me\/en\/#organization\"},\"potentialAction\":[{\"@type\":\"SearchAction\",\"target\":{\"@type\":\"EntryPoint\",\"urlTemplate\":\"https:\/\/sprayify.me\/en\/?s={search_term_string}\"},\"query-input\":{\"@type\":\"PropertyValueSpecification\",\"valueRequired\":true,\"valueName\":\"search_term_string\"}}],\"inLanguage\":\"lv-LV\"},{\"@type\":\"Organization\",\"@id\":\"https:\/\/sprayify.me\/en\/#organization\",\"name\":\"Sprayify SIA\",\"url\":\"https:\/\/sprayify.me\/en\/\",\"logo\":{\"@type\":\"ImageObject\",\"inLanguage\":\"lv-LV\",\"@id\":\"https:\/\/sprayify.me\/en\/#\/schema\/logo\/image\/\",\"url\":\"https:\/\/sprayify.me\/wp-content\/uploads\/2022\/11\/cropped-cropped-Sprayify-Logo-Dark.png\",\"contentUrl\":\"https:\/\/sprayify.me\/wp-content\/uploads\/2022\/11\/cropped-cropped-Sprayify-Logo-Dark.png\",\"width\":722,\"height\":390,\"caption\":\"Sprayify SIA\"},\"image\":{\"@id\":\"https:\/\/sprayify.me\/en\/#\/schema\/logo\/image\/\"},\"sameAs\":[\"https:\/\/www.facebook.com\/Sprayify.me\",\"https:\/\/www.instagram.com\/sprayify_me\/\",\"https:\/\/www.linkedin.com\/company\/sprayify\/\",\"https:\/\/www.tiktok.com\/@sprayify_me\"]}]}<\/script>\n<!-- \/ Yoast SEO plugin. -->","yoast_head_json":{"title":"Privacy - Sprayify","robots":{"index":"index","follow":"follow","max-snippet":"max-snippet:-1","max-image-preview":"max-image-preview:large","max-video-preview":"max-video-preview:-1"},"canonical":"https:\/\/sprayify.me\/lv\/privacy\/","og_locale":"lv_LV","og_type":"article","og_title":"Privacy - Sprayify","og_description":"Terms &amp; Privacy Privacy &#038; Cookies Privacy Policy Last Updated On 10-Feb-2023 Effective Date 10-Feb-2023 This Privacy Policy describes the policies of Sprayify SIA, Br\u0101\u013cu Kaudz\u012b\u0161u iela 9 &#8211; 1, R\u012bga LV-1082, Latvia, email: info@sprayify.me, phone: +37125438966 on the collection, use and disclosure of your information that we collect when you use our website ( [&hellip;]","og_url":"https:\/\/sprayify.me\/lv\/privacy\/","og_site_name":"Sprayify","article_publisher":"https:\/\/www.facebook.com\/Sprayify.me","article_modified_time":"2023-03-22T15:37:59+00:00","og_image":[{"width":400,"height":380,"url":"https:\/\/sprayify.me\/wp-content\/uploads\/2022\/08\/Term-of-USe.jpg","type":"image\/jpeg"}],"twitter_card":"summary_large_image","twitter_misc":{"Est. reading time":"3 min\u016btes"},"schema":{"@context":"https:\/\/schema.org","@graph":[{"@type":"WebPage","@id":"https:\/\/sprayify.me\/lv\/privacy\/","url":"https:\/\/sprayify.me\/lv\/privacy\/","name":"Privacy - Sprayify","isPartOf":{"@id":"https:\/\/sprayify.me\/en\/#website"},"primaryImageOfPage":{"@id":"https:\/\/sprayify.me\/lv\/privacy\/#primaryimage"},"image":{"@id":"https:\/\/sprayify.me\/lv\/privacy\/#primaryimage"},"thumbnailUrl":"https:\/\/sprayify.me\/wp-content\/uploads\/2022\/08\/Term-of-USe.jpg","datePublished":"2022-08-23T14:23:17+00:00","dateModified":"2023-03-22T15:37:59+00:00","breadcrumb":{"@id":"https:\/\/sprayify.me\/lv\/privacy\/#breadcrumb"},"inLanguage":"lv-LV","potentialAction":[{"@type":"ReadAction","target":["https:\/\/sprayify.me\/lv\/privacy\/"]}]},{"@type":"ImageObject","inLanguage":"lv-LV","@id":"https:\/\/sprayify.me\/lv\/privacy\/#primaryimage","url":"https:\/\/sprayify.me\/wp-content\/uploads\/2022\/08\/Term-of-USe.jpg","contentUrl":"https:\/\/sprayify.me\/wp-content\/uploads\/2022\/08\/Term-of-USe.jpg","width":400,"height":380},{"@type":"BreadcrumbList","@id":"https:\/\/sprayify.me\/lv\/privacy\/#breadcrumb","itemListElement":[{"@type":"ListItem","position":1,"name":"Home","item":"https:\/\/sprayify.me\/en\/"},{"@type":"ListItem","position":2,"name":"Privacy"}]},{"@type":"WebSite","@id":"https:\/\/sprayify.me\/en\/#website","url":"https:\/\/sprayify.me\/en\/","name":"Sprayify","description":"Antimicrobial Coatings","publisher":{"@id":"https:\/\/sprayify.me\/en\/#organization"},"potentialAction":[{"@type":"SearchAction","target":{"@type":"EntryPoint","urlTemplate":"https:\/\/sprayify.me\/en\/?s={search_term_string}"},"query-input":{"@type":"PropertyValueSpecification","valueRequired":true,"valueName":"search_term_string"}}],"inLanguage":"lv-LV"},{"@type":"Organization","@id":"https:\/\/sprayify.me\/en\/#organization","name":"Sprayify SIA","url":"https:\/\/sprayify.me\/en\/","logo":{"@type":"ImageObject","inLanguage":"lv-LV","@id":"https:\/\/sprayify.me\/en\/#\/schema\/logo\/image\/","url":"https:\/\/sprayify.me\/wp-content\/uploads\/2022\/11\/cropped-cropped-Sprayify-Logo-Dark.png","contentUrl":"https:\/\/sprayify.me\/wp-content\/uploads\/2022\/11\/cropped-cropped-Sprayify-Logo-Dark.png","width":722,"height":390,"caption":"Sprayify SIA"},"image":{"@id":"https:\/\/sprayify.me\/en\/#\/schema\/logo\/image\/"},"sameAs":["https:\/\/www.facebook.com\/Sprayify.me","https:\/\/www.instagram.com\/sprayify_me\/","https:\/\/www.linkedin.com\/company\/sprayify\/","https:\/\/www.tiktok.com\/@sprayify_me"]}]}},"jetpack_sharing_enabled":true,"_links":{"self":[{"href":"https:\/\/sprayify.me\/lv\/wp-json\/wp\/v2\/pages\/36","targetHints":{"allow":["GET"]}}],"collection":[{"href":"https:\/\/sprayify.me\/lv\/wp-json\/wp\/v2\/pages"}],"about":[{"href":"https:\/\/sprayify.me\/lv\/wp-json\/wp\/v2\/types\/page"}],"author":[{"embeddable":true,"href":"https:\/\/sprayify.me\/lv\/wp-json\/wp\/v2\/users\/2143"}],"replies":[{"embeddable":true,"href":"https:\/\/sprayify.me\/lv\/wp-json\/wp\/v2\/comments?post=36"}],"version-history":[{"count":21,"href":"https:\/\/sprayify.me\/lv\/wp-json\/wp\/v2\/pages\/36\/revisions"}],"predecessor-version":[{"id":543,"href":"https:\/\/sprayify.me\/lv\/wp-json\/wp\/v2\/pages\/36\/revisions\/543"}],"wp:featuredmedia":[{"embeddable":true,"href":"https:\/\/sprayify.me\/lv\/wp-json\/wp\/v2\/media\/39"}],"wp:attachment":[{"href":"https:\/\/sprayify.me\/lv\/wp-json\/wp\/v2\/media?parent=36"}],"curies":[{"name":"wp","href":"https:\/\/api.w.org\/{rel}","templated":true}]}}