{"id":1028,"date":"2024-05-08T15:40:37","date_gmt":"2024-05-08T15:40:37","guid":{"rendered":"https:\/\/sprayify.me\/?post_type=product&#038;p=1028"},"modified":"2025-11-23T16:23:15","modified_gmt":"2025-11-23T13:23:15","slug":"professional-limescale-remover","status":"publish","type":"product","link":"https:\/\/sprayify.me\/lv\/products\/professional-limescale-remover\/","title":{"rendered":"Profesion\u0101ls l\u012bdzeklis ka\u013c\u0137akmens nos\u0113dumiem"},"content":{"rendered":"<p><strong>Produkta apraksts: <\/strong>L\u012bdzeklis ir piem\u0113rots lieto\u0161anai vannas istab\u0101 ka\u013c\u0137akmens, r\u016bsas un ziepju aplikumu t\u012br\u012b\u0161anai no izlietn\u0113m, vann\u0101m, lakot\u0101m fl\u012bz\u0113m, du\u0161as kab\u012bn\u0113m, tualetes podiem, santehnikas, met\u0101la ier\u012bc\u0113m u.c. virsm\u0101m.<\/p>\n<p><strong>Lieto\u0161ana:<\/strong><\/p>\n<p>Izsmidziniet l\u012bdzekli uz t\u012br\u0101m\u0101s virsmas un ar mitru lupati\u0146u not\u012briet traipus.<\/p>\n<p>Vienm\u0113r pirms lieto\u0161anas p\u0101rliecinieties, ka produkts neboj\u0101 virsmu, apstr\u0101d\u0101jot nelielu t\u0101s laukumu. Pirms lieto\u0161anas sakrat\u012bt. P\u0113c l\u012bdzek\u013ca lieto\u0161anas nodro\u0161in\u0101t t\u0101 not\u012br\u012b\u0161anu ar mitru lupati\u0146u no virsmas.<\/p>\n<p>Uzman\u012bbu! Nelietot uz marmora, ka\u013c\u0137akmens, dolom\u012bta un dab\u012bg\u0101 akmens virsm\u0101m!<\/p>\n<p><strong>Uzglab\u0101\u0161ana:<\/strong> Uzglab\u0101jiet ori\u0123in\u0101laj\u0101 iepakojum\u0101, saus\u0101, v\u0113s\u0101 un labi ventil\u0113t\u0101 telp\u0101.<\/p>\n<p><strong>Lai sa\u0146emtu produkta dro\u0161\u012bbas datu lapu (DDL) vai jebk\u0101du papildu inform\u0101ciju, l\u016bdzu, sazinieties ar mums pa e-pastu <a href=\"mailto:toms@sprayify.me\">toms@sprayify.me<\/a> vai pa t\u0101lruni <a href=\"tel:+37126460940\">+371 26 460\u00a0940<\/a>.<\/strong><\/p>","protected":false},"excerpt":{"rendered":"<p>L\u012bdzeklis ir lieliski piem\u0113rots ka\u013c\u0137akmens nos\u0113dumu, r\u016bsas un ziepju aplikumu likvid\u0113\u0161anai. Efekt\u012bvais l\u012bdzeklis nodro\u0161ina dzi\u013cu t\u012br\u012b\u0161anu un atjauno virsmu sp\u012bdumu.<\/p>","protected":false},"featured_media":1328,"comment_status":"open","ping_status":"closed","template":"","meta":{"om_disable_all_campaigns":false},"product_brand":[],"product_cat":[29],"product_tag":[],"class_list":{"0":"post-1028","1":"product","2":"type-product","3":"status-publish","4":"has-post-thumbnail","6":"product_cat-cleaners","8":"first","9":"instock","10":"taxable","11":"shipping-taxable","12":"purchasable","13":"product-type-simple"},"yoast_head":"<!-- This site is optimized with the Yoast SEO plugin v26.2 - https:\/\/yoast.com\/wordpress\/plugins\/seo\/ -->\n<title>Professional Cleaner For Limescale Deposits - Sprayify<\/title>\n<meta name=\"robots\" content=\"index, follow, max-snippet:-1, max-image-preview:large, max-video-preview:-1\" \/>\n<link rel=\"canonical\" href=\"https:\/\/sprayify.me\/lv\/products\/professional-limescale-remover\/\" \/>\n<meta property=\"og:locale\" content=\"lv_LV\" \/>\n<meta property=\"og:type\" content=\"article\" \/>\n<meta property=\"og:title\" content=\"Professional Cleaner For Limescale Deposits - Sprayify\" \/>\n<meta property=\"og:description\" content=\"The product is perfectly suited for removal of limescale deposits, rust and soap deposits. The product delivers deep cleaning and restores the shine of the surface.\" \/>\n<meta property=\"og:url\" content=\"https:\/\/sprayify.me\/lv\/products\/professional-limescale-remover\/\" \/>\n<meta property=\"og:site_name\" content=\"Sprayify\" \/>\n<meta property=\"article:publisher\" content=\"https:\/\/www.facebook.com\/Sprayify.me\" \/>\n<meta property=\"article:modified_time\" content=\"2025-11-23T13:23:15+00:00\" \/>\n<meta property=\"og:image\" content=\"https:\/\/sprayify.me\/wp-content\/uploads\/2024\/05\/Professional-cleaner-for-lime-scale-deposits-1-scaled.png\" \/>\n\t<meta property=\"og:image:width\" content=\"2560\" \/>\n\t<meta property=\"og:image:height\" content=\"2560\" \/>\n\t<meta property=\"og:image:type\" content=\"image\/png\" \/>\n<meta name=\"twitter:card\" content=\"summary_large_image\" \/>\n<meta name=\"twitter:label1\" content=\"Est. reading time\" \/>\n\t<meta name=\"twitter:data1\" content=\"1 min\u016bte\" \/>\n<script type=\"application\/ld+json\" class=\"yoast-schema-graph\">{\"@context\":\"https:\/\/schema.org\",\"@graph\":[{\"@type\":\"WebPage\",\"@id\":\"https:\/\/sprayify.me\/product\/professional-limescale-remover\/\",\"url\":\"https:\/\/sprayify.me\/product\/professional-limescale-remover\/\",\"name\":\"Professional Cleaner For Limescale Deposits - Sprayify\",\"isPartOf\":{\"@id\":\"https:\/\/sprayify.me\/en\/#website\"},\"primaryImageOfPage\":{\"@id\":\"https:\/\/sprayify.me\/product\/professional-limescale-remover\/#primaryimage\"},\"image\":{\"@id\":\"https:\/\/sprayify.me\/product\/professional-limescale-remover\/#primaryimage\"},\"thumbnailUrl\":\"https:\/\/sprayify.me\/wp-content\/uploads\/2024\/05\/Professional-cleaner-for-lime-scale-deposits-1-scaled.png\",\"datePublished\":\"2024-05-08T15:40:37+00:00\",\"dateModified\":\"2025-11-23T13:23:15+00:00\",\"breadcrumb\":{\"@id\":\"https:\/\/sprayify.me\/product\/professional-limescale-remover\/#breadcrumb\"},\"inLanguage\":\"lv-LV\",\"potentialAction\":[{\"@type\":\"ReadAction\",\"target\":[\"https:\/\/sprayify.me\/product\/professional-limescale-remover\/\"]}]},{\"@type\":\"ImageObject\",\"inLanguage\":\"lv-LV\",\"@id\":\"https:\/\/sprayify.me\/product\/professional-limescale-remover\/#primaryimage\",\"url\":\"https:\/\/sprayify.me\/wp-content\/uploads\/2024\/05\/Professional-cleaner-for-lime-scale-deposits-1-scaled.png\",\"contentUrl\":\"https:\/\/sprayify.me\/wp-content\/uploads\/2024\/05\/Professional-cleaner-for-lime-scale-deposits-1-scaled.png\",\"width\":2560,\"height\":2560,\"caption\":\"Professional cleaner for lime scale deposits\"},{\"@type\":\"BreadcrumbList\",\"@id\":\"https:\/\/sprayify.me\/product\/professional-limescale-remover\/#breadcrumb\",\"itemListElement\":[{\"@type\":\"ListItem\",\"position\":1,\"name\":\"Home\",\"item\":\"https:\/\/sprayify.me\/en\/\"},{\"@type\":\"ListItem\",\"position\":2,\"name\":\"Shop\",\"item\":\"https:\/\/sprayify.me\/en\/shop-2\/\"},{\"@type\":\"ListItem\",\"position\":3,\"name\":\"Professional Cleaner For Limescale Deposits\"}]},{\"@type\":\"WebSite\",\"@id\":\"https:\/\/sprayify.me\/en\/#website\",\"url\":\"https:\/\/sprayify.me\/en\/\",\"name\":\"Sprayify\",\"description\":\"Antimicrobial Coatings\",\"publisher\":{\"@id\":\"https:\/\/sprayify.me\/en\/#organization\"},\"potentialAction\":[{\"@type\":\"SearchAction\",\"target\":{\"@type\":\"EntryPoint\",\"urlTemplate\":\"https:\/\/sprayify.me\/en\/?s={search_term_string}\"},\"query-input\":{\"@type\":\"PropertyValueSpecification\",\"valueRequired\":true,\"valueName\":\"search_term_string\"}}],\"inLanguage\":\"lv-LV\"},{\"@type\":\"Organization\",\"@id\":\"https:\/\/sprayify.me\/en\/#organization\",\"name\":\"Sprayify SIA\",\"url\":\"https:\/\/sprayify.me\/en\/\",\"logo\":{\"@type\":\"ImageObject\",\"inLanguage\":\"lv-LV\",\"@id\":\"https:\/\/sprayify.me\/en\/#\/schema\/logo\/image\/\",\"url\":\"https:\/\/sprayify.me\/wp-content\/uploads\/2022\/11\/cropped-cropped-Sprayify-Logo-Dark.png\",\"contentUrl\":\"https:\/\/sprayify.me\/wp-content\/uploads\/2022\/11\/cropped-cropped-Sprayify-Logo-Dark.png\",\"width\":722,\"height\":390,\"caption\":\"Sprayify SIA\"},\"image\":{\"@id\":\"https:\/\/sprayify.me\/en\/#\/schema\/logo\/image\/\"},\"sameAs\":[\"https:\/\/www.facebook.com\/Sprayify.me\",\"https:\/\/www.instagram.com\/sprayify_me\/\",\"https:\/\/www.linkedin.com\/company\/sprayify\/\",\"https:\/\/www.tiktok.com\/@sprayify_me\"]}]}<\/script>\n<!-- \/ Yoast SEO plugin. -->","yoast_head_json":{"title":"Professional Cleaner For Limescale Deposits - Sprayify","robots":{"index":"index","follow":"follow","max-snippet":"max-snippet:-1","max-image-preview":"max-image-preview:large","max-video-preview":"max-video-preview:-1"},"canonical":"https:\/\/sprayify.me\/lv\/products\/professional-limescale-remover\/","og_locale":"lv_LV","og_type":"article","og_title":"Professional Cleaner For Limescale Deposits - Sprayify","og_description":"The product is perfectly suited for removal of limescale deposits, rust and soap deposits. The product delivers deep cleaning and restores the shine of the surface.","og_url":"https:\/\/sprayify.me\/lv\/products\/professional-limescale-remover\/","og_site_name":"Sprayify","article_publisher":"https:\/\/www.facebook.com\/Sprayify.me","article_modified_time":"2025-11-23T13:23:15+00:00","og_image":[{"width":2560,"height":2560,"url":"https:\/\/sprayify.me\/wp-content\/uploads\/2024\/05\/Professional-cleaner-for-lime-scale-deposits-1-scaled.png","type":"image\/png"}],"twitter_card":"summary_large_image","twitter_misc":{"Est. reading time":"1 min\u016bte"},"schema":{"@context":"https:\/\/schema.org","@graph":[{"@type":"WebPage","@id":"https:\/\/sprayify.me\/product\/professional-limescale-remover\/","url":"https:\/\/sprayify.me\/product\/professional-limescale-remover\/","name":"Professional Cleaner For Limescale Deposits - Sprayify","isPartOf":{"@id":"https:\/\/sprayify.me\/en\/#website"},"primaryImageOfPage":{"@id":"https:\/\/sprayify.me\/product\/professional-limescale-remover\/#primaryimage"},"image":{"@id":"https:\/\/sprayify.me\/product\/professional-limescale-remover\/#primaryimage"},"thumbnailUrl":"https:\/\/sprayify.me\/wp-content\/uploads\/2024\/05\/Professional-cleaner-for-lime-scale-deposits-1-scaled.png","datePublished":"2024-05-08T15:40:37+00:00","dateModified":"2025-11-23T13:23:15+00:00","breadcrumb":{"@id":"https:\/\/sprayify.me\/product\/professional-limescale-remover\/#breadcrumb"},"inLanguage":"lv-LV","potentialAction":[{"@type":"ReadAction","target":["https:\/\/sprayify.me\/product\/professional-limescale-remover\/"]}]},{"@type":"ImageObject","inLanguage":"lv-LV","@id":"https:\/\/sprayify.me\/product\/professional-limescale-remover\/#primaryimage","url":"https:\/\/sprayify.me\/wp-content\/uploads\/2024\/05\/Professional-cleaner-for-lime-scale-deposits-1-scaled.png","contentUrl":"https:\/\/sprayify.me\/wp-content\/uploads\/2024\/05\/Professional-cleaner-for-lime-scale-deposits-1-scaled.png","width":2560,"height":2560,"caption":"Professional cleaner for lime scale deposits"},{"@type":"BreadcrumbList","@id":"https:\/\/sprayify.me\/product\/professional-limescale-remover\/#breadcrumb","itemListElement":[{"@type":"ListItem","position":1,"name":"Home","item":"https:\/\/sprayify.me\/en\/"},{"@type":"ListItem","position":2,"name":"Shop","item":"https:\/\/sprayify.me\/en\/shop-2\/"},{"@type":"ListItem","position":3,"name":"Professional Cleaner For Limescale Deposits"}]},{"@type":"WebSite","@id":"https:\/\/sprayify.me\/en\/#website","url":"https:\/\/sprayify.me\/en\/","name":"Sprayify","description":"Antimicrobial Coatings","publisher":{"@id":"https:\/\/sprayify.me\/en\/#organization"},"potentialAction":[{"@type":"SearchAction","target":{"@type":"EntryPoint","urlTemplate":"https:\/\/sprayify.me\/en\/?s={search_term_string}"},"query-input":{"@type":"PropertyValueSpecification","valueRequired":true,"valueName":"search_term_string"}}],"inLanguage":"lv-LV"},{"@type":"Organization","@id":"https:\/\/sprayify.me\/en\/#organization","name":"Sprayify SIA","url":"https:\/\/sprayify.me\/en\/","logo":{"@type":"ImageObject","inLanguage":"lv-LV","@id":"https:\/\/sprayify.me\/en\/#\/schema\/logo\/image\/","url":"https:\/\/sprayify.me\/wp-content\/uploads\/2022\/11\/cropped-cropped-Sprayify-Logo-Dark.png","contentUrl":"https:\/\/sprayify.me\/wp-content\/uploads\/2022\/11\/cropped-cropped-Sprayify-Logo-Dark.png","width":722,"height":390,"caption":"Sprayify SIA"},"image":{"@id":"https:\/\/sprayify.me\/en\/#\/schema\/logo\/image\/"},"sameAs":["https:\/\/www.facebook.com\/Sprayify.me","https:\/\/www.instagram.com\/sprayify_me\/","https:\/\/www.linkedin.com\/company\/sprayify\/","https:\/\/www.tiktok.com\/@sprayify_me"]}]}},"jetpack_sharing_enabled":true,"_links":{"self":[{"href":"https:\/\/sprayify.me\/lv\/wp-json\/wp\/v2\/product\/1028","targetHints":{"allow":["GET"]}}],"collection":[{"href":"https:\/\/sprayify.me\/lv\/wp-json\/wp\/v2\/product"}],"about":[{"href":"https:\/\/sprayify.me\/lv\/wp-json\/wp\/v2\/types\/product"}],"replies":[{"embeddable":true,"href":"https:\/\/sprayify.me\/lv\/wp-json\/wp\/v2\/comments?post=1028"}],"wp:featuredmedia":[{"embeddable":true,"href":"https:\/\/sprayify.me\/lv\/wp-json\/wp\/v2\/media\/1328"}],"wp:attachment":[{"href":"https:\/\/sprayify.me\/lv\/wp-json\/wp\/v2\/media?parent=1028"}],"wp:term":[{"taxonomy":"product_brand","embeddable":true,"href":"https:\/\/sprayify.me\/lv\/wp-json\/wp\/v2\/product_brand?post=1028"},{"taxonomy":"product_cat","embeddable":true,"href":"https:\/\/sprayify.me\/lv\/wp-json\/wp\/v2\/product_cat?post=1028"},{"taxonomy":"product_tag","embeddable":true,"href":"https:\/\/sprayify.me\/lv\/wp-json\/wp\/v2\/product_tag?post=1028"}],"curies":[{"name":"wp","href":"https:\/\/api.w.org\/{rel}","templated":true}]}}