{"id":136,"date":"2022-10-11T18:51:59","date_gmt":"2022-10-11T18:51:59","guid":{"rendered":"https:\/\/sprayify.me\/?post_type=product&#038;p=136"},"modified":"2026-04-02T00:51:42","modified_gmt":"2026-04-01T21:51:42","slug":"dezosil-all-purpose-disinfection-coating","status":"publish","type":"product","link":"https:\/\/sprayify.me\/lv\/products\/dezosil-all-purpose-disinfection-coating\/","title":{"rendered":"Dezosil dezinfekcijas p\u0101rkl\u0101jums"},"content":{"rendered":"<p data-start=\"571\" data-end=\"1073\"><strong data-start=\"571\" data-end=\"615\">Dezosil dezinfekcijas p\u0101rkl\u0101jumu<\/strong> ir sp\u0113c\u012bgs bioc\u012bds virsmu apstr\u0101des l\u012bdzeklis, kas nodro\u0161ina ilgsto\u0161u antimikrobi\u0101lu aizsardz\u012bbu uz da\u017e\u0101d\u0101m virsm\u0101m. P\u0113c uzkl\u0101\u0161anas tas veido mitrumiztur\u012bgu barjeru, kas akt\u012bvi neitraliz\u0113 kait\u012bgos mikroorganismus l\u012bdz pat <strong data-start=\"860\" data-end=\"872\">6 m\u0113ne\u0161iem<\/strong>. Neatkar\u012bgi no t\u0101, vai aizsarg\u0101 savu m\u0101jokli, darba vietu vai sabiedrisk\u0101s telpas, <strong data-start=\"941\" data-end=\"985\">Dezosil dezinfekcijas p\u0101rkl\u0101jumu<\/strong> pied\u0101v\u0101 vienk\u0101r\u0161u un efekt\u012bvu higi\u0113nas risin\u0101jumu, kas ietaupa laiku un uztur t\u012br\u012bbu.<\/p>\n<p data-start=\"1075\" data-end=\"1104\"><strong data-start=\"1075\" data-end=\"1104\">Lieto\u0161ana:<\/strong><\/p>\n<p data-start=\"1106\" data-end=\"1342\">Lai sasniegtu optim\u0101lus rezult\u0101tus, izsmidzini produktu uz t\u012bras, sausas virsmas ar pat\u0113ri\u0146u 50 ml\/m\u00b2. Vienm\u0113r\u012bgi izkl\u0101j to ar dr\u0101nu, veidojot pl\u0101nu un vienm\u0113r\u012bgu k\u0101rtu. Virsma b\u016bs gatava lieto\u0161anai aptuveni divas min\u016btes p\u0113c no\u017e\u016b\u0161anas.<\/p>\n<p data-start=\"1344\" data-end=\"1528\"><strong data-start=\"1344\" data-end=\"1358\">Svar\u012bgi:<\/strong> Pirms piln\u012bgas uzkl\u0101\u0161anas vienm\u0113r veic p\u0101rbaudi neliel\u0101, neredzam\u0101 viet\u0101 \u2013 \u012bpa\u0161i uz plastmasas vai kr\u0101sot\u0101m virsm\u0101m \u2013, lai p\u0101rliecin\u0101tos par materi\u0101la sader\u012bbu un izvair\u012btos no nev\u0113lamas kr\u0101sas mai\u0146as.<\/p>\n<p data-start=\"1530\" data-end=\"1574\"><strong data-start=\"1530\" data-end=\"1574\">Virsmai specifiskas uzkl\u0101\u0161anas vadl\u012bnijas:<\/strong><\/p>\n<ul data-start=\"1575\" data-end=\"1936\">\n<li data-start=\"1575\" data-end=\"1649\">\n<p data-start=\"1577\" data-end=\"1649\"><strong data-start=\"1577\" data-end=\"1617\">Rokturi un pogas sabiedrisk\u0101s viet\u0101s<\/strong>: uzkl\u0101j atk\u0101rtoti vismaz divas reizes ned\u0113\u013c\u0101.<\/p>\n<\/li>\n<li data-start=\"1650\" data-end=\"1731\">\n<p data-start=\"1652\" data-end=\"1731\"><strong data-start=\"1652\" data-end=\"1688\">Lielas vai reti aiztiktas virsmas<\/strong>: piem\u0113ram, rakst\u0101mgaldi vai letes \u2013 reizi m\u0113nes\u012b.<\/p>\n<\/li>\n<li data-start=\"1732\" data-end=\"1831\">\n<p data-start=\"1734\" data-end=\"1831\"><strong data-start=\"1734\" data-end=\"1768\">\u0112damgaldi sabiedrisk\u0101s viet\u0101s<\/strong>: reizi ned\u0113\u013c\u0101; m\u0101jsaimniec\u012bbas \u0113damgaldiem \u2013 reizi 1\u20132 m\u0113ne\u0161os.<\/p>\n<\/li>\n<li data-start=\"1832\" data-end=\"1936\">\n<p data-start=\"1834\" data-end=\"1936\"><strong data-start=\"1834\" data-end=\"1876\">Ledusskapji un p\u0101rtikas uzglab\u0101\u0161anas plaukti<\/strong>: uzkl\u0101j atk\u0101rtoti ik p\u0113c 2\u20134 m\u0113ne\u0161iem atkar\u012bb\u0101 no lieto\u0161anas intensit\u0101tes un iedarb\u012bbas.<\/p>\n<\/li>\n<\/ul>\n<p data-start=\"1938\" data-end=\"2055\"><strong data-start=\"1938\" data-end=\"1950\">Uzglab\u0101\u0161ana:<\/strong><br \/>\nUzglab\u0101 produktu ori\u0123in\u0101laj\u0101 iepakojum\u0101 saus\u0101, v\u0113s\u0101 un labi v\u0113din\u0101m\u0101 viet\u0101.<\/p>\n<p data-start=\"2057\" data-end=\"2185\"><strong data-start=\"2057\" data-end=\"2083\">Bioc\u012bda invertiz\u0101cijas nr.:<\/strong> LV19092022\/6697<br data-start=\"2099\" data-end=\"2102\" \/>Bioc\u012bdus lieto piesardz\u012bgi. Vienm\u0113r pirms lieto\u0161anas izlasi mar\u0137\u0113jumu un produkta inform\u0101ciju!<\/p>\n<p data-start=\"2187\" data-end=\"2440\"><strong data-start=\"2187\" data-end=\"2223\">Mekl\u0113 ier\u012b\u010du dezinfekciju?<\/strong><br data-start=\"2223\" data-end=\"2226\" \/>Dro\u0161ai un \u0113rtai telefonu, plan\u0161etdatoru un elektronikas t\u012br\u012b\u0161anai izm\u0113\u0123ini <a class=\"\" href=\"https:\/\/sprayify.me\/lv\/products\/dezosil-for-electronics\/\" target=\"_new\" rel=\"noopener\" data-start=\"2300\" data-end=\"2382\">Dezosil viedier\u012bc\u0113m<\/a>. Tas ir kompakts, \u0113rti p\u0101rn\u0113s\u0101jams un ide\u0101li piem\u0113rots higi\u0113nai ce\u013c\u0101.<\/p>\n<p data-start=\"2442\" data-end=\"2627\"><strong data-start=\"2442\" data-end=\"2461\">Nepiecie\u0161ama papildus inform\u0101cija?<\/strong><br data-start=\"2461\" data-end=\"2464\" \/>Skaties <a class=\"\" href=\"https:\/\/www.ecdc.europa.eu\/en\" target=\"_new\" rel=\"noopener\" data-start=\"2477\" data-end=\"2560\">European Centre for Disease Prevention and Control<\/a> ekspertu vadl\u012bnijas par virsmu dezinfekciju un higi\u0113nas standartiem.<\/p>\n<p data-start=\"2629\" data-end=\"2944\"><strong data-start=\"2629\" data-end=\"2685\">K\u0101pec izv\u0113l\u0113ties Dezosil dezinfekcijas p\u0101rkl\u0101jumu?<\/strong><br data-start=\"2685\" data-end=\"2688\" \/>At\u0161\u0137ir\u012bb\u0101 no parastajiem dezinfekcijas l\u012bdzek\u013ciem, kas \u0101tri izz\u016bd, \u0161is inovat\u012bvais risin\u0101jums nodro\u0161ina ilgtermi\u0146a virsmu aizsardz\u012bbu. Tas ir gudrs risin\u0101jums, lai samazin\u0101tu kontamin\u0101cijas riskus un mazin\u0101tu ikdienas t\u012br\u012b\u0161anas apjomu \u2013 ide\u0101li piem\u0113rots skol\u0101m, birojiem, virtuv\u0113m un cit\u0101m viet\u0101m.<\/p>\n<p data-start=\"2946\" data-end=\"3106\">Izv\u0113lies <strong data-start=\"2953\" data-end=\"2997\">Dezosil dezinfekcijas p\u0101rkl\u0101jumu<\/strong> jau \u0161odien un izbaudiet uzticamu, zin\u0101tniski pamatotu aizsardz\u012bbu un liel\u0101ku sirdsmieru visur, kur higi\u0113na ir vissvar\u012bg\u0101k\u0101.<\/p>\n<p data-start=\"2946\" data-end=\"3106\"><strong>Lai sa\u0146emtu produkta dro\u0161\u012bbas datu lapu (DDL) vai jebk\u0101du papildu inform\u0101ciju, l\u016bdzu, sazinieties ar mums pa e-pastu <a href=\"mailto:toms@sprayify.me\">toms@sprayify.me<\/a> vai pa t\u0101lruni <a href=\"tel:+37126460940\">+371 26 460\u00a0940<\/a>.<\/strong><\/p>","protected":false},"excerpt":{"rendered":"<p>Dezosil dezinfekcijas p\u0101rkl\u0101jums veido iztur\u012bgu, aizsarg\u0101jo\u0161u k\u0101rtu, kas izn\u012bcina kait\u012bgos mikroorganismus un uztur virsmas dezinfic\u0113tas l\u012bdz pat 6 m\u0113ne\u0161iem. Ide\u0101li piem\u0113rots bie\u017ei aizskaram\u0101m virsm\u0101m, piem\u0113ram, durvju rokturiem, galdiem, pog\u0101m un sl\u0113d\u017eiem. Viegli lietojams \u2013 izsmidzini, noslauki, un darbs padar\u012bts. Lieliski piem\u0113rots m\u0101j\u0101m, birojiem un sabiedrisk\u0101m telp\u0101m.<\/p>","protected":false},"featured_media":1004,"comment_status":"open","ping_status":"closed","template":"","meta":{"om_disable_all_campaigns":false},"product_brand":[],"product_cat":[28],"product_tag":[],"class_list":{"0":"post-136","1":"product","2":"type-product","3":"status-publish","4":"has-post-thumbnail","6":"product_cat-coatings","8":"first","9":"instock","10":"sale","11":"featured","12":"taxable","13":"shipping-taxable","14":"purchasable","15":"product-type-variable"},"yoast_head":"<!-- This site is optimized with the Yoast SEO plugin v26.2 - https:\/\/yoast.com\/wordpress\/plugins\/seo\/ -->\n<title>Dezosil All\u2011Purpose Disinfection Coating - Long Lasting<\/title>\n<meta name=\"description\" content=\"Dezosil All-Purpose Disinfection Coating kills microbes and protects surfaces for up to 6 months. Ideal for handles, tables, and high-contact areas.\" \/>\n<meta name=\"robots\" content=\"index, follow, max-snippet:-1, max-image-preview:large, max-video-preview:-1\" \/>\n<link rel=\"canonical\" href=\"https:\/\/sprayify.me\/lv\/products\/dezosil-all-purpose-disinfection-coating\/\" \/>\n<meta property=\"og:locale\" content=\"lv_LV\" \/>\n<meta property=\"og:type\" content=\"article\" \/>\n<meta property=\"og:title\" content=\"Dezosil All\u2011Purpose Disinfection Coating - Long Lasting\" \/>\n<meta property=\"og:description\" content=\"Dezosil All-Purpose Disinfection Coating kills microbes and protects surfaces for up to 6 months. Ideal for handles, tables, and high-contact areas.\" \/>\n<meta property=\"og:url\" content=\"https:\/\/sprayify.me\/lv\/products\/dezosil-all-purpose-disinfection-coating\/\" \/>\n<meta property=\"og:site_name\" content=\"Sprayify\" \/>\n<meta property=\"article:publisher\" content=\"https:\/\/www.facebook.com\/Sprayify.me\" \/>\n<meta property=\"article:modified_time\" content=\"2026-04-01T21:51:42+00:00\" \/>\n<meta property=\"og:image\" content=\"https:\/\/sprayify.me\/wp-content\/uploads\/2023\/09\/Dezosil_eng_450_mockup-1024x1024.png\" \/>\n\t<meta property=\"og:image:width\" content=\"1024\" \/>\n\t<meta property=\"og:image:height\" content=\"1024\" \/>\n\t<meta property=\"og:image:type\" content=\"image\/png\" \/>\n<meta name=\"twitter:card\" content=\"summary_large_image\" \/>\n<meta name=\"twitter:label1\" content=\"Est. reading time\" \/>\n\t<meta name=\"twitter:data1\" content=\"2 min\u016btes\" \/>\n<script type=\"application\/ld+json\" class=\"yoast-schema-graph\">{\"@context\":\"https:\/\/schema.org\",\"@graph\":[{\"@type\":\"WebPage\",\"@id\":\"https:\/\/sprayify.me\/product\/dezosil-all-purpose-disinfection-coating\/\",\"url\":\"https:\/\/sprayify.me\/product\/dezosil-all-purpose-disinfection-coating\/\",\"name\":\"Dezosil All\u2011Purpose Disinfection Coating - Long Lasting\",\"isPartOf\":{\"@id\":\"https:\/\/sprayify.me\/en\/#website\"},\"primaryImageOfPage\":{\"@id\":\"https:\/\/sprayify.me\/product\/dezosil-all-purpose-disinfection-coating\/#primaryimage\"},\"image\":{\"@id\":\"https:\/\/sprayify.me\/product\/dezosil-all-purpose-disinfection-coating\/#primaryimage\"},\"thumbnailUrl\":\"https:\/\/sprayify.me\/wp-content\/uploads\/2023\/09\/Dezosil_eng_450_mockup.png\",\"datePublished\":\"2022-10-11T18:51:59+00:00\",\"dateModified\":\"2026-04-01T21:51:42+00:00\",\"description\":\"Dezosil All-Purpose Disinfection Coating kills microbes and protects surfaces for up to 6 months. Ideal for handles, tables, and high-contact areas.\",\"breadcrumb\":{\"@id\":\"https:\/\/sprayify.me\/product\/dezosil-all-purpose-disinfection-coating\/#breadcrumb\"},\"inLanguage\":\"lv-LV\",\"potentialAction\":[{\"@type\":\"ReadAction\",\"target\":[\"https:\/\/sprayify.me\/product\/dezosil-all-purpose-disinfection-coating\/\"]}]},{\"@type\":\"ImageObject\",\"inLanguage\":\"lv-LV\",\"@id\":\"https:\/\/sprayify.me\/product\/dezosil-all-purpose-disinfection-coating\/#primaryimage\",\"url\":\"https:\/\/sprayify.me\/wp-content\/uploads\/2023\/09\/Dezosil_eng_450_mockup.png\",\"contentUrl\":\"https:\/\/sprayify.me\/wp-content\/uploads\/2023\/09\/Dezosil_eng_450_mockup.png\",\"width\":3543,\"height\":3543,\"caption\":\"Dezosil disinfection coating\"},{\"@type\":\"BreadcrumbList\",\"@id\":\"https:\/\/sprayify.me\/product\/dezosil-all-purpose-disinfection-coating\/#breadcrumb\",\"itemListElement\":[{\"@type\":\"ListItem\",\"position\":1,\"name\":\"Home\",\"item\":\"https:\/\/sprayify.me\/en\/\"},{\"@type\":\"ListItem\",\"position\":2,\"name\":\"Shop\",\"item\":\"https:\/\/sprayify.me\/en\/shop-2\/\"},{\"@type\":\"ListItem\",\"position\":3,\"name\":\"Dezosil Disinfection Coating\"}]},{\"@type\":\"WebSite\",\"@id\":\"https:\/\/sprayify.me\/en\/#website\",\"url\":\"https:\/\/sprayify.me\/en\/\",\"name\":\"Sprayify\",\"description\":\"Antimicrobial Coatings\",\"publisher\":{\"@id\":\"https:\/\/sprayify.me\/en\/#organization\"},\"potentialAction\":[{\"@type\":\"SearchAction\",\"target\":{\"@type\":\"EntryPoint\",\"urlTemplate\":\"https:\/\/sprayify.me\/en\/?s={search_term_string}\"},\"query-input\":{\"@type\":\"PropertyValueSpecification\",\"valueRequired\":true,\"valueName\":\"search_term_string\"}}],\"inLanguage\":\"lv-LV\"},{\"@type\":\"Organization\",\"@id\":\"https:\/\/sprayify.me\/en\/#organization\",\"name\":\"Sprayify SIA\",\"url\":\"https:\/\/sprayify.me\/en\/\",\"logo\":{\"@type\":\"ImageObject\",\"inLanguage\":\"lv-LV\",\"@id\":\"https:\/\/sprayify.me\/en\/#\/schema\/logo\/image\/\",\"url\":\"https:\/\/sprayify.me\/wp-content\/uploads\/2022\/11\/cropped-cropped-Sprayify-Logo-Dark.png\",\"contentUrl\":\"https:\/\/sprayify.me\/wp-content\/uploads\/2022\/11\/cropped-cropped-Sprayify-Logo-Dark.png\",\"width\":722,\"height\":390,\"caption\":\"Sprayify SIA\"},\"image\":{\"@id\":\"https:\/\/sprayify.me\/en\/#\/schema\/logo\/image\/\"},\"sameAs\":[\"https:\/\/www.facebook.com\/Sprayify.me\",\"https:\/\/www.instagram.com\/sprayify_me\/\",\"https:\/\/www.linkedin.com\/company\/sprayify\/\",\"https:\/\/www.tiktok.com\/@sprayify_me\"]}]}<\/script>\n<!-- \/ Yoast SEO plugin. -->","yoast_head_json":{"title":"Dezosil All\u2011Purpose Disinfection Coating - Long Lasting","description":"Dezosil All-Purpose Disinfection Coating kills microbes and protects surfaces for up to 6 months. Ideal for handles, tables, and high-contact areas.","robots":{"index":"index","follow":"follow","max-snippet":"max-snippet:-1","max-image-preview":"max-image-preview:large","max-video-preview":"max-video-preview:-1"},"canonical":"https:\/\/sprayify.me\/lv\/products\/dezosil-all-purpose-disinfection-coating\/","og_locale":"lv_LV","og_type":"article","og_title":"Dezosil All\u2011Purpose Disinfection Coating - Long Lasting","og_description":"Dezosil All-Purpose Disinfection Coating kills microbes and protects surfaces for up to 6 months. Ideal for handles, tables, and high-contact areas.","og_url":"https:\/\/sprayify.me\/lv\/products\/dezosil-all-purpose-disinfection-coating\/","og_site_name":"Sprayify","article_publisher":"https:\/\/www.facebook.com\/Sprayify.me","article_modified_time":"2026-04-01T21:51:42+00:00","og_image":[{"width":1024,"height":1024,"url":"https:\/\/sprayify.me\/wp-content\/uploads\/2023\/09\/Dezosil_eng_450_mockup-1024x1024.png","type":"image\/png"}],"twitter_card":"summary_large_image","twitter_misc":{"Est. reading time":"2 min\u016btes"},"schema":{"@context":"https:\/\/schema.org","@graph":[{"@type":"WebPage","@id":"https:\/\/sprayify.me\/product\/dezosil-all-purpose-disinfection-coating\/","url":"https:\/\/sprayify.me\/product\/dezosil-all-purpose-disinfection-coating\/","name":"Dezosil All\u2011Purpose Disinfection Coating - Long Lasting","isPartOf":{"@id":"https:\/\/sprayify.me\/en\/#website"},"primaryImageOfPage":{"@id":"https:\/\/sprayify.me\/product\/dezosil-all-purpose-disinfection-coating\/#primaryimage"},"image":{"@id":"https:\/\/sprayify.me\/product\/dezosil-all-purpose-disinfection-coating\/#primaryimage"},"thumbnailUrl":"https:\/\/sprayify.me\/wp-content\/uploads\/2023\/09\/Dezosil_eng_450_mockup.png","datePublished":"2022-10-11T18:51:59+00:00","dateModified":"2026-04-01T21:51:42+00:00","description":"Dezosil All-Purpose Disinfection Coating kills microbes and protects surfaces for up to 6 months. Ideal for handles, tables, and high-contact areas.","breadcrumb":{"@id":"https:\/\/sprayify.me\/product\/dezosil-all-purpose-disinfection-coating\/#breadcrumb"},"inLanguage":"lv-LV","potentialAction":[{"@type":"ReadAction","target":["https:\/\/sprayify.me\/product\/dezosil-all-purpose-disinfection-coating\/"]}]},{"@type":"ImageObject","inLanguage":"lv-LV","@id":"https:\/\/sprayify.me\/product\/dezosil-all-purpose-disinfection-coating\/#primaryimage","url":"https:\/\/sprayify.me\/wp-content\/uploads\/2023\/09\/Dezosil_eng_450_mockup.png","contentUrl":"https:\/\/sprayify.me\/wp-content\/uploads\/2023\/09\/Dezosil_eng_450_mockup.png","width":3543,"height":3543,"caption":"Dezosil disinfection coating"},{"@type":"BreadcrumbList","@id":"https:\/\/sprayify.me\/product\/dezosil-all-purpose-disinfection-coating\/#breadcrumb","itemListElement":[{"@type":"ListItem","position":1,"name":"Home","item":"https:\/\/sprayify.me\/en\/"},{"@type":"ListItem","position":2,"name":"Shop","item":"https:\/\/sprayify.me\/en\/shop-2\/"},{"@type":"ListItem","position":3,"name":"Dezosil Disinfection Coating"}]},{"@type":"WebSite","@id":"https:\/\/sprayify.me\/en\/#website","url":"https:\/\/sprayify.me\/en\/","name":"Sprayify","description":"Antimicrobial Coatings","publisher":{"@id":"https:\/\/sprayify.me\/en\/#organization"},"potentialAction":[{"@type":"SearchAction","target":{"@type":"EntryPoint","urlTemplate":"https:\/\/sprayify.me\/en\/?s={search_term_string}"},"query-input":{"@type":"PropertyValueSpecification","valueRequired":true,"valueName":"search_term_string"}}],"inLanguage":"lv-LV"},{"@type":"Organization","@id":"https:\/\/sprayify.me\/en\/#organization","name":"Sprayify SIA","url":"https:\/\/sprayify.me\/en\/","logo":{"@type":"ImageObject","inLanguage":"lv-LV","@id":"https:\/\/sprayify.me\/en\/#\/schema\/logo\/image\/","url":"https:\/\/sprayify.me\/wp-content\/uploads\/2022\/11\/cropped-cropped-Sprayify-Logo-Dark.png","contentUrl":"https:\/\/sprayify.me\/wp-content\/uploads\/2022\/11\/cropped-cropped-Sprayify-Logo-Dark.png","width":722,"height":390,"caption":"Sprayify SIA"},"image":{"@id":"https:\/\/sprayify.me\/en\/#\/schema\/logo\/image\/"},"sameAs":["https:\/\/www.facebook.com\/Sprayify.me","https:\/\/www.instagram.com\/sprayify_me\/","https:\/\/www.linkedin.com\/company\/sprayify\/","https:\/\/www.tiktok.com\/@sprayify_me"]}]}},"jetpack_sharing_enabled":true,"_links":{"self":[{"href":"https:\/\/sprayify.me\/lv\/wp-json\/wp\/v2\/product\/136","targetHints":{"allow":["GET"]}}],"collection":[{"href":"https:\/\/sprayify.me\/lv\/wp-json\/wp\/v2\/product"}],"about":[{"href":"https:\/\/sprayify.me\/lv\/wp-json\/wp\/v2\/types\/product"}],"replies":[{"embeddable":true,"href":"https:\/\/sprayify.me\/lv\/wp-json\/wp\/v2\/comments?post=136"}],"wp:featuredmedia":[{"embeddable":true,"href":"https:\/\/sprayify.me\/lv\/wp-json\/wp\/v2\/media\/1004"}],"wp:attachment":[{"href":"https:\/\/sprayify.me\/lv\/wp-json\/wp\/v2\/media?parent=136"}],"wp:term":[{"taxonomy":"product_brand","embeddable":true,"href":"https:\/\/sprayify.me\/lv\/wp-json\/wp\/v2\/product_brand?post=136"},{"taxonomy":"product_cat","embeddable":true,"href":"https:\/\/sprayify.me\/lv\/wp-json\/wp\/v2\/product_cat?post=136"},{"taxonomy":"product_tag","embeddable":true,"href":"https:\/\/sprayify.me\/lv\/wp-json\/wp\/v2\/product_tag?post=136"}],"curies":[{"name":"wp","href":"https:\/\/api.w.org\/{rel}","templated":true}]}}