{"id":466,"date":"2023-01-15T15:13:16","date_gmt":"2023-01-15T15:13:16","guid":{"rendered":"https:\/\/sprayify.me\/?post_type=product&#038;p=466"},"modified":"2026-04-02T00:51:57","modified_gmt":"2026-04-01T21:51:57","slug":"fungosil-antimold-coating","status":"publish","type":"product","link":"https:\/\/sprayify.me\/lv\/products\/fungosil-antimold-coating\/","title":{"rendered":"Fungosil pretpel\u0113juma p\u0101rkl\u0101jums"},"content":{"rendered":"<p data-start=\"236\" data-end=\"560\"><strong data-start=\"236\" data-end=\"266\">Fungosil pretpel\u0113juma p\u0101rkl\u0101jums<\/strong> is an advanced solution designed to protect walls, ceilings, and other surfaces from mold and mildew. Moisture-prone spaces can quickly become breeding grounds for mold, but using a reliable product like Fungosil ensures a healthier indoor environment while keeping surfaces clean.<\/p>\n<h4 data-start=\"562\" data-end=\"577\">Galvenie produkta ieguvumi<\/h4>\n<ul data-start=\"578\" data-end=\"807\">\n<li data-start=\"578\" data-end=\"634\">\n<p data-start=\"580\" data-end=\"634\">Veido iztur\u012bgu, mitrumiztur\u012bgu aizsargsl\u0101ni<\/p>\n<\/li>\n<li data-start=\"688\" data-end=\"755\">\n<p data-start=\"690\" data-end=\"755\">Ide\u0101li piem\u0113rots vannas istab\u0101m, virtuv\u0113m, pagrabiem un komerctelp\u0101m<\/p>\n<\/li>\n<li data-start=\"756\" data-end=\"807\">\n<p data-start=\"758\" data-end=\"807\">Viegli lietojams<\/p>\n<\/li>\n<\/ul>\n<p data-start=\"809\" data-end=\"878\"><strong data-start=\"809\" data-end=\"818\">Piez\u012bme:<\/strong> Nav ieteicams izmantot uz virsm\u0101m, kas non\u0101k tie\u0161\u0101 saskar\u0113 ar p\u0101rtiku.<\/p>\n<hr data-start=\"880\" data-end=\"883\" \/>\n<h4 data-start=\"885\" data-end=\"899\">Lieto\u0161ana<\/h4>\n<ol data-start=\"900\" data-end=\"1061\">\n<li data-start=\"900\" data-end=\"942\">\n<p data-start=\"903\" data-end=\"942\">Pirms lieto\u0161anas not\u012briet un nosusiniet virsmu.<\/p>\n<\/li>\n<li data-start=\"943\" data-end=\"980\">\n<p data-start=\"946\" data-end=\"980\">Uzsmidziniet Fungosil uz virsmas.<\/p>\n<\/li>\n<li data-start=\"981\" data-end=\"1029\">\n<p data-start=\"984\" data-end=\"1029\">Vienm\u0113r\u012bgi izl\u012bdziniet ar lupati\u0146u.<\/p>\n<\/li>\n<li data-start=\"1030\" data-end=\"1061\">\n<p data-start=\"1033\" data-end=\"1061\">\u013baujiet no\u017e\u016bt (~2 min\u016btes).<\/p>\n<\/li>\n<\/ol>\n<p data-start=\"1063\" data-end=\"1233\">P\u0113c no\u017e\u016b\u0161anas var par\u0101d\u012bties viegls zilgans tonis, kas uz gai\u0161\u0101m virsm\u0101m var b\u016bt paman\u0101ms.<br data-start=\"1150\" data-end=\"1153\" \/>Vienm\u0113r vispirms p\u0101rbaudiet produktu maz\u0101k redzam\u0101 viet\u0101 \u2014 \u012bpa\u0161i uz kr\u0101sot\u0101m virsm\u0101m.<\/p>\n<hr data-start=\"1235\" data-end=\"1238\" \/>\n<h4 data-start=\"1240\" data-end=\"1250\">Uzglab\u0101\u0161ana<\/h4>\n<ul data-start=\"1251\" data-end=\"1337\">\n<li data-start=\"1251\" data-end=\"1286\">\n<p data-start=\"1253\" data-end=\"1286\">Uzglab\u0101jiet ori\u0123in\u0101laj\u0101 iepakojum\u0101<\/p>\n<\/li>\n<li data-start=\"1287\" data-end=\"1337\">\n<p data-start=\"1289\" data-end=\"1337\">Glab\u0101t saus\u0101, v\u0113s\u0101 un labi v\u0113din\u0101m\u0101 viet\u0101<\/p>\n<\/li>\n<\/ul>\n<p data-start=\"1339\" data-end=\"1466\"><strong data-start=\"1339\" data-end=\"1365\">Bioc\u012bda inventariz\u0101cijas nr.:<\/strong> LV02102024\/7361<br data-start=\"1381\" data-end=\"1384\" \/><em data-start=\"1384\" data-end=\"1464\">Bioc\u012bdus lietojiet uzman\u012bgi. Pirms lieto\u0161anas vienm\u0113r izlasiet lieto\u0161anas un produkta nol\u016bka inform\u0101ciju<\/em><\/p>\n<hr data-start=\"1468\" data-end=\"1471\" \/>\n<h4 data-start=\"1473\" data-end=\"1495\">Papildus inform\u0101cija<\/h4>\n<ul data-start=\"1496\" data-end=\"1820\">\n<li data-start=\"1496\" data-end=\"1634\">\n<p data-start=\"1498\" data-end=\"1634\">M\u012bkstaj\u0101m virsm\u0101m (d\u012bv\u0101niem, pakl\u0101jiem, kr\u0113sliem) izmantojiet <a href=\"https:\/\/sprayify.me\/lv\/products\/fibersil-anti-mold-agent-for-carpets\/\"><strong data-start=\"1546\" data-end=\"1588\">Fibersil pretpel\u0113juma p\u0101rkl\u0101jumu pakl\u0101jiem<\/strong><\/a> vai <a href=\"https:\/\/sprayify.me\/lv\/products\/fungosil-automotive-anti-mold-agent\/\"><strong data-start=\"1592\" data-end=\"1631\">Fibersil pretpel\u0113juma p\u0101rkl\u0101jumu automa\u0161\u012bn\u0101m<\/strong><\/a>.<\/p>\n<\/li>\n<li data-start=\"1635\" data-end=\"1739\">\n<p data-start=\"1637\" data-end=\"1739\">Uzziniet vair\u0101k par pel\u0113juma profilaksi uzticamos avotos, piem\u0113ram, <a href=\"https:\/\/www.epa.gov\/mold\"><strong data-start=\"1705\" data-end=\"1736\">EPA's pel\u0113juma inform\u0101cijas lap\u0101<\/strong><\/a>.<\/p>\n<\/li>\n<li data-start=\"1740\" data-end=\"1820\">\n<p data-start=\"1742\" data-end=\"1820\">Iepaz\u012bsties ar <a href=\"https:\/\/sprayify.me\/lv\/fungosil-un-eksperiments-ar-pelejumu\/\">m\u016bsu blog\u0101 public\u0113to pel\u0113juma eksperimentu<\/a> kas pier\u0101da, ka Fungosil tie\u0161\u0101m darbojas.<\/p>\n<\/li>\n<\/ul>\n<hr data-start=\"1822\" data-end=\"1825\" \/>\n<h4 data-start=\"1827\" data-end=\"1857\">Bie\u017e\u0101k uzdotie jaut\u0101jumi<\/h4>\n<h5 data-start=\"1859\" data-end=\"1901\">Kas ir pel\u0113jums un k\u0101p\u0113c tas rodas?<\/h5>\n<p data-start=\"1902\" data-end=\"2096\">Pel\u0113jums ir mikroskopiska s\u0113ne, kas aug mitr\u0101s un nepietiekami v\u0113din\u0101t\u0101s viet\u0101s. Tas bie\u017ei par\u0101d\u0101s vannas istab\u0101s, virtuv\u0113s un pagrabos, kur mitrums ir augsts un virsmas netiek \u0101tri nosusin\u0101tas.<\/p>\n<h5 data-start=\"2098\" data-end=\"2122\">Vai pel\u0113jums ir b\u012bstams?<\/h5>\n<p data-start=\"2123\" data-end=\"2298\">J\u0101. Saskare ar pel\u0113jumu var izrais\u012bt aler\u0123ijas, elpo\u0161anas trauc\u0113jumus un negat\u012bvi ietekm\u0113t pa\u0161saj\u016btu. Ilgsto\u0161a iedarb\u012bba var kait\u0113t gan cilv\u0113ka vesel\u012bbai, gan \u0113kas konstrukcij\u0101m.<\/p>\n<h5 data-start=\"2300\" data-end=\"2337\">K\u0101 efekt\u012bvi likvid\u0113t pel\u0113jumu?<\/h5>\n<p data-start=\"2338\" data-end=\"2543\">Efekt\u012bvai likvid\u0113\u0161anai nepiecie\u0161ams uzticams risin\u0101jums, kas ne tikai not\u012bra eso\u0161o pel\u0113jumu, bet ar\u012b nov\u0113r\u0161 t\u0101 atk\u0101rtotu par\u0101d\u012b\u0161anos. <strong data-start=\"2450\" data-end=\"2480\">Fungosil pretpel\u0113juma p\u0101rkl\u0101jums<\/strong> darbojas k\u0101 dro\u0161s, ilgnotur\u012bgs aizsargsl\u0101nis pret pel\u0113jumu.<\/p>\n<p data-start=\"2338\" data-end=\"2543\"><strong>Lai sa\u0146emtu produkta dro\u0161\u012bbas datu lapu (DDL) vai jebk\u0101du papildu inform\u0101ciju, l\u016bdzu, sazinieties ar mums pa e-pastu <a href=\"mailto:toms@sprayify.me\">toms@sprayify.me<\/a> vai pa t\u0101lruni <a href=\"tel:+37126460940\">+371 26 460\u00a0940<\/a>.<\/strong><\/p>","protected":false},"excerpt":{"rendered":"<p>Aizsarg\u0101 telpas no pel\u0113juma ar Fungosil pretpel\u0113juma p\u0101rkl\u0101jumu. Pel\u0113juma l\u012bdzek\u013ca modern\u0101 formula nodro\u0161ina iztur\u012bgu un ilgsto\u0161u aizsardz\u012bbu pret pel\u0113jumu, veicinot t\u012br\u0101ku un vesel\u012bg\u0101ku vidi m\u0101j\u0101s un uz\u0146\u0113mumos.<\/p>","protected":false},"featured_media":1010,"comment_status":"open","ping_status":"closed","template":"","meta":{"om_disable_all_campaigns":false},"product_brand":[],"product_cat":[34,29,28],"product_tag":[],"class_list":{"0":"post-466","1":"product","2":"type-product","3":"status-publish","4":"has-post-thumbnail","6":"product_cat-anti-mold","7":"product_cat-cleaners","8":"product_cat-coatings","10":"first","11":"instock","12":"sale","13":"featured","14":"taxable","15":"shipping-taxable","16":"purchasable","17":"product-type-variable"},"yoast_head":"<!-- This site is optimized with the Yoast SEO plugin v26.2 - https:\/\/yoast.com\/wordpress\/plugins\/seo\/ -->\n<title>Antimold Coating \u2013 Powerful Fungosil Mold Protection | Sprayify<\/title>\n<meta name=\"description\" content=\"Protect your home with Fungosil Antimold Coating \u2013 a powerful, long-lasting solution against mold and mildew. Safe, effective, and easy to apply!\" \/>\n<meta name=\"robots\" content=\"index, follow, max-snippet:-1, max-image-preview:large, max-video-preview:-1\" \/>\n<link rel=\"canonical\" href=\"https:\/\/sprayify.me\/lv\/products\/fungosil-antimold-coating\/\" \/>\n<meta property=\"og:locale\" content=\"lv_LV\" \/>\n<meta property=\"og:type\" content=\"article\" \/>\n<meta property=\"og:title\" content=\"Antimold Coating \u2013 Powerful Fungosil Mold Protection | Sprayify\" \/>\n<meta property=\"og:description\" content=\"Protect your home with Fungosil Antimold Coating \u2013 a powerful, long-lasting solution against mold and mildew. Safe, effective, and easy to apply!\" \/>\n<meta property=\"og:url\" content=\"https:\/\/sprayify.me\/lv\/products\/fungosil-antimold-coating\/\" \/>\n<meta property=\"og:site_name\" content=\"Sprayify\" \/>\n<meta property=\"article:publisher\" content=\"https:\/\/www.facebook.com\/Sprayify.me\" \/>\n<meta property=\"article:modified_time\" content=\"2026-04-01T21:51:57+00:00\" \/>\n<meta property=\"og:image\" content=\"https:\/\/sprayify.me\/wp-content\/uploads\/2023\/09\/Fungosil_mockup_eng-1024x1024.png\" \/>\n\t<meta property=\"og:image:width\" content=\"1024\" \/>\n\t<meta property=\"og:image:height\" content=\"1024\" \/>\n\t<meta property=\"og:image:type\" content=\"image\/png\" \/>\n<meta name=\"twitter:card\" content=\"summary_large_image\" \/>\n<meta name=\"twitter:label1\" content=\"Est. reading time\" \/>\n\t<meta name=\"twitter:data1\" content=\"2 min\u016btes\" \/>\n<script type=\"application\/ld+json\" class=\"yoast-schema-graph\">{\"@context\":\"https:\/\/schema.org\",\"@graph\":[{\"@type\":\"WebPage\",\"@id\":\"https:\/\/sprayify.me\/product\/fungosil-antimold-coating\/\",\"url\":\"https:\/\/sprayify.me\/product\/fungosil-antimold-coating\/\",\"name\":\"Antimold Coating \u2013 Powerful Fungosil Mold Protection | Sprayify\",\"isPartOf\":{\"@id\":\"https:\/\/sprayify.me\/en\/#website\"},\"primaryImageOfPage\":{\"@id\":\"https:\/\/sprayify.me\/product\/fungosil-antimold-coating\/#primaryimage\"},\"image\":{\"@id\":\"https:\/\/sprayify.me\/product\/fungosil-antimold-coating\/#primaryimage\"},\"thumbnailUrl\":\"https:\/\/sprayify.me\/wp-content\/uploads\/2023\/09\/Fungosil_mockup_eng.png\",\"datePublished\":\"2023-01-15T15:13:16+00:00\",\"dateModified\":\"2026-04-01T21:51:57+00:00\",\"description\":\"Protect your home with Fungosil Antimold Coating \u2013 a powerful, long-lasting solution against mold and mildew. Safe, effective, and easy to apply!\",\"breadcrumb\":{\"@id\":\"https:\/\/sprayify.me\/product\/fungosil-antimold-coating\/#breadcrumb\"},\"inLanguage\":\"lv-LV\",\"potentialAction\":[{\"@type\":\"ReadAction\",\"target\":[\"https:\/\/sprayify.me\/product\/fungosil-antimold-coating\/\"]}]},{\"@type\":\"ImageObject\",\"inLanguage\":\"lv-LV\",\"@id\":\"https:\/\/sprayify.me\/product\/fungosil-antimold-coating\/#primaryimage\",\"url\":\"https:\/\/sprayify.me\/wp-content\/uploads\/2023\/09\/Fungosil_mockup_eng.png\",\"contentUrl\":\"https:\/\/sprayify.me\/wp-content\/uploads\/2023\/09\/Fungosil_mockup_eng.png\",\"width\":3543,\"height\":3543,\"caption\":\"Fungosil anti-mold coating\"},{\"@type\":\"BreadcrumbList\",\"@id\":\"https:\/\/sprayify.me\/product\/fungosil-antimold-coating\/#breadcrumb\",\"itemListElement\":[{\"@type\":\"ListItem\",\"position\":1,\"name\":\"Home\",\"item\":\"https:\/\/sprayify.me\/en\/\"},{\"@type\":\"ListItem\",\"position\":2,\"name\":\"Shop\",\"item\":\"https:\/\/sprayify.me\/en\/shop-2\/\"},{\"@type\":\"ListItem\",\"position\":3,\"name\":\"Fungosil Anti-mold Coating\"}]},{\"@type\":\"WebSite\",\"@id\":\"https:\/\/sprayify.me\/en\/#website\",\"url\":\"https:\/\/sprayify.me\/en\/\",\"name\":\"Sprayify\",\"description\":\"Antimicrobial Coatings\",\"publisher\":{\"@id\":\"https:\/\/sprayify.me\/en\/#organization\"},\"potentialAction\":[{\"@type\":\"SearchAction\",\"target\":{\"@type\":\"EntryPoint\",\"urlTemplate\":\"https:\/\/sprayify.me\/en\/?s={search_term_string}\"},\"query-input\":{\"@type\":\"PropertyValueSpecification\",\"valueRequired\":true,\"valueName\":\"search_term_string\"}}],\"inLanguage\":\"lv-LV\"},{\"@type\":\"Organization\",\"@id\":\"https:\/\/sprayify.me\/en\/#organization\",\"name\":\"Sprayify SIA\",\"url\":\"https:\/\/sprayify.me\/en\/\",\"logo\":{\"@type\":\"ImageObject\",\"inLanguage\":\"lv-LV\",\"@id\":\"https:\/\/sprayify.me\/en\/#\/schema\/logo\/image\/\",\"url\":\"https:\/\/sprayify.me\/wp-content\/uploads\/2022\/11\/cropped-cropped-Sprayify-Logo-Dark.png\",\"contentUrl\":\"https:\/\/sprayify.me\/wp-content\/uploads\/2022\/11\/cropped-cropped-Sprayify-Logo-Dark.png\",\"width\":722,\"height\":390,\"caption\":\"Sprayify SIA\"},\"image\":{\"@id\":\"https:\/\/sprayify.me\/en\/#\/schema\/logo\/image\/\"},\"sameAs\":[\"https:\/\/www.facebook.com\/Sprayify.me\",\"https:\/\/www.instagram.com\/sprayify_me\/\",\"https:\/\/www.linkedin.com\/company\/sprayify\/\",\"https:\/\/www.tiktok.com\/@sprayify_me\"]}]}<\/script>\n<!-- \/ Yoast SEO plugin. -->","yoast_head_json":{"title":"https:\/\/sprayify.me\/lv\/products\/fungosil-antimold-coating\/","description":"Protect your home with Fungosil Antimold Coating \u2013 a powerful, long-lasting solution against mold and mildew. Safe, effective, and easy to apply!","robots":{"index":"index","follow":"follow","max-snippet":"max-snippet:-1","max-image-preview":"max-image-preview:large","max-video-preview":"max-video-preview:-1"},"canonical":"https:\/\/sprayify.me\/lv\/products\/fungosil-antimold-coating\/","og_locale":"lv_LV","og_type":"article","og_title":"Antimold Coating \u2013 Powerful Fungosil Mold Protection | Sprayify","og_description":"Protect your home with Fungosil Antimold Coating \u2013 a powerful, long-lasting solution against mold and mildew. Safe, effective, and easy to apply!","og_url":"https:\/\/sprayify.me\/lv\/products\/fungosil-antimold-coating\/","og_site_name":"Sprayify","article_publisher":"https:\/\/www.facebook.com\/Sprayify.me","article_modified_time":"2026-04-01T21:51:57+00:00","og_image":[{"width":1024,"height":1024,"url":"https:\/\/sprayify.me\/wp-content\/uploads\/2023\/09\/Fungosil_mockup_eng-1024x1024.png","type":"image\/png"}],"twitter_card":"summary_large_image","twitter_misc":{"Est. reading time":"2 min\u016btes"},"schema":{"@context":"https:\/\/schema.org","@graph":[{"@type":"WebPage","@id":"https:\/\/sprayify.me\/product\/fungosil-antimold-coating\/","url":"https:\/\/sprayify.me\/product\/fungosil-antimold-coating\/","name":"https:\/\/sprayify.me\/lv\/products\/fungosil-antimold-coating\/","isPartOf":{"@id":"https:\/\/sprayify.me\/en\/#website"},"primaryImageOfPage":{"@id":"https:\/\/sprayify.me\/product\/fungosil-antimold-coating\/#primaryimage"},"image":{"@id":"https:\/\/sprayify.me\/product\/fungosil-antimold-coating\/#primaryimage"},"thumbnailUrl":"https:\/\/sprayify.me\/wp-content\/uploads\/2023\/09\/Fungosil_mockup_eng.png","datePublished":"2023-01-15T15:13:16+00:00","dateModified":"2026-04-01T21:51:57+00:00","description":"Protect your home with Fungosil Antimold Coating \u2013 a powerful, long-lasting solution against mold and mildew. Safe, effective, and easy to apply!","breadcrumb":{"@id":"https:\/\/sprayify.me\/product\/fungosil-antimold-coating\/#breadcrumb"},"inLanguage":"lv-LV","potentialAction":[{"@type":"ReadAction","target":["https:\/\/sprayify.me\/product\/fungosil-antimold-coating\/"]}]},{"@type":"ImageObject","inLanguage":"lv-LV","@id":"https:\/\/sprayify.me\/product\/fungosil-antimold-coating\/#primaryimage","url":"https:\/\/sprayify.me\/wp-content\/uploads\/2023\/09\/Fungosil_mockup_eng.png","contentUrl":"https:\/\/sprayify.me\/wp-content\/uploads\/2023\/09\/Fungosil_mockup_eng.png","width":3543,"height":3543,"caption":"Fungosil anti-mold coating"},{"@type":"BreadcrumbList","@id":"https:\/\/sprayify.me\/product\/fungosil-antimold-coating\/#breadcrumb","itemListElement":[{"@type":"ListItem","position":1,"name":"Home","item":"https:\/\/sprayify.me\/en\/"},{"@type":"ListItem","position":2,"name":"Shop","item":"https:\/\/sprayify.me\/en\/shop-2\/"},{"@type":"ListItem","position":3,"name":"Fungosil Anti-mold Coating"}]},{"@type":"WebSite","@id":"https:\/\/sprayify.me\/en\/#website","url":"https:\/\/sprayify.me\/en\/","name":"Sprayify","description":"Antimicrobial Coatings","publisher":{"@id":"https:\/\/sprayify.me\/en\/#organization"},"potentialAction":[{"@type":"SearchAction","target":{"@type":"EntryPoint","urlTemplate":"https:\/\/sprayify.me\/en\/?s={search_term_string}"},"query-input":{"@type":"PropertyValueSpecification","valueRequired":true,"valueName":"search_term_string"}}],"inLanguage":"lv-LV"},{"@type":"Organization","@id":"https:\/\/sprayify.me\/en\/#organization","name":"Sprayify SIA","url":"https:\/\/sprayify.me\/en\/","logo":{"@type":"ImageObject","inLanguage":"lv-LV","@id":"https:\/\/sprayify.me\/en\/#\/schema\/logo\/image\/","url":"https:\/\/sprayify.me\/wp-content\/uploads\/2022\/11\/cropped-cropped-Sprayify-Logo-Dark.png","contentUrl":"https:\/\/sprayify.me\/wp-content\/uploads\/2022\/11\/cropped-cropped-Sprayify-Logo-Dark.png","width":722,"height":390,"caption":"Sprayify SIA"},"image":{"@id":"https:\/\/sprayify.me\/en\/#\/schema\/logo\/image\/"},"sameAs":["https:\/\/www.facebook.com\/Sprayify.me","https:\/\/www.instagram.com\/sprayify_me\/","https:\/\/www.linkedin.com\/company\/sprayify\/","https:\/\/www.tiktok.com\/@sprayify_me"]}]}},"jetpack_sharing_enabled":true,"_links":{"self":[{"href":"https:\/\/sprayify.me\/lv\/wp-json\/wp\/v2\/product\/466","targetHints":{"allow":["GET"]}}],"collection":[{"href":"https:\/\/sprayify.me\/lv\/wp-json\/wp\/v2\/product"}],"about":[{"href":"https:\/\/sprayify.me\/lv\/wp-json\/wp\/v2\/types\/product"}],"replies":[{"embeddable":true,"href":"https:\/\/sprayify.me\/lv\/wp-json\/wp\/v2\/comments?post=466"}],"wp:featuredmedia":[{"embeddable":true,"href":"https:\/\/sprayify.me\/lv\/wp-json\/wp\/v2\/media\/1010"}],"wp:attachment":[{"href":"https:\/\/sprayify.me\/lv\/wp-json\/wp\/v2\/media?parent=466"}],"wp:term":[{"taxonomy":"product_brand","embeddable":true,"href":"https:\/\/sprayify.me\/lv\/wp-json\/wp\/v2\/product_brand?post=466"},{"taxonomy":"product_cat","embeddable":true,"href":"https:\/\/sprayify.me\/lv\/wp-json\/wp\/v2\/product_cat?post=466"},{"taxonomy":"product_tag","embeddable":true,"href":"https:\/\/sprayify.me\/lv\/wp-json\/wp\/v2\/product_tag?post=466"}],"curies":[{"name":"wp","href":"https:\/\/api.w.org\/{rel}","templated":true}]}}