{"id":555,"date":"2023-05-09T11:33:44","date_gmt":"2023-05-09T11:33:44","guid":{"rendered":"https:\/\/sprayify.me\/?post_type=product&#038;p=555"},"modified":"2025-11-23T16:26:38","modified_gmt":"2025-11-23T13:26:38","slug":"dezosil-for-electronics","status":"publish","type":"product","link":"https:\/\/sprayify.me\/lv\/products\/dezosil-for-electronics\/","title":{"rendered":"Dezosil dezinfekcijas p\u0101rkl\u0101jums viedier\u012bc\u0113m"},"content":{"rendered":"<p><strong>Produkta apraksts: <\/strong>Dezosil izveido aizsargp\u0101rkl\u0101jumu, kur\u0101 eso\u0161\u0101s akt\u012bv\u0101s vielas nogalina mikroorganismus un ilgtermi\u0146\u0101 aptur to vairo\u0161anos. L\u012bdzeklis ir piem\u0113rots lieto\u0161anai uz da\u017e\u0101du materi\u0101lu virsm\u0101m \u2013 stikla, met\u0101la u.c. materi\u0101liem. L\u012bdzeklis nav piem\u0113rots lieto\u0161anai uz kl\u0113pjdatoru klaviat\u016br\u0101m un mat\u0113tas virsmas kl\u0113pjdatoru ekr\u0101niem.<\/p>\n<p><strong>Lieto\u0161ana:<\/strong> Izsmidziniet l\u012bdzekli uz viedier\u012bces (aptuveni 1-3 izsmidzin\u0101\u0161anas reizes mobilajam t\u0101lrunim) un vienm\u0113r\u012bgi izl\u012bdziniet to ar mitrumuzs\u016bco\u0161o lupati\u0146u vai pap\u012bra salveti p\u0101ri visai viedier\u012bces virsmai. Tikl\u012bdz l\u012bdzeklis ir no\u017euvis (p\u0113c aptuveni 30 sekund\u0113m), apstr\u0101de ir pabeigta. P\u0101rkl\u0101jums nodro\u0161ina ilgtermi\u0146a aizsardz\u012bbu, tom\u0113r bie\u017ei lietot\u0101m viedier\u012bc\u0113m (piem\u0113ram, mobilajam t\u0101lrunim) atk\u0101rtota apstr\u0101de nepiecie\u0161ama reizi ned\u0113\u013c\u0101.<\/p>\n<p><strong>Uzglab\u0101\u0161ana:<\/strong> Uzglab\u0101t ori\u0123in\u0101laj\u0101 iepakojum\u0101, saus\u0101, v\u0113s\u0101 un labi ventil\u0113t\u0101 telp\u0101.<\/p>\n<p><strong>Lai sa\u0146emtu produkta dro\u0161\u012bbas datu lapu (DDL) vai jebk\u0101du papildu inform\u0101ciju, l\u016bdzu, sazinieties ar mums pa e-pastu <a href=\"mailto:toms@sprayify.me\">toms@sprayify.me<\/a> vai pa t\u0101lruni <a href=\"tel:+37126460940\">+371 26 460\u00a0940<\/a>.<\/strong><\/p>","protected":false},"excerpt":{"rendered":"<p>Dezosil dezinfekcijas p\u0101rkl\u0101jums viedier\u012bc\u0113m ir inovat\u012bvs risin\u0101jums, kas nodro\u0161ina efekt\u012bvu dezinfekciju un ilgtermi\u0146a aizsardz\u012bbu pret kait\u012bgiem mikroorganismiem, bakt\u0113rij\u0101m un v\u012brusiem. \u0160is p\u0101rkl\u0101jums ir piem\u0113rots viedt\u0101lru\u0146iem, plan\u0161etdatoriem un cit\u0101m viedier\u012bc\u0113m, nodro\u0161inot t\u012bru un dro\u0161u lieto\u0161anas pieredzi.<\/p>","protected":false},"featured_media":1002,"comment_status":"open","ping_status":"closed","template":"","meta":{"om_disable_all_campaigns":false},"product_brand":[],"product_cat":[28],"product_tag":[],"class_list":{"0":"post-555","1":"product","2":"type-product","3":"status-publish","4":"has-post-thumbnail","6":"product_cat-coatings","8":"first","9":"instock","10":"sale","11":"featured","12":"taxable","13":"shipping-taxable","14":"purchasable","15":"product-type-simple"},"yoast_head":"<!-- This site is optimized with the Yoast SEO plugin v26.2 - https:\/\/yoast.com\/wordpress\/plugins\/seo\/ -->\n<title>Dezosil Disinfection Coating For Electronics - Sprayify<\/title>\n<meta name=\"robots\" content=\"index, follow, max-snippet:-1, max-image-preview:large, max-video-preview:-1\" \/>\n<link rel=\"canonical\" href=\"https:\/\/sprayify.me\/lv\/products\/dezosil-for-electronics\/\" \/>\n<meta property=\"og:locale\" content=\"lv_LV\" \/>\n<meta property=\"og:type\" content=\"article\" \/>\n<meta property=\"og:title\" content=\"Dezosil Disinfection Coating For Electronics - Sprayify\" \/>\n<meta property=\"og:description\" content=\"Dezosil disinfection coating for smart devices is an innovative solution that provides effective disinfection and long-term protection against harmful microorganisms, bacteria and viruses. This coating is suitable for smartphones, tablets and other smart devices, providing a clean and safe user experience.\" \/>\n<meta property=\"og:url\" content=\"https:\/\/sprayify.me\/lv\/products\/dezosil-for-electronics\/\" \/>\n<meta property=\"og:site_name\" content=\"Sprayify\" \/>\n<meta property=\"article:publisher\" content=\"https:\/\/www.facebook.com\/Sprayify.me\" \/>\n<meta property=\"article:modified_time\" content=\"2025-11-23T13:26:38+00:00\" \/>\n<meta property=\"og:image\" content=\"https:\/\/sprayify.me\/wp-content\/uploads\/2023\/09\/Dezosil_10ml_eng_bf.png\" \/>\n\t<meta property=\"og:image:width\" content=\"1080\" \/>\n\t<meta property=\"og:image:height\" content=\"1080\" \/>\n\t<meta property=\"og:image:type\" content=\"image\/png\" \/>\n<meta name=\"twitter:card\" content=\"summary_large_image\" \/>\n<meta name=\"twitter:label1\" content=\"Est. reading time\" \/>\n\t<meta name=\"twitter:data1\" content=\"1 min\u016bte\" \/>\n<script type=\"application\/ld+json\" class=\"yoast-schema-graph\">{\"@context\":\"https:\/\/schema.org\",\"@graph\":[{\"@type\":\"WebPage\",\"@id\":\"https:\/\/sprayify.me\/product\/dezosil-for-electronics\/\",\"url\":\"https:\/\/sprayify.me\/product\/dezosil-for-electronics\/\",\"name\":\"Dezosil Disinfection Coating For Electronics - Sprayify\",\"isPartOf\":{\"@id\":\"https:\/\/sprayify.me\/en\/#website\"},\"primaryImageOfPage\":{\"@id\":\"https:\/\/sprayify.me\/product\/dezosil-for-electronics\/#primaryimage\"},\"image\":{\"@id\":\"https:\/\/sprayify.me\/product\/dezosil-for-electronics\/#primaryimage\"},\"thumbnailUrl\":\"https:\/\/sprayify.me\/wp-content\/uploads\/2023\/09\/Dezosil_10ml_eng_bf.png\",\"datePublished\":\"2023-05-09T11:33:44+00:00\",\"dateModified\":\"2025-11-23T13:26:38+00:00\",\"breadcrumb\":{\"@id\":\"https:\/\/sprayify.me\/product\/dezosil-for-electronics\/#breadcrumb\"},\"inLanguage\":\"lv-LV\",\"potentialAction\":[{\"@type\":\"ReadAction\",\"target\":[\"https:\/\/sprayify.me\/product\/dezosil-for-electronics\/\"]}]},{\"@type\":\"ImageObject\",\"inLanguage\":\"lv-LV\",\"@id\":\"https:\/\/sprayify.me\/product\/dezosil-for-electronics\/#primaryimage\",\"url\":\"https:\/\/sprayify.me\/wp-content\/uploads\/2023\/09\/Dezosil_10ml_eng_bf.png\",\"contentUrl\":\"https:\/\/sprayify.me\/wp-content\/uploads\/2023\/09\/Dezosil_10ml_eng_bf.png\",\"width\":1080,\"height\":1080,\"caption\":\"Dezosil disinfection coating for electronics\"},{\"@type\":\"BreadcrumbList\",\"@id\":\"https:\/\/sprayify.me\/product\/dezosil-for-electronics\/#breadcrumb\",\"itemListElement\":[{\"@type\":\"ListItem\",\"position\":1,\"name\":\"Home\",\"item\":\"https:\/\/sprayify.me\/en\/\"},{\"@type\":\"ListItem\",\"position\":2,\"name\":\"Shop\",\"item\":\"https:\/\/sprayify.me\/en\/shop-2\/\"},{\"@type\":\"ListItem\",\"position\":3,\"name\":\"Dezosil Disinfection Coating For Electronics\"}]},{\"@type\":\"WebSite\",\"@id\":\"https:\/\/sprayify.me\/en\/#website\",\"url\":\"https:\/\/sprayify.me\/en\/\",\"name\":\"Sprayify\",\"description\":\"Antimicrobial Coatings\",\"publisher\":{\"@id\":\"https:\/\/sprayify.me\/en\/#organization\"},\"potentialAction\":[{\"@type\":\"SearchAction\",\"target\":{\"@type\":\"EntryPoint\",\"urlTemplate\":\"https:\/\/sprayify.me\/en\/?s={search_term_string}\"},\"query-input\":{\"@type\":\"PropertyValueSpecification\",\"valueRequired\":true,\"valueName\":\"search_term_string\"}}],\"inLanguage\":\"lv-LV\"},{\"@type\":\"Organization\",\"@id\":\"https:\/\/sprayify.me\/en\/#organization\",\"name\":\"Sprayify SIA\",\"url\":\"https:\/\/sprayify.me\/en\/\",\"logo\":{\"@type\":\"ImageObject\",\"inLanguage\":\"lv-LV\",\"@id\":\"https:\/\/sprayify.me\/en\/#\/schema\/logo\/image\/\",\"url\":\"https:\/\/sprayify.me\/wp-content\/uploads\/2022\/11\/cropped-cropped-Sprayify-Logo-Dark.png\",\"contentUrl\":\"https:\/\/sprayify.me\/wp-content\/uploads\/2022\/11\/cropped-cropped-Sprayify-Logo-Dark.png\",\"width\":722,\"height\":390,\"caption\":\"Sprayify SIA\"},\"image\":{\"@id\":\"https:\/\/sprayify.me\/en\/#\/schema\/logo\/image\/\"},\"sameAs\":[\"https:\/\/www.facebook.com\/Sprayify.me\",\"https:\/\/www.instagram.com\/sprayify_me\/\",\"https:\/\/www.linkedin.com\/company\/sprayify\/\",\"https:\/\/www.tiktok.com\/@sprayify_me\"]}]}<\/script>\n<!-- \/ Yoast SEO plugin. -->","yoast_head_json":{"title":"Dezosil Disinfection Coating For Electronics - Sprayify","robots":{"index":"index","follow":"follow","max-snippet":"max-snippet:-1","max-image-preview":"max-image-preview:large","max-video-preview":"max-video-preview:-1"},"canonical":"https:\/\/sprayify.me\/lv\/products\/dezosil-for-electronics\/","og_locale":"lv_LV","og_type":"article","og_title":"Dezosil Disinfection Coating For Electronics - Sprayify","og_description":"Dezosil disinfection coating for smart devices is an innovative solution that provides effective disinfection and long-term protection against harmful microorganisms, bacteria and viruses. This coating is suitable for smartphones, tablets and other smart devices, providing a clean and safe user experience.","og_url":"https:\/\/sprayify.me\/lv\/products\/dezosil-for-electronics\/","og_site_name":"Sprayify","article_publisher":"https:\/\/www.facebook.com\/Sprayify.me","article_modified_time":"2025-11-23T13:26:38+00:00","og_image":[{"width":1080,"height":1080,"url":"https:\/\/sprayify.me\/wp-content\/uploads\/2023\/09\/Dezosil_10ml_eng_bf.png","type":"image\/png"}],"twitter_card":"summary_large_image","twitter_misc":{"Est. reading time":"1 min\u016bte"},"schema":{"@context":"https:\/\/schema.org","@graph":[{"@type":"WebPage","@id":"https:\/\/sprayify.me\/product\/dezosil-for-electronics\/","url":"https:\/\/sprayify.me\/product\/dezosil-for-electronics\/","name":"Dezosil Disinfection Coating For Electronics - Sprayify","isPartOf":{"@id":"https:\/\/sprayify.me\/en\/#website"},"primaryImageOfPage":{"@id":"https:\/\/sprayify.me\/product\/dezosil-for-electronics\/#primaryimage"},"image":{"@id":"https:\/\/sprayify.me\/product\/dezosil-for-electronics\/#primaryimage"},"thumbnailUrl":"https:\/\/sprayify.me\/wp-content\/uploads\/2023\/09\/Dezosil_10ml_eng_bf.png","datePublished":"2023-05-09T11:33:44+00:00","dateModified":"2025-11-23T13:26:38+00:00","breadcrumb":{"@id":"https:\/\/sprayify.me\/product\/dezosil-for-electronics\/#breadcrumb"},"inLanguage":"lv-LV","potentialAction":[{"@type":"ReadAction","target":["https:\/\/sprayify.me\/product\/dezosil-for-electronics\/"]}]},{"@type":"ImageObject","inLanguage":"lv-LV","@id":"https:\/\/sprayify.me\/product\/dezosil-for-electronics\/#primaryimage","url":"https:\/\/sprayify.me\/wp-content\/uploads\/2023\/09\/Dezosil_10ml_eng_bf.png","contentUrl":"https:\/\/sprayify.me\/wp-content\/uploads\/2023\/09\/Dezosil_10ml_eng_bf.png","width":1080,"height":1080,"caption":"Dezosil disinfection coating for electronics"},{"@type":"BreadcrumbList","@id":"https:\/\/sprayify.me\/product\/dezosil-for-electronics\/#breadcrumb","itemListElement":[{"@type":"ListItem","position":1,"name":"Home","item":"https:\/\/sprayify.me\/en\/"},{"@type":"ListItem","position":2,"name":"Shop","item":"https:\/\/sprayify.me\/en\/shop-2\/"},{"@type":"ListItem","position":3,"name":"Dezosil Disinfection Coating For Electronics"}]},{"@type":"WebSite","@id":"https:\/\/sprayify.me\/en\/#website","url":"https:\/\/sprayify.me\/en\/","name":"Sprayify","description":"Antimicrobial Coatings","publisher":{"@id":"https:\/\/sprayify.me\/en\/#organization"},"potentialAction":[{"@type":"SearchAction","target":{"@type":"EntryPoint","urlTemplate":"https:\/\/sprayify.me\/en\/?s={search_term_string}"},"query-input":{"@type":"PropertyValueSpecification","valueRequired":true,"valueName":"search_term_string"}}],"inLanguage":"lv-LV"},{"@type":"Organization","@id":"https:\/\/sprayify.me\/en\/#organization","name":"Sprayify SIA","url":"https:\/\/sprayify.me\/en\/","logo":{"@type":"ImageObject","inLanguage":"lv-LV","@id":"https:\/\/sprayify.me\/en\/#\/schema\/logo\/image\/","url":"https:\/\/sprayify.me\/wp-content\/uploads\/2022\/11\/cropped-cropped-Sprayify-Logo-Dark.png","contentUrl":"https:\/\/sprayify.me\/wp-content\/uploads\/2022\/11\/cropped-cropped-Sprayify-Logo-Dark.png","width":722,"height":390,"caption":"Sprayify SIA"},"image":{"@id":"https:\/\/sprayify.me\/en\/#\/schema\/logo\/image\/"},"sameAs":["https:\/\/www.facebook.com\/Sprayify.me","https:\/\/www.instagram.com\/sprayify_me\/","https:\/\/www.linkedin.com\/company\/sprayify\/","https:\/\/www.tiktok.com\/@sprayify_me"]}]}},"jetpack_sharing_enabled":true,"_links":{"self":[{"href":"https:\/\/sprayify.me\/lv\/wp-json\/wp\/v2\/product\/555","targetHints":{"allow":["GET"]}}],"collection":[{"href":"https:\/\/sprayify.me\/lv\/wp-json\/wp\/v2\/product"}],"about":[{"href":"https:\/\/sprayify.me\/lv\/wp-json\/wp\/v2\/types\/product"}],"replies":[{"embeddable":true,"href":"https:\/\/sprayify.me\/lv\/wp-json\/wp\/v2\/comments?post=555"}],"wp:featuredmedia":[{"embeddable":true,"href":"https:\/\/sprayify.me\/lv\/wp-json\/wp\/v2\/media\/1002"}],"wp:attachment":[{"href":"https:\/\/sprayify.me\/lv\/wp-json\/wp\/v2\/media?parent=555"}],"wp:term":[{"taxonomy":"product_brand","embeddable":true,"href":"https:\/\/sprayify.me\/lv\/wp-json\/wp\/v2\/product_brand?post=555"},{"taxonomy":"product_cat","embeddable":true,"href":"https:\/\/sprayify.me\/lv\/wp-json\/wp\/v2\/product_cat?post=555"},{"taxonomy":"product_tag","embeddable":true,"href":"https:\/\/sprayify.me\/lv\/wp-json\/wp\/v2\/product_tag?post=555"}],"curies":[{"name":"wp","href":"https:\/\/api.w.org\/{rel}","templated":true}]}}