{"id":811,"date":"2023-11-22T06:46:28","date_gmt":"2023-11-22T06:46:28","guid":{"rendered":"https:\/\/sprayify.me\/?post_type=product&#038;p=811"},"modified":"2025-11-23T16:25:25","modified_gmt":"2025-11-23T13:25:25","slug":"whitesil-chlorine-free-bleaching-agent","status":"publish","type":"product","link":"https:\/\/sprayify.me\/lv\/products\/whitesil-chlorine-free-bleaching-agent\/","title":{"rendered":"Whitesil balin\u0101\u0161anas l\u012bdzeklis bez hlora"},"content":{"rendered":"<p><strong>Produkta apraksts:<\/strong> Ar bezhlora balin\u0101\u0161anas l\u012bdzekli Whitesil ir iesp\u0113jams t\u012br\u012bt, dezinfic\u0113t un balin\u0101t da\u017e\u0101da veida virsmas. L\u012bdzeklis ir lieliski pam\u0113rots k\u0101 da\u017e\u0101du ap\u0123\u0113rbu, t\u0101 ar\u012b gultas ve\u013cas, matra\u010du un citu auduma izstr\u0101d\u0101jumu balin\u0101\u0161anai. Whitesil var izmantot ar\u012b virsmu \u2013 gr\u012bdu, fl\u012b\u017eu, marmora, galdu u.c. virsmu att\u012br\u012b\u0161anai un dezinfekcijai. L\u012bdzek\u013ca neuzkr\u012bto\u0161ais arom\u0101ts padara to par piem\u0113rotu lieto\u0161anai pat jut\u012bgu un alerg\u0113nu cilv\u0113ku tuvum\u0101.<\/p>\n<p><strong>Lieto\u0161ana:<\/strong> Vienm\u0113r pirms lieto\u0161anas, p\u0101rliecinieties, ka l\u012bdzeklis neboj\u0101 virsmu, apstr\u0101d\u0101jot nelielu t\u0101s laukumu. Lai pagatavotu l\u012bdzekli, piepildiet pudeli l\u012bdz aug\u0161ai ar \u016bdeni, p\u0113c k\u0101 uzgaidiet 5 min\u016btes, lai iepakojum\u0101 eso\u0161ais pulveris iz\u0161\u0137\u012bstu. L\u012bdzeklis ir gatavs lieto\u0161anai!<\/p>\n<p><span style=\"text-decoration: underline;\"><em>Audumu balin\u0101\u0161ana:<\/em><\/span> Izsmidziniet l\u012bdzekli uz balin\u0101m\u0101 auduma virsmas un uzgaidiet 5-10 min\u016btes. P\u0113c t\u0101 v\u0113lams izskalot audumu \u016bden\u012b, lai aizv\u0101ktu lieko balin\u0101t\u0101ju.<br \/>\n<span style=\"text-decoration: underline;\"><em>Fl\u012b\u017eu, marmora un citu virsmu mazg\u0101\u0161ana\/balin\u0101\u0161ana:<\/em><\/span> Izsmidziniet l\u012bdzekli uz virsmas, p\u0113c k\u0101 ar lupatas vai \u0161vammes pal\u012bdz\u012bbu no\u0146emiet net\u012brumus.<br \/>\n<span style=\"text-decoration: underline;\"><em>Gr\u012bdu mazg\u0101\u0161ana un dezinfekcija:<\/em><\/span> Pievienojiet pudeles saturu 10 litriem ziepj\u016bdens, p\u0113c k\u0101 veiciet gr\u012bdas uzkop\u0161anas darbus k\u0101 ierasts.<br \/>\n<span style=\"text-decoration: underline;\"><em>Tualetes podu, atkritumu tvert\u0146u dezinfic\u0113\u0161ana:<\/em><\/span> Izsmidziniet l\u012bdzekli uz dezinfic\u0113jam\u0101s virsmas un uzgaidiet 1-2 min\u016btes.<\/p>\n<p><strong>Uzglab\u0101\u0161ana:<\/strong> Uzglab\u0101t ori\u0123in\u0101lajos iepakojumos, saus\u0101, v\u0113s\u0101 un labi ventil\u0113t\u0101 telp\u0101.<\/p>\n<p><strong>Lai sa\u0146emtu produkta dro\u0161\u012bbas datu lapu (DDL) vai jebk\u0101du papildu inform\u0101ciju, l\u016bdzu, sazinieties ar mums pa e-pastu <a href=\"mailto:toms@sprayify.me\">toms@sprayify.me<\/a> vai pa t\u0101lruni <a href=\"tel:+37126460940\">+371 26 460\u00a0940<\/a>.<\/strong><\/p>","protected":false},"excerpt":{"rendered":"<p>Whitesil balin\u0101\u0161anas l\u012bdzeklis bez hlora efekt\u012bvi, bet maigi balina un dezinfic\u0113 visa veida virsmas. L\u012bdzeklis nesatur hloru, t\u0101p\u0113c tas ir piem\u0113rots lieto\u0161anai jut\u012bgu un alerg\u0113nu cilv\u0113ku tuvum\u0101.<\/p>","protected":false},"featured_media":1013,"comment_status":"open","ping_status":"closed","template":"","meta":{"om_disable_all_campaigns":false},"product_brand":[],"product_cat":[29],"product_tag":[],"class_list":{"0":"post-811","1":"product","2":"type-product","3":"status-publish","4":"has-post-thumbnail","6":"product_cat-cleaners","8":"first","9":"instock","10":"sale","11":"taxable","12":"shipping-taxable","13":"purchasable","14":"product-type-variable"},"yoast_head":"<!-- This site is optimized with the Yoast SEO plugin v26.2 - https:\/\/yoast.com\/wordpress\/plugins\/seo\/ -->\n<title>Whitesil Bleaching Agent Without Chlorine - Sprayify<\/title>\n<meta name=\"robots\" content=\"index, follow, max-snippet:-1, max-image-preview:large, max-video-preview:-1\" \/>\n<link rel=\"canonical\" href=\"https:\/\/sprayify.me\/lv\/products\/whitesil-chlorine-free-bleaching-agent\/\" \/>\n<meta property=\"og:locale\" content=\"lv_LV\" \/>\n<meta property=\"og:type\" content=\"article\" \/>\n<meta property=\"og:title\" content=\"Whitesil Bleaching Agent Without Chlorine - Sprayify\" \/>\n<meta property=\"og:description\" content=\"Whitesil chlorine-free bleaching agent effectively but gently whitens and disinfects all types of surfaces. The product does not contain chlorine, so it is suitable for use by sensitive and allergenic people.\" \/>\n<meta property=\"og:url\" content=\"https:\/\/sprayify.me\/lv\/products\/whitesil-chlorine-free-bleaching-agent\/\" \/>\n<meta property=\"og:site_name\" content=\"Sprayify\" \/>\n<meta property=\"article:publisher\" content=\"https:\/\/www.facebook.com\/Sprayify.me\" \/>\n<meta property=\"article:modified_time\" content=\"2025-11-23T13:25:25+00:00\" \/>\n<meta property=\"og:image\" content=\"https:\/\/sprayify.me\/wp-content\/uploads\/2023\/09\/whitesil_450ml_eng-1024x1024.png\" \/>\n\t<meta property=\"og:image:width\" content=\"1024\" \/>\n\t<meta property=\"og:image:height\" content=\"1024\" \/>\n\t<meta property=\"og:image:type\" content=\"image\/png\" \/>\n<meta name=\"twitter:card\" content=\"summary_large_image\" \/>\n<meta name=\"twitter:label1\" content=\"Est. reading time\" \/>\n\t<meta name=\"twitter:data1\" content=\"2 min\u016btes\" \/>\n<script type=\"application\/ld+json\" class=\"yoast-schema-graph\">{\"@context\":\"https:\/\/schema.org\",\"@graph\":[{\"@type\":\"WebPage\",\"@id\":\"https:\/\/sprayify.me\/product\/whitesil-chlorine-free-bleaching-agent\/\",\"url\":\"https:\/\/sprayify.me\/product\/whitesil-chlorine-free-bleaching-agent\/\",\"name\":\"Whitesil Bleaching Agent Without Chlorine - Sprayify\",\"isPartOf\":{\"@id\":\"https:\/\/sprayify.me\/en\/#website\"},\"primaryImageOfPage\":{\"@id\":\"https:\/\/sprayify.me\/product\/whitesil-chlorine-free-bleaching-agent\/#primaryimage\"},\"image\":{\"@id\":\"https:\/\/sprayify.me\/product\/whitesil-chlorine-free-bleaching-agent\/#primaryimage\"},\"thumbnailUrl\":\"https:\/\/sprayify.me\/wp-content\/uploads\/2023\/09\/whitesil_450ml_eng.png\",\"datePublished\":\"2023-11-22T06:46:28+00:00\",\"dateModified\":\"2025-11-23T13:25:25+00:00\",\"breadcrumb\":{\"@id\":\"https:\/\/sprayify.me\/product\/whitesil-chlorine-free-bleaching-agent\/#breadcrumb\"},\"inLanguage\":\"lv-LV\",\"potentialAction\":[{\"@type\":\"ReadAction\",\"target\":[\"https:\/\/sprayify.me\/product\/whitesil-chlorine-free-bleaching-agent\/\"]}]},{\"@type\":\"ImageObject\",\"inLanguage\":\"lv-LV\",\"@id\":\"https:\/\/sprayify.me\/product\/whitesil-chlorine-free-bleaching-agent\/#primaryimage\",\"url\":\"https:\/\/sprayify.me\/wp-content\/uploads\/2023\/09\/whitesil_450ml_eng.png\",\"contentUrl\":\"https:\/\/sprayify.me\/wp-content\/uploads\/2023\/09\/whitesil_450ml_eng.png\",\"width\":3543,\"height\":3543,\"caption\":\"Whitesil Bleaching agent without chlorine\"},{\"@type\":\"BreadcrumbList\",\"@id\":\"https:\/\/sprayify.me\/product\/whitesil-chlorine-free-bleaching-agent\/#breadcrumb\",\"itemListElement\":[{\"@type\":\"ListItem\",\"position\":1,\"name\":\"Home\",\"item\":\"https:\/\/sprayify.me\/en\/\"},{\"@type\":\"ListItem\",\"position\":2,\"name\":\"Shop\",\"item\":\"https:\/\/sprayify.me\/en\/shop-2\/\"},{\"@type\":\"ListItem\",\"position\":3,\"name\":\"Whitesil Bleaching Agent Without Chlorine\"}]},{\"@type\":\"WebSite\",\"@id\":\"https:\/\/sprayify.me\/en\/#website\",\"url\":\"https:\/\/sprayify.me\/en\/\",\"name\":\"Sprayify\",\"description\":\"Antimicrobial Coatings\",\"publisher\":{\"@id\":\"https:\/\/sprayify.me\/en\/#organization\"},\"potentialAction\":[{\"@type\":\"SearchAction\",\"target\":{\"@type\":\"EntryPoint\",\"urlTemplate\":\"https:\/\/sprayify.me\/en\/?s={search_term_string}\"},\"query-input\":{\"@type\":\"PropertyValueSpecification\",\"valueRequired\":true,\"valueName\":\"search_term_string\"}}],\"inLanguage\":\"lv-LV\"},{\"@type\":\"Organization\",\"@id\":\"https:\/\/sprayify.me\/en\/#organization\",\"name\":\"Sprayify SIA\",\"url\":\"https:\/\/sprayify.me\/en\/\",\"logo\":{\"@type\":\"ImageObject\",\"inLanguage\":\"lv-LV\",\"@id\":\"https:\/\/sprayify.me\/en\/#\/schema\/logo\/image\/\",\"url\":\"https:\/\/sprayify.me\/wp-content\/uploads\/2022\/11\/cropped-cropped-Sprayify-Logo-Dark.png\",\"contentUrl\":\"https:\/\/sprayify.me\/wp-content\/uploads\/2022\/11\/cropped-cropped-Sprayify-Logo-Dark.png\",\"width\":722,\"height\":390,\"caption\":\"Sprayify SIA\"},\"image\":{\"@id\":\"https:\/\/sprayify.me\/en\/#\/schema\/logo\/image\/\"},\"sameAs\":[\"https:\/\/www.facebook.com\/Sprayify.me\",\"https:\/\/www.instagram.com\/sprayify_me\/\",\"https:\/\/www.linkedin.com\/company\/sprayify\/\",\"https:\/\/www.tiktok.com\/@sprayify_me\"]}]}<\/script>\n<!-- \/ Yoast SEO plugin. -->","yoast_head_json":{"title":"Whitesil Bleaching Agent Without Chlorine - Sprayify","robots":{"index":"index","follow":"follow","max-snippet":"max-snippet:-1","max-image-preview":"max-image-preview:large","max-video-preview":"max-video-preview:-1"},"canonical":"https:\/\/sprayify.me\/lv\/products\/whitesil-chlorine-free-bleaching-agent\/","og_locale":"lv_LV","og_type":"article","og_title":"Whitesil Bleaching Agent Without Chlorine - Sprayify","og_description":"Whitesil chlorine-free bleaching agent effectively but gently whitens and disinfects all types of surfaces. The product does not contain chlorine, so it is suitable for use by sensitive and allergenic people.","og_url":"https:\/\/sprayify.me\/lv\/products\/whitesil-chlorine-free-bleaching-agent\/","og_site_name":"Sprayify","article_publisher":"https:\/\/www.facebook.com\/Sprayify.me","article_modified_time":"2025-11-23T13:25:25+00:00","og_image":[{"width":1024,"height":1024,"url":"https:\/\/sprayify.me\/wp-content\/uploads\/2023\/09\/whitesil_450ml_eng-1024x1024.png","type":"image\/png"}],"twitter_card":"summary_large_image","twitter_misc":{"Est. reading time":"2 min\u016btes"},"schema":{"@context":"https:\/\/schema.org","@graph":[{"@type":"WebPage","@id":"https:\/\/sprayify.me\/product\/whitesil-chlorine-free-bleaching-agent\/","url":"https:\/\/sprayify.me\/product\/whitesil-chlorine-free-bleaching-agent\/","name":"Whitesil Bleaching Agent Without Chlorine - Sprayify","isPartOf":{"@id":"https:\/\/sprayify.me\/en\/#website"},"primaryImageOfPage":{"@id":"https:\/\/sprayify.me\/product\/whitesil-chlorine-free-bleaching-agent\/#primaryimage"},"image":{"@id":"https:\/\/sprayify.me\/product\/whitesil-chlorine-free-bleaching-agent\/#primaryimage"},"thumbnailUrl":"https:\/\/sprayify.me\/wp-content\/uploads\/2023\/09\/whitesil_450ml_eng.png","datePublished":"2023-11-22T06:46:28+00:00","dateModified":"2025-11-23T13:25:25+00:00","breadcrumb":{"@id":"https:\/\/sprayify.me\/product\/whitesil-chlorine-free-bleaching-agent\/#breadcrumb"},"inLanguage":"lv-LV","potentialAction":[{"@type":"ReadAction","target":["https:\/\/sprayify.me\/product\/whitesil-chlorine-free-bleaching-agent\/"]}]},{"@type":"ImageObject","inLanguage":"lv-LV","@id":"https:\/\/sprayify.me\/product\/whitesil-chlorine-free-bleaching-agent\/#primaryimage","url":"https:\/\/sprayify.me\/wp-content\/uploads\/2023\/09\/whitesil_450ml_eng.png","contentUrl":"https:\/\/sprayify.me\/wp-content\/uploads\/2023\/09\/whitesil_450ml_eng.png","width":3543,"height":3543,"caption":"Whitesil Bleaching agent without chlorine"},{"@type":"BreadcrumbList","@id":"https:\/\/sprayify.me\/product\/whitesil-chlorine-free-bleaching-agent\/#breadcrumb","itemListElement":[{"@type":"ListItem","position":1,"name":"Home","item":"https:\/\/sprayify.me\/en\/"},{"@type":"ListItem","position":2,"name":"Shop","item":"https:\/\/sprayify.me\/en\/shop-2\/"},{"@type":"ListItem","position":3,"name":"Whitesil Bleaching Agent Without Chlorine"}]},{"@type":"WebSite","@id":"https:\/\/sprayify.me\/en\/#website","url":"https:\/\/sprayify.me\/en\/","name":"Sprayify","description":"Antimicrobial Coatings","publisher":{"@id":"https:\/\/sprayify.me\/en\/#organization"},"potentialAction":[{"@type":"SearchAction","target":{"@type":"EntryPoint","urlTemplate":"https:\/\/sprayify.me\/en\/?s={search_term_string}"},"query-input":{"@type":"PropertyValueSpecification","valueRequired":true,"valueName":"search_term_string"}}],"inLanguage":"lv-LV"},{"@type":"Organization","@id":"https:\/\/sprayify.me\/en\/#organization","name":"Sprayify SIA","url":"https:\/\/sprayify.me\/en\/","logo":{"@type":"ImageObject","inLanguage":"lv-LV","@id":"https:\/\/sprayify.me\/en\/#\/schema\/logo\/image\/","url":"https:\/\/sprayify.me\/wp-content\/uploads\/2022\/11\/cropped-cropped-Sprayify-Logo-Dark.png","contentUrl":"https:\/\/sprayify.me\/wp-content\/uploads\/2022\/11\/cropped-cropped-Sprayify-Logo-Dark.png","width":722,"height":390,"caption":"Sprayify SIA"},"image":{"@id":"https:\/\/sprayify.me\/en\/#\/schema\/logo\/image\/"},"sameAs":["https:\/\/www.facebook.com\/Sprayify.me","https:\/\/www.instagram.com\/sprayify_me\/","https:\/\/www.linkedin.com\/company\/sprayify\/","https:\/\/www.tiktok.com\/@sprayify_me"]}]}},"jetpack_sharing_enabled":true,"_links":{"self":[{"href":"https:\/\/sprayify.me\/lv\/wp-json\/wp\/v2\/product\/811","targetHints":{"allow":["GET"]}}],"collection":[{"href":"https:\/\/sprayify.me\/lv\/wp-json\/wp\/v2\/product"}],"about":[{"href":"https:\/\/sprayify.me\/lv\/wp-json\/wp\/v2\/types\/product"}],"replies":[{"embeddable":true,"href":"https:\/\/sprayify.me\/lv\/wp-json\/wp\/v2\/comments?post=811"}],"wp:featuredmedia":[{"embeddable":true,"href":"https:\/\/sprayify.me\/lv\/wp-json\/wp\/v2\/media\/1013"}],"wp:attachment":[{"href":"https:\/\/sprayify.me\/lv\/wp-json\/wp\/v2\/media?parent=811"}],"wp:term":[{"taxonomy":"product_brand","embeddable":true,"href":"https:\/\/sprayify.me\/lv\/wp-json\/wp\/v2\/product_brand?post=811"},{"taxonomy":"product_cat","embeddable":true,"href":"https:\/\/sprayify.me\/lv\/wp-json\/wp\/v2\/product_cat?post=811"},{"taxonomy":"product_tag","embeddable":true,"href":"https:\/\/sprayify.me\/lv\/wp-json\/wp\/v2\/product_tag?post=811"}],"curies":[{"name":"wp","href":"https:\/\/api.w.org\/{rel}","templated":true}]}}