{"id":823,"date":"2023-11-26T14:04:08","date_gmt":"2023-11-26T14:04:08","guid":{"rendered":"https:\/\/sprayify.me\/?post_type=product&#038;p=823"},"modified":"2025-11-23T16:24:55","modified_gmt":"2025-11-23T13:24:55","slug":"fibersil-anti-mold-agent-for-carpets","status":"publish","type":"product","link":"https:\/\/sprayify.me\/lv\/products\/fibersil-anti-mold-agent-for-carpets\/","title":{"rendered":"Fibersil pretpel\u0113juma p\u0101rkl\u0101jumu pakl\u0101jiem"},"content":{"rendered":"<p><strong>Produkta apraksts:<\/strong> Fibersil pretpel\u0113juma p\u0101rkl\u0101jums pasarg\u0101 virsmu ne tikai no pel\u0113juma, bet ar\u012b no nepat\u012bkamu smaku ra\u0161an\u0101s un izplat\u012b\u0161an\u0101s. \u0160is produkts ir piem\u0113rots m\u012bkstu virsmu, piem\u0113ram, s\u0113dek\u013cu, pakl\u0101ju, d\u012bv\u0101nu utt., apstr\u0101dei. Tom\u0113r ar \u0161o l\u012bdzekli var apstr\u0101d\u0101t ar\u012b cietas virsmas.<\/p>\n<p><strong>Lieto\u0161ana:<\/strong> Izsmidziniet l\u012bdzekli uz iepriek\u0161 not\u012br\u012btas un sausas virsmas (50-100 ml\/m<sup>2<\/sup>) un izl\u012bdziniet to uz virsmas pl\u0101n\u0101 k\u0101rt\u0101. Tikl\u012bdz produkts ir iz\u017euvis (p\u0113c ~5-10 min\u016bt\u0113m), apstr\u0101de ir pabeigta. Vienm\u0113r pirms lieto\u0161anas p\u0101rliecinieties, ka produkts neboj\u0101 virsmu, apstr\u0101d\u0101jot nelielu t\u0101s laukumu! P\u0101rkl\u0101jumam ir viegli zila kr\u0101sa, t\u0101p\u0113c tas var b\u016bt redzams uz gai\u0161\u0101m virsm\u0101m!<\/p>\n<p><strong>Uzglab\u0101\u0161ana:<\/strong> Uzglab\u0101t ori\u0123in\u0101laj\u0101 iepakojum\u0101, saus\u0101, v\u0113s\u0101 un labi ventil\u0113t\u0101 telp\u0101.<\/p>\n<p>Bioc\u012bda inventariz\u0101cijas nr.: LV02102024\/7359<\/p>\n<p>Lietojiet bioc\u012bdus uzman\u012bgi. Pirms lieto\u0161anas vienm\u0113r izlasiet eti\u0137eti un inform\u0101ciju par bioc\u012bdu.<\/p>\n<p><strong>Lai sa\u0146emtu produkta dro\u0161\u012bbas datu lapu (DDL) vai jebk\u0101du papildu inform\u0101ciju, l\u016bdzu, sazinieties ar mums pa e-pastu <a href=\"mailto:toms@sprayify.me\">toms@sprayify.me<\/a> vai pa t\u0101lruni <a href=\"tel:+37126460940\">+371 26 460\u00a0940<\/a>.<\/strong><\/p>","protected":false},"excerpt":{"rendered":"<p>Fibersil pretpel\u0113juma p\u0101rkl\u0101jums ir efekt\u012bvs l\u012bdzeklis, kas ir izstr\u0101d\u0101ts, lai pasarg\u0101tu pakl\u0101jus un citas m\u012bkstas virsmas no pel\u0113juma veido\u0161an\u0101s. \u0160is p\u0101rkl\u0101jums pied\u0101v\u0101 ilgtermi\u0146a aizsardz\u012bbu, nodro\u0161inot t\u012bru un vesel\u012bgu vidi J\u016bsu m\u0101j\u0101s, biroj\u0101 un cit\u0101s telpas.<\/p>","protected":false},"featured_media":1006,"comment_status":"open","ping_status":"closed","template":"","meta":{"om_disable_all_campaigns":false},"product_brand":[],"product_cat":[34,29],"product_tag":[],"class_list":{"0":"post-823","1":"product","2":"type-product","3":"status-publish","4":"has-post-thumbnail","6":"product_cat-anti-mold","7":"product_cat-cleaners","9":"first","10":"instock","11":"featured","12":"taxable","13":"shipping-taxable","14":"purchasable","15":"product-type-variable"},"yoast_head":"<!-- This site is optimized with the Yoast SEO plugin v26.2 - https:\/\/yoast.com\/wordpress\/plugins\/seo\/ -->\n<title>Fibersil Anti-Mold Coating For Carpets - Sprayify<\/title>\n<meta name=\"robots\" content=\"index, follow, max-snippet:-1, max-image-preview:large, max-video-preview:-1\" \/>\n<link rel=\"canonical\" href=\"https:\/\/sprayify.me\/lv\/products\/fibersil-anti-mold-agent-for-carpets\/\" \/>\n<meta property=\"og:locale\" content=\"lv_LV\" \/>\n<meta property=\"og:type\" content=\"article\" \/>\n<meta property=\"og:title\" content=\"Fibersil Anti-Mold Coating For Carpets - Sprayify\" \/>\n<meta property=\"og:description\" content=\"Fibersil anti-mold coating is an effective remedy that is designed to protect carpets and other soft surfaces from the formation of mold. This coating offers long-term protection, providing a clean and healthy environment in your home, office and other spaces.\" \/>\n<meta property=\"og:url\" content=\"https:\/\/sprayify.me\/lv\/products\/fibersil-anti-mold-agent-for-carpets\/\" \/>\n<meta property=\"og:site_name\" content=\"Sprayify\" \/>\n<meta property=\"article:publisher\" content=\"https:\/\/www.facebook.com\/Sprayify.me\" \/>\n<meta property=\"article:modified_time\" content=\"2025-11-23T13:24:55+00:00\" \/>\n<meta property=\"og:image\" content=\"https:\/\/sprayify.me\/wp-content\/uploads\/2023\/09\/fibersil_carpets_450ml-1024x1024.png\" \/>\n\t<meta property=\"og:image:width\" content=\"1024\" \/>\n\t<meta property=\"og:image:height\" content=\"1024\" \/>\n\t<meta property=\"og:image:type\" content=\"image\/png\" \/>\n<meta name=\"twitter:card\" content=\"summary_large_image\" \/>\n<meta name=\"twitter:label1\" content=\"Est. reading time\" \/>\n\t<meta name=\"twitter:data1\" content=\"1 min\u016bte\" \/>\n<script type=\"application\/ld+json\" class=\"yoast-schema-graph\">{\"@context\":\"https:\/\/schema.org\",\"@graph\":[{\"@type\":\"WebPage\",\"@id\":\"https:\/\/sprayify.me\/product\/fibersil-anti-mold-agent-for-carpets\/\",\"url\":\"https:\/\/sprayify.me\/product\/fibersil-anti-mold-agent-for-carpets\/\",\"name\":\"Fibersil Anti-Mold Coating For Carpets - Sprayify\",\"isPartOf\":{\"@id\":\"https:\/\/sprayify.me\/en\/#website\"},\"primaryImageOfPage\":{\"@id\":\"https:\/\/sprayify.me\/product\/fibersil-anti-mold-agent-for-carpets\/#primaryimage\"},\"image\":{\"@id\":\"https:\/\/sprayify.me\/product\/fibersil-anti-mold-agent-for-carpets\/#primaryimage\"},\"thumbnailUrl\":\"https:\/\/sprayify.me\/wp-content\/uploads\/2023\/09\/fibersil_carpets_450ml.png\",\"datePublished\":\"2023-11-26T14:04:08+00:00\",\"dateModified\":\"2025-11-23T13:24:55+00:00\",\"breadcrumb\":{\"@id\":\"https:\/\/sprayify.me\/product\/fibersil-anti-mold-agent-for-carpets\/#breadcrumb\"},\"inLanguage\":\"lv-LV\",\"potentialAction\":[{\"@type\":\"ReadAction\",\"target\":[\"https:\/\/sprayify.me\/product\/fibersil-anti-mold-agent-for-carpets\/\"]}]},{\"@type\":\"ImageObject\",\"inLanguage\":\"lv-LV\",\"@id\":\"https:\/\/sprayify.me\/product\/fibersil-anti-mold-agent-for-carpets\/#primaryimage\",\"url\":\"https:\/\/sprayify.me\/wp-content\/uploads\/2023\/09\/fibersil_carpets_450ml.png\",\"contentUrl\":\"https:\/\/sprayify.me\/wp-content\/uploads\/2023\/09\/fibersil_carpets_450ml.png\",\"width\":3543,\"height\":3543,\"caption\":\"Fibersil anti-mold coating for carpets\"},{\"@type\":\"BreadcrumbList\",\"@id\":\"https:\/\/sprayify.me\/product\/fibersil-anti-mold-agent-for-carpets\/#breadcrumb\",\"itemListElement\":[{\"@type\":\"ListItem\",\"position\":1,\"name\":\"Home\",\"item\":\"https:\/\/sprayify.me\/en\/\"},{\"@type\":\"ListItem\",\"position\":2,\"name\":\"Shop\",\"item\":\"https:\/\/sprayify.me\/en\/shop-2\/\"},{\"@type\":\"ListItem\",\"position\":3,\"name\":\"Fibersil Anti-Mold Coating For Carpets\"}]},{\"@type\":\"WebSite\",\"@id\":\"https:\/\/sprayify.me\/en\/#website\",\"url\":\"https:\/\/sprayify.me\/en\/\",\"name\":\"Sprayify\",\"description\":\"Antimicrobial Coatings\",\"publisher\":{\"@id\":\"https:\/\/sprayify.me\/en\/#organization\"},\"potentialAction\":[{\"@type\":\"SearchAction\",\"target\":{\"@type\":\"EntryPoint\",\"urlTemplate\":\"https:\/\/sprayify.me\/en\/?s={search_term_string}\"},\"query-input\":{\"@type\":\"PropertyValueSpecification\",\"valueRequired\":true,\"valueName\":\"search_term_string\"}}],\"inLanguage\":\"lv-LV\"},{\"@type\":\"Organization\",\"@id\":\"https:\/\/sprayify.me\/en\/#organization\",\"name\":\"Sprayify SIA\",\"url\":\"https:\/\/sprayify.me\/en\/\",\"logo\":{\"@type\":\"ImageObject\",\"inLanguage\":\"lv-LV\",\"@id\":\"https:\/\/sprayify.me\/en\/#\/schema\/logo\/image\/\",\"url\":\"https:\/\/sprayify.me\/wp-content\/uploads\/2022\/11\/cropped-cropped-Sprayify-Logo-Dark.png\",\"contentUrl\":\"https:\/\/sprayify.me\/wp-content\/uploads\/2022\/11\/cropped-cropped-Sprayify-Logo-Dark.png\",\"width\":722,\"height\":390,\"caption\":\"Sprayify SIA\"},\"image\":{\"@id\":\"https:\/\/sprayify.me\/en\/#\/schema\/logo\/image\/\"},\"sameAs\":[\"https:\/\/www.facebook.com\/Sprayify.me\",\"https:\/\/www.instagram.com\/sprayify_me\/\",\"https:\/\/www.linkedin.com\/company\/sprayify\/\",\"https:\/\/www.tiktok.com\/@sprayify_me\"]}]}<\/script>\n<!-- \/ Yoast SEO plugin. -->","yoast_head_json":{"title":"Fibersil Anti-Mold Coating For Carpets - Sprayify","robots":{"index":"index","follow":"follow","max-snippet":"max-snippet:-1","max-image-preview":"max-image-preview:large","max-video-preview":"max-video-preview:-1"},"canonical":"https:\/\/sprayify.me\/lv\/products\/fibersil-anti-mold-agent-for-carpets\/","og_locale":"lv_LV","og_type":"article","og_title":"Fibersil Anti-Mold Coating For Carpets - Sprayify","og_description":"Fibersil anti-mold coating is an effective remedy that is designed to protect carpets and other soft surfaces from the formation of mold. This coating offers long-term protection, providing a clean and healthy environment in your home, office and other spaces.","og_url":"https:\/\/sprayify.me\/lv\/products\/fibersil-anti-mold-agent-for-carpets\/","og_site_name":"Sprayify","article_publisher":"https:\/\/www.facebook.com\/Sprayify.me","article_modified_time":"2025-11-23T13:24:55+00:00","og_image":[{"width":1024,"height":1024,"url":"https:\/\/sprayify.me\/wp-content\/uploads\/2023\/09\/fibersil_carpets_450ml-1024x1024.png","type":"image\/png"}],"twitter_card":"summary_large_image","twitter_misc":{"Est. reading time":"1 min\u016bte"},"schema":{"@context":"https:\/\/schema.org","@graph":[{"@type":"WebPage","@id":"https:\/\/sprayify.me\/product\/fibersil-anti-mold-agent-for-carpets\/","url":"https:\/\/sprayify.me\/product\/fibersil-anti-mold-agent-for-carpets\/","name":"Fibersil Anti-Mold Coating For Carpets - Sprayify","isPartOf":{"@id":"https:\/\/sprayify.me\/en\/#website"},"primaryImageOfPage":{"@id":"https:\/\/sprayify.me\/product\/fibersil-anti-mold-agent-for-carpets\/#primaryimage"},"image":{"@id":"https:\/\/sprayify.me\/product\/fibersil-anti-mold-agent-for-carpets\/#primaryimage"},"thumbnailUrl":"https:\/\/sprayify.me\/wp-content\/uploads\/2023\/09\/fibersil_carpets_450ml.png","datePublished":"2023-11-26T14:04:08+00:00","dateModified":"2025-11-23T13:24:55+00:00","breadcrumb":{"@id":"https:\/\/sprayify.me\/product\/fibersil-anti-mold-agent-for-carpets\/#breadcrumb"},"inLanguage":"lv-LV","potentialAction":[{"@type":"ReadAction","target":["https:\/\/sprayify.me\/product\/fibersil-anti-mold-agent-for-carpets\/"]}]},{"@type":"ImageObject","inLanguage":"lv-LV","@id":"https:\/\/sprayify.me\/product\/fibersil-anti-mold-agent-for-carpets\/#primaryimage","url":"https:\/\/sprayify.me\/wp-content\/uploads\/2023\/09\/fibersil_carpets_450ml.png","contentUrl":"https:\/\/sprayify.me\/wp-content\/uploads\/2023\/09\/fibersil_carpets_450ml.png","width":3543,"height":3543,"caption":"Fibersil anti-mold coating for carpets"},{"@type":"BreadcrumbList","@id":"https:\/\/sprayify.me\/product\/fibersil-anti-mold-agent-for-carpets\/#breadcrumb","itemListElement":[{"@type":"ListItem","position":1,"name":"Home","item":"https:\/\/sprayify.me\/en\/"},{"@type":"ListItem","position":2,"name":"Shop","item":"https:\/\/sprayify.me\/en\/shop-2\/"},{"@type":"ListItem","position":3,"name":"Fibersil Anti-Mold Coating For Carpets"}]},{"@type":"WebSite","@id":"https:\/\/sprayify.me\/en\/#website","url":"https:\/\/sprayify.me\/en\/","name":"Sprayify","description":"Antimicrobial Coatings","publisher":{"@id":"https:\/\/sprayify.me\/en\/#organization"},"potentialAction":[{"@type":"SearchAction","target":{"@type":"EntryPoint","urlTemplate":"https:\/\/sprayify.me\/en\/?s={search_term_string}"},"query-input":{"@type":"PropertyValueSpecification","valueRequired":true,"valueName":"search_term_string"}}],"inLanguage":"lv-LV"},{"@type":"Organization","@id":"https:\/\/sprayify.me\/en\/#organization","name":"Sprayify SIA","url":"https:\/\/sprayify.me\/en\/","logo":{"@type":"ImageObject","inLanguage":"lv-LV","@id":"https:\/\/sprayify.me\/en\/#\/schema\/logo\/image\/","url":"https:\/\/sprayify.me\/wp-content\/uploads\/2022\/11\/cropped-cropped-Sprayify-Logo-Dark.png","contentUrl":"https:\/\/sprayify.me\/wp-content\/uploads\/2022\/11\/cropped-cropped-Sprayify-Logo-Dark.png","width":722,"height":390,"caption":"Sprayify SIA"},"image":{"@id":"https:\/\/sprayify.me\/en\/#\/schema\/logo\/image\/"},"sameAs":["https:\/\/www.facebook.com\/Sprayify.me","https:\/\/www.instagram.com\/sprayify_me\/","https:\/\/www.linkedin.com\/company\/sprayify\/","https:\/\/www.tiktok.com\/@sprayify_me"]}]}},"jetpack_sharing_enabled":true,"_links":{"self":[{"href":"https:\/\/sprayify.me\/lv\/wp-json\/wp\/v2\/product\/823","targetHints":{"allow":["GET"]}}],"collection":[{"href":"https:\/\/sprayify.me\/lv\/wp-json\/wp\/v2\/product"}],"about":[{"href":"https:\/\/sprayify.me\/lv\/wp-json\/wp\/v2\/types\/product"}],"replies":[{"embeddable":true,"href":"https:\/\/sprayify.me\/lv\/wp-json\/wp\/v2\/comments?post=823"}],"wp:featuredmedia":[{"embeddable":true,"href":"https:\/\/sprayify.me\/lv\/wp-json\/wp\/v2\/media\/1006"}],"wp:attachment":[{"href":"https:\/\/sprayify.me\/lv\/wp-json\/wp\/v2\/media?parent=823"}],"wp:term":[{"taxonomy":"product_brand","embeddable":true,"href":"https:\/\/sprayify.me\/lv\/wp-json\/wp\/v2\/product_brand?post=823"},{"taxonomy":"product_cat","embeddable":true,"href":"https:\/\/sprayify.me\/lv\/wp-json\/wp\/v2\/product_cat?post=823"},{"taxonomy":"product_tag","embeddable":true,"href":"https:\/\/sprayify.me\/lv\/wp-json\/wp\/v2\/product_tag?post=823"}],"curies":[{"name":"wp","href":"https:\/\/api.w.org\/{rel}","templated":true}]}}