{"id":954,"date":"2024-03-12T13:39:15","date_gmt":"2024-03-12T13:39:15","guid":{"rendered":"https:\/\/sprayify.me\/?post_type=product&#038;p=954"},"modified":"2025-11-23T16:24:21","modified_gmt":"2025-11-23T13:24:21","slug":"cleanosil-go-stain-remover","status":"publish","type":"product","link":"https:\/\/sprayify.me\/lv\/products\/cleanosil-go-stain-remover\/","title":{"rendered":"Cleanosil &amp; GO! univers\u0101ls traipu t\u012br\u012bt\u0101js"},"content":{"rendered":"<p><strong>Produkta apraksts:<\/strong>\u00a0T\u012br\u012b\u0161anas l\u012bdzeklis Cleanosil &amp; go! ir lieliski piem\u0113rots traipu t\u012br\u012b\u0161anai tav\u0101s ikdienas gaid\u0101s. Traips uz biks\u0113m, net\u012brs telefons vai spogulis, Cleanosil &amp; go! tev pal\u012bdz\u0113s tikt ar to gal\u0101! To var izmantot visu veidu materi\u0101liem - auduma, stikla, u.t.t.<\/p>\n<p><strong>Lieto\u0161ana:<\/strong> Izsmidziniet l\u012bdzekli Cleanosil &amp; go! uz traipa no not\u012briet to ar lupati\u0146u\/salveti. Vienm\u0113r pirms lieto\u0161anas p\u0101rliecinieties, ka produkts neboj\u0101 virsmu, apstr\u0101d\u0101jot nelielu t\u0101s laukumu.<\/p>\n<p><strong>Uzglab\u0101\u0161ana:<\/strong> Uzglab\u0101jiet ori\u0123in\u0101laj\u0101 iepakojum\u0101.<\/p>\n<p><strong>Iepakojuma saturs: 2x mikro\u0161\u0137iedras lupati\u0146as &amp; 2x 10 mL pudeles ar Cleanosil &amp; GO!<\/strong><\/p>\n<p><strong>Lai sa\u0146emtu produkta dro\u0161\u012bbas datu lapu (DDL) vai jebk\u0101du papildu inform\u0101ciju, l\u016bdzu, sazinieties ar mums pa e-pastu <a href=\"mailto:toms@sprayify.me\">toms@sprayify.me<\/a> vai pa t\u0101lruni <a href=\"tel:+37126460940\">+371 26 460\u00a0940<\/a>.<\/strong><\/p>","protected":false},"excerpt":{"rendered":"<p>\u0100trs risin\u0101jums ikdienas negad\u012bjumiem. Atvadies no nejau\u0161iem traipiem ar Cleanosil &amp; GO! - Tavu kabatas izm\u0113ra risin\u0101jumu traipiem un net\u012brumiem.<\/p>","protected":false},"featured_media":1000,"comment_status":"open","ping_status":"closed","template":"","meta":{"om_disable_all_campaigns":false},"product_brand":[],"product_cat":[29],"product_tag":[],"class_list":{"0":"post-954","1":"product","2":"type-product","3":"status-publish","4":"has-post-thumbnail","6":"product_cat-cleaners","8":"first","9":"instock","10":"sale","11":"taxable","12":"shipping-taxable","13":"purchasable","14":"product-type-simple"},"yoast_head":"<!-- This site is optimized with the Yoast SEO plugin v26.2 - https:\/\/yoast.com\/wordpress\/plugins\/seo\/ -->\n<title>Cleanosil &amp; GO! Universal Stain Remover - Sprayify<\/title>\n<meta name=\"robots\" content=\"index, follow, max-snippet:-1, max-image-preview:large, max-video-preview:-1\" \/>\n<link rel=\"canonical\" href=\"https:\/\/sprayify.me\/lv\/products\/cleanosil-go-stain-remover\/\" \/>\n<meta property=\"og:locale\" content=\"lv_LV\" \/>\n<meta property=\"og:type\" content=\"article\" \/>\n<meta property=\"og:title\" content=\"Cleanosil &amp; GO! Universal Stain Remover - Sprayify\" \/>\n<meta property=\"og:description\" content=\"A quick fix for your everyday mishaps. Say bye to accidental stains for good with Cleanosil &amp; GO! - your pocket-sized solution to stains and grime!\" \/>\n<meta property=\"og:url\" content=\"https:\/\/sprayify.me\/lv\/products\/cleanosil-go-stain-remover\/\" \/>\n<meta property=\"og:site_name\" content=\"Sprayify\" \/>\n<meta property=\"article:publisher\" content=\"https:\/\/www.facebook.com\/Sprayify.me\" \/>\n<meta property=\"article:modified_time\" content=\"2025-11-23T13:24:21+00:00\" \/>\n<meta property=\"og:image\" content=\"https:\/\/sprayify.me\/wp-content\/uploads\/2023\/09\/2-1.png\" \/>\n\t<meta property=\"og:image:width\" content=\"1080\" \/>\n\t<meta property=\"og:image:height\" content=\"1080\" \/>\n\t<meta property=\"og:image:type\" content=\"image\/png\" \/>\n<meta name=\"twitter:card\" content=\"summary_large_image\" \/>\n<meta name=\"twitter:label1\" content=\"Est. reading time\" \/>\n\t<meta name=\"twitter:data1\" content=\"1 min\u016bte\" \/>\n<script type=\"application\/ld+json\" class=\"yoast-schema-graph\">{\"@context\":\"https:\/\/schema.org\",\"@graph\":[{\"@type\":\"WebPage\",\"@id\":\"https:\/\/sprayify.me\/product\/cleanosil-go-stain-remover\/\",\"url\":\"https:\/\/sprayify.me\/product\/cleanosil-go-stain-remover\/\",\"name\":\"Cleanosil & GO! Universal Stain Remover - Sprayify\",\"isPartOf\":{\"@id\":\"https:\/\/sprayify.me\/en\/#website\"},\"primaryImageOfPage\":{\"@id\":\"https:\/\/sprayify.me\/product\/cleanosil-go-stain-remover\/#primaryimage\"},\"image\":{\"@id\":\"https:\/\/sprayify.me\/product\/cleanosil-go-stain-remover\/#primaryimage\"},\"thumbnailUrl\":\"https:\/\/sprayify.me\/wp-content\/uploads\/2023\/09\/2-1.png\",\"datePublished\":\"2024-03-12T13:39:15+00:00\",\"dateModified\":\"2025-11-23T13:24:21+00:00\",\"breadcrumb\":{\"@id\":\"https:\/\/sprayify.me\/product\/cleanosil-go-stain-remover\/#breadcrumb\"},\"inLanguage\":\"lv-LV\",\"potentialAction\":[{\"@type\":\"ReadAction\",\"target\":[\"https:\/\/sprayify.me\/product\/cleanosil-go-stain-remover\/\"]}]},{\"@type\":\"ImageObject\",\"inLanguage\":\"lv-LV\",\"@id\":\"https:\/\/sprayify.me\/product\/cleanosil-go-stain-remover\/#primaryimage\",\"url\":\"https:\/\/sprayify.me\/wp-content\/uploads\/2023\/09\/2-1.png\",\"contentUrl\":\"https:\/\/sprayify.me\/wp-content\/uploads\/2023\/09\/2-1.png\",\"width\":1080,\"height\":1080,\"caption\":\"Cleanosil&GO! universal stain remover\"},{\"@type\":\"BreadcrumbList\",\"@id\":\"https:\/\/sprayify.me\/product\/cleanosil-go-stain-remover\/#breadcrumb\",\"itemListElement\":[{\"@type\":\"ListItem\",\"position\":1,\"name\":\"Home\",\"item\":\"https:\/\/sprayify.me\/en\/\"},{\"@type\":\"ListItem\",\"position\":2,\"name\":\"Shop\",\"item\":\"https:\/\/sprayify.me\/en\/shop-2\/\"},{\"@type\":\"ListItem\",\"position\":3,\"name\":\"Cleanosil &#038; GO! Universal Stain Remover\"}]},{\"@type\":\"WebSite\",\"@id\":\"https:\/\/sprayify.me\/en\/#website\",\"url\":\"https:\/\/sprayify.me\/en\/\",\"name\":\"Sprayify\",\"description\":\"Antimicrobial Coatings\",\"publisher\":{\"@id\":\"https:\/\/sprayify.me\/en\/#organization\"},\"potentialAction\":[{\"@type\":\"SearchAction\",\"target\":{\"@type\":\"EntryPoint\",\"urlTemplate\":\"https:\/\/sprayify.me\/en\/?s={search_term_string}\"},\"query-input\":{\"@type\":\"PropertyValueSpecification\",\"valueRequired\":true,\"valueName\":\"search_term_string\"}}],\"inLanguage\":\"lv-LV\"},{\"@type\":\"Organization\",\"@id\":\"https:\/\/sprayify.me\/en\/#organization\",\"name\":\"Sprayify SIA\",\"url\":\"https:\/\/sprayify.me\/en\/\",\"logo\":{\"@type\":\"ImageObject\",\"inLanguage\":\"lv-LV\",\"@id\":\"https:\/\/sprayify.me\/en\/#\/schema\/logo\/image\/\",\"url\":\"https:\/\/sprayify.me\/wp-content\/uploads\/2022\/11\/cropped-cropped-Sprayify-Logo-Dark.png\",\"contentUrl\":\"https:\/\/sprayify.me\/wp-content\/uploads\/2022\/11\/cropped-cropped-Sprayify-Logo-Dark.png\",\"width\":722,\"height\":390,\"caption\":\"Sprayify SIA\"},\"image\":{\"@id\":\"https:\/\/sprayify.me\/en\/#\/schema\/logo\/image\/\"},\"sameAs\":[\"https:\/\/www.facebook.com\/Sprayify.me\",\"https:\/\/www.instagram.com\/sprayify_me\/\",\"https:\/\/www.linkedin.com\/company\/sprayify\/\",\"https:\/\/www.tiktok.com\/@sprayify_me\"]}]}<\/script>\n<!-- \/ Yoast SEO plugin. -->","yoast_head_json":{"title":"Cleanosil & GO! Universal Stain Remover - Sprayify","robots":{"index":"index","follow":"follow","max-snippet":"max-snippet:-1","max-image-preview":"max-image-preview:large","max-video-preview":"max-video-preview:-1"},"canonical":"https:\/\/sprayify.me\/lv\/products\/cleanosil-go-stain-remover\/","og_locale":"lv_LV","og_type":"article","og_title":"Cleanosil & GO! Universal Stain Remover - Sprayify","og_description":"A quick fix for your everyday mishaps. Say bye to accidental stains for good with Cleanosil &amp; GO! - your pocket-sized solution to stains and grime!","og_url":"https:\/\/sprayify.me\/lv\/products\/cleanosil-go-stain-remover\/","og_site_name":"Sprayify","article_publisher":"https:\/\/www.facebook.com\/Sprayify.me","article_modified_time":"2025-11-23T13:24:21+00:00","og_image":[{"width":1080,"height":1080,"url":"https:\/\/sprayify.me\/wp-content\/uploads\/2023\/09\/2-1.png","type":"image\/png"}],"twitter_card":"summary_large_image","twitter_misc":{"Est. reading time":"1 min\u016bte"},"schema":{"@context":"https:\/\/schema.org","@graph":[{"@type":"WebPage","@id":"https:\/\/sprayify.me\/product\/cleanosil-go-stain-remover\/","url":"https:\/\/sprayify.me\/product\/cleanosil-go-stain-remover\/","name":"Cleanosil & GO! Universal Stain Remover - Sprayify","isPartOf":{"@id":"https:\/\/sprayify.me\/en\/#website"},"primaryImageOfPage":{"@id":"https:\/\/sprayify.me\/product\/cleanosil-go-stain-remover\/#primaryimage"},"image":{"@id":"https:\/\/sprayify.me\/product\/cleanosil-go-stain-remover\/#primaryimage"},"thumbnailUrl":"https:\/\/sprayify.me\/wp-content\/uploads\/2023\/09\/2-1.png","datePublished":"2024-03-12T13:39:15+00:00","dateModified":"2025-11-23T13:24:21+00:00","breadcrumb":{"@id":"https:\/\/sprayify.me\/product\/cleanosil-go-stain-remover\/#breadcrumb"},"inLanguage":"lv-LV","potentialAction":[{"@type":"ReadAction","target":["https:\/\/sprayify.me\/product\/cleanosil-go-stain-remover\/"]}]},{"@type":"ImageObject","inLanguage":"lv-LV","@id":"https:\/\/sprayify.me\/product\/cleanosil-go-stain-remover\/#primaryimage","url":"https:\/\/sprayify.me\/wp-content\/uploads\/2023\/09\/2-1.png","contentUrl":"https:\/\/sprayify.me\/wp-content\/uploads\/2023\/09\/2-1.png","width":1080,"height":1080,"caption":"Cleanosil&GO! universal stain remover"},{"@type":"BreadcrumbList","@id":"https:\/\/sprayify.me\/product\/cleanosil-go-stain-remover\/#breadcrumb","itemListElement":[{"@type":"ListItem","position":1,"name":"Home","item":"https:\/\/sprayify.me\/en\/"},{"@type":"ListItem","position":2,"name":"Shop","item":"https:\/\/sprayify.me\/en\/shop-2\/"},{"@type":"ListItem","position":3,"name":"Cleanosil &#038; GO! Universal Stain Remover"}]},{"@type":"WebSite","@id":"https:\/\/sprayify.me\/en\/#website","url":"https:\/\/sprayify.me\/en\/","name":"Sprayify","description":"Antimicrobial Coatings","publisher":{"@id":"https:\/\/sprayify.me\/en\/#organization"},"potentialAction":[{"@type":"SearchAction","target":{"@type":"EntryPoint","urlTemplate":"https:\/\/sprayify.me\/en\/?s={search_term_string}"},"query-input":{"@type":"PropertyValueSpecification","valueRequired":true,"valueName":"search_term_string"}}],"inLanguage":"lv-LV"},{"@type":"Organization","@id":"https:\/\/sprayify.me\/en\/#organization","name":"Sprayify SIA","url":"https:\/\/sprayify.me\/en\/","logo":{"@type":"ImageObject","inLanguage":"lv-LV","@id":"https:\/\/sprayify.me\/en\/#\/schema\/logo\/image\/","url":"https:\/\/sprayify.me\/wp-content\/uploads\/2022\/11\/cropped-cropped-Sprayify-Logo-Dark.png","contentUrl":"https:\/\/sprayify.me\/wp-content\/uploads\/2022\/11\/cropped-cropped-Sprayify-Logo-Dark.png","width":722,"height":390,"caption":"Sprayify SIA"},"image":{"@id":"https:\/\/sprayify.me\/en\/#\/schema\/logo\/image\/"},"sameAs":["https:\/\/www.facebook.com\/Sprayify.me","https:\/\/www.instagram.com\/sprayify_me\/","https:\/\/www.linkedin.com\/company\/sprayify\/","https:\/\/www.tiktok.com\/@sprayify_me"]}]}},"jetpack_sharing_enabled":true,"_links":{"self":[{"href":"https:\/\/sprayify.me\/lv\/wp-json\/wp\/v2\/product\/954","targetHints":{"allow":["GET"]}}],"collection":[{"href":"https:\/\/sprayify.me\/lv\/wp-json\/wp\/v2\/product"}],"about":[{"href":"https:\/\/sprayify.me\/lv\/wp-json\/wp\/v2\/types\/product"}],"replies":[{"embeddable":true,"href":"https:\/\/sprayify.me\/lv\/wp-json\/wp\/v2\/comments?post=954"}],"wp:featuredmedia":[{"embeddable":true,"href":"https:\/\/sprayify.me\/lv\/wp-json\/wp\/v2\/media\/1000"}],"wp:attachment":[{"href":"https:\/\/sprayify.me\/lv\/wp-json\/wp\/v2\/media?parent=954"}],"wp:term":[{"taxonomy":"product_brand","embeddable":true,"href":"https:\/\/sprayify.me\/lv\/wp-json\/wp\/v2\/product_brand?post=954"},{"taxonomy":"product_cat","embeddable":true,"href":"https:\/\/sprayify.me\/lv\/wp-json\/wp\/v2\/product_cat?post=954"},{"taxonomy":"product_tag","embeddable":true,"href":"https:\/\/sprayify.me\/lv\/wp-json\/wp\/v2\/product_tag?post=954"}],"curies":[{"name":"wp","href":"https:\/\/api.w.org\/{rel}","templated":true}]}}